{"id":25920,"date":"2025-09-01T08:31:32","date_gmt":"2025-09-01T08:31:32","guid":{"rendered":"https:\/\/www.maag-polska.pl\/obrzeza-meblowe\/d31-1-hiteak\/"},"modified":"2025-09-01T09:11:13","modified_gmt":"2025-09-01T09:11:13","slug":"d31-1-hiteak","status":"publish","type":"product","link":"https:\/\/www.maag-polska.pl\/ro\/obrzeza-meblowe\/d31-1-hiteak\/","title":{"rendered":"Margini Mobilier D31\/1 HITEAK"},"content":{"rendered":"<div>\n<p>Banda de margine din PVC HITEAK D31\/1 ofer\u0103 performan\u021be proiectate cu precizie cu compozi\u021bia sa de PVC pur 100%. Materialul prezint\u0103 polimeri avansa\u021bi rezisten\u021bi la UV \u0219i men\u021bine stabilitatea dimensional\u0103 la temperaturi de p\u00e2n\u0103 la 80\u00b0C. Parametrii tehnici ai acestui material pentru prelucrarea lemnului includ o rezisten\u021b\u0103 la trac\u021biune de 28 MPa \u0219i o alungire la rupere >150%, asigur\u00e2nd o durabilitate excep\u021bional\u0103 \u00een aplica\u021biile de mobilier. Procesul de fabrica\u021bie cu 3 straturi creeaz\u0103 o structur\u0103 omogen\u0103 care previne delaminarea.<\/p>\n<p>Ra\u021bionaliza\u021bi-v\u0103 costurile de produc\u021bie cu caracteristicile de procesare optimizate ale D31\/1 HITEAK. Aceast\u0103 band\u0103 de margine a mobilierului reduce risipa de material cu p\u00e2n\u0103 la 30% datorit\u0103 toleran\u021bei precise la t\u0103iere \u0219i propriet\u0103\u021bilor superioare de aderen\u021b\u0103. Formula sa stabil\u0103 la culoare elimin\u0103 necesitatea \u00eenlocuirilor frecvente, \u00een timp ce caracteristicile de procesare rapid\u0103 permit cicluri de produc\u021bie mai rapide. Calitatea consecvent\u0103 a benzilor de margine se traduce prin mai pu\u021bine piese respinse \u0219i eficien\u021b\u0103 \u00eembun\u0103t\u0103\u021bit\u0103 \u00een produc\u021bia de mobilier.<\/p>\n<\/div>\n","protected":false},"excerpt":{"rendered":"<p>22&#215;0,6; 22&#215;1; 22&#215;2; 35&#215;1*; 42&#215;2<\/p>\n","protected":false},"featured_media":23969,"comment_status":"closed","ping_status":"open","template":"","meta":{"_acf_changed":false},"product_brand":[],"product_cat":[1209],"product_tag":[],"class_list":{"0":"post-25920","1":"product","2":"type-product","3":"status-publish","4":"has-post-thumbnail","6":"product_cat-margini-mobilier","8":"first","9":"instock","10":"product-type-simple"},"acf":[],"_links":{"self":[{"href":"https:\/\/www.maag-polska.pl\/ro\/wp-json\/wp\/v2\/product\/25920","targetHints":{"allow":["GET"]}}],"collection":[{"href":"https:\/\/www.maag-polska.pl\/ro\/wp-json\/wp\/v2\/product"}],"about":[{"href":"https:\/\/www.maag-polska.pl\/ro\/wp-json\/wp\/v2\/types\/product"}],"replies":[{"embeddable":true,"href":"https:\/\/www.maag-polska.pl\/ro\/wp-json\/wp\/v2\/comments?post=25920"}],"wp:featuredmedia":[{"embeddable":true,"href":"https:\/\/www.maag-polska.pl\/ro\/wp-json\/wp\/v2\/media\/23969"}],"wp:attachment":[{"href":"https:\/\/www.maag-polska.pl\/ro\/wp-json\/wp\/v2\/media?parent=25920"}],"wp:term":[{"taxonomy":"product_brand","embeddable":true,"href":"https:\/\/www.maag-polska.pl\/ro\/wp-json\/wp\/v2\/product_brand?post=25920"},{"taxonomy":"product_cat","embeddable":true,"href":"https:\/\/www.maag-polska.pl\/ro\/wp-json\/wp\/v2\/product_cat?post=25920"},{"taxonomy":"product_tag","embeddable":true,"href":"https:\/\/www.maag-polska.pl\/ro\/wp-json\/wp\/v2\/product_tag?post=25920"}],"curies":[{"name":"wp","href":"https:\/\/api.w.org\/{rel}","templated":true}]}}