{"id":25914,"date":"2025-09-01T08:31:32","date_gmt":"2025-09-01T08:31:32","guid":{"rendered":"https:\/\/www.maag-polska.pl\/obrzeza-meblowe\/d30-2-venetto-elm\/"},"modified":"2025-09-01T09:11:10","modified_gmt":"2025-09-01T09:11:10","slug":"d30-2-venetto-elm","status":"publish","type":"product","link":"https:\/\/www.maag-polska.pl\/ro\/obrzeza-meblowe\/d30-2-venetto-elm\/","title":{"rendered":"Margini Mobilier D30\/2 VENETTO ELM"},"content":{"rendered":"<div>\n<p>Bordurile profesionale din PVC cu finisaj WI\u0104Z VENETO ofer\u0103 o rezisten\u021b\u0103 excep\u021bional\u0103 \u00eempotriva uzurii zilnice. Acest material din PVC pur pentru prelucrarea lemnului \u00ee\u0219i men\u021bine integritatea structural\u0103 chiar \u0219i \u00een cazul utiliz\u0103rii intense, oferind rezisten\u021b\u0103 \u00eembun\u0103t\u0103\u021bit\u0103 la UV pentru a preveni decolorarea culorii. Compozi\u021bia robust\u0103 a benzilor de margine rezist\u0103 la impacturi, umiditate \u0219i varia\u021bii de temperatur\u0103, p\u0103str\u00e2nd \u00een acela\u0219i timp aspectul autentic de ulm vene\u021bian.<\/p>\n<p>Eficientiza\u021bi-v\u0103 produc\u021bia de mobilier cu aceast\u0103 band\u0103 de margine fabricat\u0103 cu precizie care ader\u0103 f\u0103r\u0103 probleme de marginile pl\u0103cilor. Grosimea optimizat\u0103 asigur\u0103 t\u0103ieturi curate cu risip\u0103 minim\u0103, \u00een timp ce structura consistent\u0103 a materialului permite activarea rapid\u0103 a c\u0103ldurii. Potrivirea perfect\u0103 a culorilor cu suprafe\u021bele Kronospan 5117 PS elimin\u0103 nevoia de retu\u0219uri, economisind timp valoros \u00een atelier \u00een timpul finis\u0103rii marginilor mobilierului.<\/p>\n<\/div>\n","protected":false},"excerpt":{"rendered":"<p>22&#215;0,6; 22&#215;0,8; 22&#215;1; 22&#215;2; 32&#215;2*; 35&#215;1*; 42&#215;0,8; 42&#215;2<\/p>\n","protected":false},"featured_media":22570,"comment_status":"closed","ping_status":"open","template":"","meta":{"_acf_changed":false},"product_brand":[],"product_cat":[1209],"product_tag":[],"class_list":{"0":"post-25914","1":"product","2":"type-product","3":"status-publish","4":"has-post-thumbnail","6":"product_cat-margini-mobilier","8":"first","9":"instock","10":"product-type-simple"},"acf":[],"_links":{"self":[{"href":"https:\/\/www.maag-polska.pl\/ro\/wp-json\/wp\/v2\/product\/25914","targetHints":{"allow":["GET"]}}],"collection":[{"href":"https:\/\/www.maag-polska.pl\/ro\/wp-json\/wp\/v2\/product"}],"about":[{"href":"https:\/\/www.maag-polska.pl\/ro\/wp-json\/wp\/v2\/types\/product"}],"replies":[{"embeddable":true,"href":"https:\/\/www.maag-polska.pl\/ro\/wp-json\/wp\/v2\/comments?post=25914"}],"wp:featuredmedia":[{"embeddable":true,"href":"https:\/\/www.maag-polska.pl\/ro\/wp-json\/wp\/v2\/media\/22570"}],"wp:attachment":[{"href":"https:\/\/www.maag-polska.pl\/ro\/wp-json\/wp\/v2\/media?parent=25914"}],"wp:term":[{"taxonomy":"product_brand","embeddable":true,"href":"https:\/\/www.maag-polska.pl\/ro\/wp-json\/wp\/v2\/product_brand?post=25914"},{"taxonomy":"product_cat","embeddable":true,"href":"https:\/\/www.maag-polska.pl\/ro\/wp-json\/wp\/v2\/product_cat?post=25914"},{"taxonomy":"product_tag","embeddable":true,"href":"https:\/\/www.maag-polska.pl\/ro\/wp-json\/wp\/v2\/product_tag?post=25914"}],"curies":[{"name":"wp","href":"https:\/\/api.w.org\/{rel}","templated":true}]}}