{"id":25908,"date":"2025-09-01T08:31:12","date_gmt":"2025-09-01T08:31:12","guid":{"rendered":"https:\/\/www.maag-polska.pl\/obrzeza-meblowe\/d3-12-sand-artisan-beech\/"},"modified":"2025-09-01T09:11:02","modified_gmt":"2025-09-01T09:11:02","slug":"d3-12-sand-artisan-beech","status":"publish","type":"product","link":"https:\/\/www.maag-polska.pl\/ro\/obrzeza-meblowe\/d3-12-sand-artisan-beech\/","title":{"rendered":"Margini Mobilier D3\/12 SAND ARTISAN BEECH"},"content":{"rendered":"<div>\n<p>Band\u0103 de margine din PVC de \u00eenalt\u0103 performan\u021b\u0103 proiectat\u0103 pentru a se potrivi cu D3\/12 BUK ARTISAN PIASKOWY, cu stabilizare molecular\u0103 avansat\u0103 pentru rezisten\u021b\u0103 superioar\u0103 la UV. Aceast\u0103 compozi\u021bie din PVC pur ofer\u0103 o potrivire precis\u0103 a culorilor cu variantele Pfleiderer R24030 ML \u0219i BUK SCANDIC, men\u021bin\u00e2nd stabilitatea dimensional\u0103 p\u00e2n\u0103 la 98\u00b0C. Structura specializat\u0103 a suprafe\u021bei asigur\u0103 parametrii optimi de aderen\u021b\u0103 (>3,5 N\/mm\u00b2), facilit\u00e2nd \u00een acela\u0219i timp t\u0103ierea curat\u0103 \u0219i precis\u0103 \u00een timpul prelucr\u0103rii CNC.<\/p>\n<p>Eficientiza\u021bi-v\u0103 produc\u021bia de mobil\u0103 cu acest material rentabil pentru prelucrarea lemnului, care reduce risipa de material cu p\u00e2n\u0103 la 30% \u00een compara\u021bie cu benzile standard. Marginea mobilierului men\u021bine propriet\u0103\u021bi de culoare consistente pe tot parcursul ciclului s\u0103u de via\u021b\u0103, elimin\u00e2nd necesitatea \u00eenlocuirilor frecvente. Perfect pentru fabricarea \u00een volum mare a mobilierului de birou \u0219i a instala\u021biilor comerciale \u00een care durabilitatea \u00eendepline\u0219te cerin\u021bele estetice. Profilul de grosime optimizat asigur\u0103 utilizarea maxim\u0103 a materialului, oferind \u00een acela\u0219i timp rezultate de finisare de calitate profesional\u0103.<\/p>\n<\/div>\n","protected":false},"excerpt":{"rendered":"<p>22&#215;0,6; 32&#215;2*<\/p>\n","protected":false},"featured_media":22554,"comment_status":"closed","ping_status":"open","template":"","meta":{"_acf_changed":false},"product_brand":[],"product_cat":[1209],"product_tag":[],"class_list":{"0":"post-25908","1":"product","2":"type-product","3":"status-publish","4":"has-post-thumbnail","6":"product_cat-margini-mobilier","8":"first","9":"instock","10":"product-type-simple"},"acf":[],"_links":{"self":[{"href":"https:\/\/www.maag-polska.pl\/ro\/wp-json\/wp\/v2\/product\/25908","targetHints":{"allow":["GET"]}}],"collection":[{"href":"https:\/\/www.maag-polska.pl\/ro\/wp-json\/wp\/v2\/product"}],"about":[{"href":"https:\/\/www.maag-polska.pl\/ro\/wp-json\/wp\/v2\/types\/product"}],"replies":[{"embeddable":true,"href":"https:\/\/www.maag-polska.pl\/ro\/wp-json\/wp\/v2\/comments?post=25908"}],"wp:featuredmedia":[{"embeddable":true,"href":"https:\/\/www.maag-polska.pl\/ro\/wp-json\/wp\/v2\/media\/22554"}],"wp:attachment":[{"href":"https:\/\/www.maag-polska.pl\/ro\/wp-json\/wp\/v2\/media?parent=25908"}],"wp:term":[{"taxonomy":"product_brand","embeddable":true,"href":"https:\/\/www.maag-polska.pl\/ro\/wp-json\/wp\/v2\/product_brand?post=25908"},{"taxonomy":"product_cat","embeddable":true,"href":"https:\/\/www.maag-polska.pl\/ro\/wp-json\/wp\/v2\/product_cat?post=25908"},{"taxonomy":"product_tag","embeddable":true,"href":"https:\/\/www.maag-polska.pl\/ro\/wp-json\/wp\/v2\/product_tag?post=25908"}],"curies":[{"name":"wp","href":"https:\/\/api.w.org\/{rel}","templated":true}]}}