{"id":25905,"date":"2025-09-01T08:31:12","date_gmt":"2025-09-01T08:31:12","guid":{"rendered":"https:\/\/www.maag-polska.pl\/obrzeza-meblowe\/d3-1-beech\/"},"modified":"2025-09-01T09:11:00","modified_gmt":"2025-09-01T09:11:00","slug":"d3-1-beech","status":"publish","type":"product","link":"https:\/\/www.maag-polska.pl\/ro\/obrzeza-meblowe\/d3-1-beech\/","title":{"rendered":"Margini Mobilier D3\/1 BEECH"},"content":{"rendered":"<div>\n<p>Banda de margine din PVC D3\/1 BUK, realizat\u0103 meticulos, capteaz\u0103 c\u0103ldura autentic\u0103 a lemnului de fag, oferind o tranzi\u021bie perfect\u0103 \u00eentre suprafa\u021b\u0103 \u0219i margine. Compozi\u021bia din PVC pur asigur\u0103 o stabilitate excep\u021bional\u0103 a culorii, men\u021bin\u00e2ndu-\u0219i aspectul natural chiar \u0219i \u00een cazul expunerii prelungite la lumina soarelui, datorit\u0103 propriet\u0103\u021bilor avansate rezistente la UV. Fiecare rol\u0103 ofer\u0103 o textura consistent\u0103 asem\u0103n\u0103toare lemnului, care completeaz\u0103 perfect designurile moderne de mobilier, oferind \u00een acela\u0219i timp un finisaj sofisticat, care nu se poate distinge de marginile furnirului natural.<\/p>\n<p>Acest material versatil pentru prelucrarea lemnului exceleaz\u0103 at\u00e2t \u00een procesele manuale, c\u00e2t \u0219i \u00een cele automate, adapt\u00e2ndu-se f\u0103r\u0103 efort la diferitele cerin\u021be de fabricare a mobilierului. Ingineria precis\u0103 a benzilor de cant D3\/1 BUK permite t\u0103ieturi curate cu de\u0219euri minime, f\u0103c\u00e2ndu-l ideal pentru orice, de la marginile dulapurilor p\u00e2n\u0103 la unit\u0103\u021bi de rafturi. Structura sa rezistent\u0103 la impact asigur\u0103 durabilitate pe termen lung \u00een aplica\u021bii cu trafic ridicat, \u00een timp ce propriet\u0103\u021bile optimizate de aderen\u021b\u0103 garanteaz\u0103 o lipire sigur\u0103 pe diferite materiale de substrat. Perfect pentru lucr\u0103torii profesioni\u0219ti \u00een lemn care caut\u0103 performan\u021be de \u00eencredere \u00een proiectele lor de finisare a marginilor mobilierului.<\/p>\n<\/div>\n","protected":false},"excerpt":{"rendered":"<p>22&#215;0,6; 22&#215;1; 22&#215;2; 28&#215;2*; 32&#215;2*; 35&#215;1*; 42&#215;2<\/p>\n","protected":false},"featured_media":22545,"comment_status":"closed","ping_status":"open","template":"","meta":{"_acf_changed":false},"product_brand":[],"product_cat":[1209],"product_tag":[],"class_list":{"0":"post-25905","1":"product","2":"type-product","3":"status-publish","4":"has-post-thumbnail","6":"product_cat-margini-mobilier","8":"first","9":"instock","10":"product-type-simple"},"acf":[],"_links":{"self":[{"href":"https:\/\/www.maag-polska.pl\/ro\/wp-json\/wp\/v2\/product\/25905","targetHints":{"allow":["GET"]}}],"collection":[{"href":"https:\/\/www.maag-polska.pl\/ro\/wp-json\/wp\/v2\/product"}],"about":[{"href":"https:\/\/www.maag-polska.pl\/ro\/wp-json\/wp\/v2\/types\/product"}],"replies":[{"embeddable":true,"href":"https:\/\/www.maag-polska.pl\/ro\/wp-json\/wp\/v2\/comments?post=25905"}],"wp:featuredmedia":[{"embeddable":true,"href":"https:\/\/www.maag-polska.pl\/ro\/wp-json\/wp\/v2\/media\/22545"}],"wp:attachment":[{"href":"https:\/\/www.maag-polska.pl\/ro\/wp-json\/wp\/v2\/media?parent=25905"}],"wp:term":[{"taxonomy":"product_brand","embeddable":true,"href":"https:\/\/www.maag-polska.pl\/ro\/wp-json\/wp\/v2\/product_brand?post=25905"},{"taxonomy":"product_cat","embeddable":true,"href":"https:\/\/www.maag-polska.pl\/ro\/wp-json\/wp\/v2\/product_cat?post=25905"},{"taxonomy":"product_tag","embeddable":true,"href":"https:\/\/www.maag-polska.pl\/ro\/wp-json\/wp\/v2\/product_tag?post=25905"}],"curies":[{"name":"wp","href":"https:\/\/api.w.org\/{rel}","templated":true}]}}