{"id":25904,"date":"2025-09-01T08:31:12","date_gmt":"2025-09-01T08:31:12","guid":{"rendered":"https:\/\/www.maag-polska.pl\/obrzeza-meblowe\/d29-5-smoked-kala-ash\/"},"modified":"2025-09-01T09:10:59","modified_gmt":"2025-09-01T09:10:59","slug":"d29-5-smoked-kala-ash","status":"publish","type":"product","link":"https:\/\/www.maag-polska.pl\/ro\/obrzeza-meblowe\/d29-5-smoked-kala-ash\/","title":{"rendered":"Margini Mobilier D29\/5 SMOKED KALA ASH"},"content":{"rendered":"<div>\n<p>Banda de margine din PVC proiectat\u0103 cu precizie D29\/5 JESION KALA DYMIONY ofer\u0103 performan\u021be tehnice excep\u021bionale cu formula sa avansat\u0103 rezistent\u0103 la UV. Grosimea de 2 mm asigur\u0103 o rezisten\u021b\u0103 optim\u0103 la impact, men\u021bin\u00e2nd \u00een acela\u0219i timp potrivirea precis\u0103 a culorilor cu suprafe\u021bele Kronospan K548 PW. Aceast\u0103 compozi\u021bie de PVC pur atinge un rating verificat de stabilitate a culorii de 98,7% \u00een urma testelor de \u00eemb\u0103tr\u00e2nire accelerat\u0103, f\u0103c\u00e2nd-o ideal\u0103 pentru aplica\u021bii cu materiale de prelucrare a lemnului la cerere mare. Structura de suprafa\u021b\u0103 specializat\u0103 a benzilor de cant permite t\u0103ieturi curate \u0219i precise cu pierderi minime \u00een timpul proces\u0103rii CNC.<\/p>\n<p>Eficientiza\u021bi-v\u0103 produc\u021bia de mobilier cu aceast\u0103 solu\u021bie rentabil\u0103 de borduri JESION KALA DYMIONY care reduce risipa de material cu p\u00e2n\u0103 la 23% \u00een compara\u021bie cu alternativele standard. Propriet\u0103\u021bile optimizate de aderen\u021b\u0103 reduc timpul de procesare, asigur\u00e2nd \u00een acela\u0219i timp durabilitatea pe termen lung at\u00e2t \u00een aplica\u021bii reziden\u021biale, c\u00e2t \u0219i \u00een cele comerciale. Perfect\u0103 pentru produc\u021bia modern\u0103 de dulapuri, aceast\u0103 band\u0103 de margine din PVC \u00ee\u0219i men\u021bine aspectul de cenu\u0219\u0103 fumurie chiar \u0219i \u00een cazul utiliz\u0103rii zilnice intense, protej\u00e2ndu-v\u0103 investi\u021bia prin costuri reduse de \u00eentre\u021binere \u0219i \u00eenlocuire. Metoda sa versatil\u0103 de aplicare func\u021bioneaz\u0103 perfect cu toate ma\u0219inile standard de bandare a marginilor, maximiz\u00e2nd eficien\u021ba echipamentului existent.<\/p>\n<\/div>\n","protected":false},"excerpt":{"rendered":"<p>22&#215;0,6; 22&#215;0,8; 22&#215;2; 35&#215;1*; 42&#215;2<\/p>\n","protected":false},"featured_media":22542,"comment_status":"closed","ping_status":"open","template":"","meta":{"_acf_changed":false},"product_brand":[],"product_cat":[1209],"product_tag":[],"class_list":{"0":"post-25904","1":"product","2":"type-product","3":"status-publish","4":"has-post-thumbnail","6":"product_cat-margini-mobilier","8":"first","9":"instock","10":"product-type-simple"},"acf":[],"_links":{"self":[{"href":"https:\/\/www.maag-polska.pl\/ro\/wp-json\/wp\/v2\/product\/25904","targetHints":{"allow":["GET"]}}],"collection":[{"href":"https:\/\/www.maag-polska.pl\/ro\/wp-json\/wp\/v2\/product"}],"about":[{"href":"https:\/\/www.maag-polska.pl\/ro\/wp-json\/wp\/v2\/types\/product"}],"replies":[{"embeddable":true,"href":"https:\/\/www.maag-polska.pl\/ro\/wp-json\/wp\/v2\/comments?post=25904"}],"wp:featuredmedia":[{"embeddable":true,"href":"https:\/\/www.maag-polska.pl\/ro\/wp-json\/wp\/v2\/media\/22542"}],"wp:attachment":[{"href":"https:\/\/www.maag-polska.pl\/ro\/wp-json\/wp\/v2\/media?parent=25904"}],"wp:term":[{"taxonomy":"product_brand","embeddable":true,"href":"https:\/\/www.maag-polska.pl\/ro\/wp-json\/wp\/v2\/product_brand?post=25904"},{"taxonomy":"product_cat","embeddable":true,"href":"https:\/\/www.maag-polska.pl\/ro\/wp-json\/wp\/v2\/product_cat?post=25904"},{"taxonomy":"product_tag","embeddable":true,"href":"https:\/\/www.maag-polska.pl\/ro\/wp-json\/wp\/v2\/product_tag?post=25904"}],"curies":[{"name":"wp","href":"https:\/\/api.w.org\/{rel}","templated":true}]}}