{"id":25897,"date":"2025-09-01T08:31:12","date_gmt":"2025-09-01T08:31:12","guid":{"rendered":"https:\/\/www.maag-polska.pl\/obrzeza-meblowe\/d26-2-cinnamon-acacia\/"},"modified":"2025-09-01T09:10:55","modified_gmt":"2025-09-01T09:10:55","slug":"d26-2-cinnamon-acacia","status":"publish","type":"product","link":"https:\/\/www.maag-polska.pl\/ro\/obrzeza-meblowe\/d26-2-cinnamon-acacia\/","title":{"rendered":"Margini Mobilier D26\/2 CINNAMON ACACIA"},"content":{"rendered":"<div>\n<p>Borduri din PVC de salc\u00e2m \u00een tonuri calde de scor\u021bi\u0219oar\u0103 care capteaz\u0103 farmecul autentic al fibrei lemnului natural, oferind un amestec perfect de nuan\u021be auriu-maro cu varia\u021bii subtile. Aceast\u0103 band\u0103 de margine creeaz\u0103 o tranzi\u021bie vizual\u0103 armonioas\u0103 de-a lungul marginilor mobilierului, prezent\u00e2nd o textura de suprafa\u021b\u0103 atent calibrat\u0103, care oglinde\u0219te modelele autentice din lemn de salc\u00e2m.<\/p>\n<p>Proiectat pentru aplica\u021bii versatile de prelucrare a lemnului, aceast\u0103 band\u0103 de margine din PVC pur exceleaz\u0103 at\u00e2t \u00een proiecte de mobilier reziden\u021bial, c\u00e2t \u0219i comercial. Compozi\u021bia rezistent\u0103 la UV a materialului men\u021bine stabilitatea culorii chiar \u0219i \u00een cazul expunerii prelungite, \u00een timp ce grosimea sa optimizat\u0103 asigur\u0103 t\u0103ieturi curate cu pierderi minime \u00een timpul proces\u0103rii. Perfect pentru marginile dulapurilor de buc\u0103t\u0103rie, mobilierului de birou \u0219i vitrinelor de v\u00e2nzare cu am\u0103nuntul, unde durabilitatea \u00eendepline\u0219te cerin\u021bele de design.<\/p>\n<\/div>\n","protected":false},"excerpt":{"rendered":"<p>22&#215;0,6; 22&#215;1; 22&#215;2; 32&#215;2*; 35&#215;1*; 42&#215;2<\/p>\n","protected":false},"featured_media":23584,"comment_status":"closed","ping_status":"open","template":"","meta":{"_acf_changed":false},"product_brand":[],"product_cat":[1209],"product_tag":[],"class_list":{"0":"post-25897","1":"product","2":"type-product","3":"status-publish","4":"has-post-thumbnail","6":"product_cat-margini-mobilier","8":"first","9":"instock","10":"product-type-simple"},"acf":[],"_links":{"self":[{"href":"https:\/\/www.maag-polska.pl\/ro\/wp-json\/wp\/v2\/product\/25897","targetHints":{"allow":["GET"]}}],"collection":[{"href":"https:\/\/www.maag-polska.pl\/ro\/wp-json\/wp\/v2\/product"}],"about":[{"href":"https:\/\/www.maag-polska.pl\/ro\/wp-json\/wp\/v2\/types\/product"}],"replies":[{"embeddable":true,"href":"https:\/\/www.maag-polska.pl\/ro\/wp-json\/wp\/v2\/comments?post=25897"}],"wp:featuredmedia":[{"embeddable":true,"href":"https:\/\/www.maag-polska.pl\/ro\/wp-json\/wp\/v2\/media\/23584"}],"wp:attachment":[{"href":"https:\/\/www.maag-polska.pl\/ro\/wp-json\/wp\/v2\/media?parent=25897"}],"wp:term":[{"taxonomy":"product_brand","embeddable":true,"href":"https:\/\/www.maag-polska.pl\/ro\/wp-json\/wp\/v2\/product_brand?post=25897"},{"taxonomy":"product_cat","embeddable":true,"href":"https:\/\/www.maag-polska.pl\/ro\/wp-json\/wp\/v2\/product_cat?post=25897"},{"taxonomy":"product_tag","embeddable":true,"href":"https:\/\/www.maag-polska.pl\/ro\/wp-json\/wp\/v2\/product_tag?post=25897"}],"curies":[{"name":"wp","href":"https:\/\/api.w.org\/{rel}","templated":true}]}}