{"id":25896,"date":"2025-09-01T08:31:12","date_gmt":"2025-09-01T08:31:12","guid":{"rendered":"https:\/\/www.maag-polska.pl\/obrzeza-meblowe\/d26-1-acacia\/"},"modified":"2025-09-01T09:10:55","modified_gmt":"2025-09-01T09:10:55","slug":"d26-1-acacia","status":"publish","type":"product","link":"https:\/\/www.maag-polska.pl\/ro\/obrzeza-meblowe\/d26-1-acacia\/","title":{"rendered":"Margini Mobilier D26\/1 ACACIA"},"content":{"rendered":"<div>\n<p>Band\u0103 de margine din PVC de \u00eenalt\u0103 performan\u021b\u0103 conceput\u0103 pentru a se potrivi cu decorurile Pfleiderer R35013 ML \u0219i Woodeco PD7010 BRZOZA OJC\u00d3W. Fabricat cu compu\u0219i avansa\u021bi de stabilizare UV care asigur\u0103 o p\u0103strare excep\u021bional\u0103 a culorii \u0219i o integritate a suprafe\u021bei. Compozi\u021bia din PVC pur ofer\u0103 o toleran\u021b\u0103 la temperatura de procesare de 220\u00b0C \u0219i men\u021bine stabilitatea dimensional\u0103 \u00een condi\u021bii de mediu variate. Dispune de o grosime calibrat\u0103 cu precizie de 2 mm cu toleran\u021b\u0103 de \u00b1 0,02 mm pentru aderen\u021b\u0103 optim\u0103 \u0219i integrare perfect\u0103 cu materialele pl\u0103cilor.<\/p>\n<p>Eficientiza\u021bi-v\u0103 produc\u021bia de mobilier cu aceast\u0103 solu\u021bie rentabil\u0103 de bandare a marginilor care reduce risipa de material prin caracteristici precise de t\u0103iere. Structura specializat\u0103 a suprafe\u021bei asigur\u0103 viteze eficiente de procesare, men\u021bin\u00e2nd \u00een acela\u0219i timp o aderen\u021b\u0103 perfect\u0103, contribuind direct la reducerea costurilor cu for\u021ba de munc\u0103. Ideal pentru aplica\u021bii cu materiale de prelucrare a lemnului de volum mare, \u00een special \u00een produc\u021bia de mobilier comercial, unde durabilitatea \u00eendepline\u0219te cerin\u021bele estetice. Rezisten\u021ba sporit\u0103 la zg\u00e2rieturi se traduce \u00een mai pu\u021bine \u00eenlocuiri \u0219i cereri de garan\u021bie, optimiz\u00e2nd investi\u021bia pe termen lung.<\/p>\n<\/div>\n","protected":false},"excerpt":{"rendered":"<p>19&#215;2*; 22&#215;0,6; 22&#215;1; 22&#215;2; 28&#215;2*; 32&#215;2*; 35&#215;1*; 42&#215;2<\/p>\n","protected":false},"featured_media":23581,"comment_status":"closed","ping_status":"open","template":"","meta":{"_acf_changed":false},"product_brand":[],"product_cat":[1209],"product_tag":[],"class_list":{"0":"post-25896","1":"product","2":"type-product","3":"status-publish","4":"has-post-thumbnail","6":"product_cat-margini-mobilier","8":"first","9":"instock","10":"product-type-simple"},"acf":[],"_links":{"self":[{"href":"https:\/\/www.maag-polska.pl\/ro\/wp-json\/wp\/v2\/product\/25896","targetHints":{"allow":["GET"]}}],"collection":[{"href":"https:\/\/www.maag-polska.pl\/ro\/wp-json\/wp\/v2\/product"}],"about":[{"href":"https:\/\/www.maag-polska.pl\/ro\/wp-json\/wp\/v2\/types\/product"}],"replies":[{"embeddable":true,"href":"https:\/\/www.maag-polska.pl\/ro\/wp-json\/wp\/v2\/comments?post=25896"}],"wp:featuredmedia":[{"embeddable":true,"href":"https:\/\/www.maag-polska.pl\/ro\/wp-json\/wp\/v2\/media\/23581"}],"wp:attachment":[{"href":"https:\/\/www.maag-polska.pl\/ro\/wp-json\/wp\/v2\/media?parent=25896"}],"wp:term":[{"taxonomy":"product_brand","embeddable":true,"href":"https:\/\/www.maag-polska.pl\/ro\/wp-json\/wp\/v2\/product_brand?post=25896"},{"taxonomy":"product_cat","embeddable":true,"href":"https:\/\/www.maag-polska.pl\/ro\/wp-json\/wp\/v2\/product_cat?post=25896"},{"taxonomy":"product_tag","embeddable":true,"href":"https:\/\/www.maag-polska.pl\/ro\/wp-json\/wp\/v2\/product_tag?post=25896"}],"curies":[{"name":"wp","href":"https:\/\/api.w.org\/{rel}","templated":true}]}}