{"id":25893,"date":"2025-09-01T08:31:12","date_gmt":"2025-09-01T08:31:12","guid":{"rendered":"https:\/\/www.maag-polska.pl\/obrzeza-meblowe\/d25-1-chestnut\/"},"modified":"2025-09-01T09:10:53","modified_gmt":"2025-09-01T09:10:53","slug":"d25-1-chestnut","status":"publish","type":"product","link":"https:\/\/www.maag-polska.pl\/ro\/obrzeza-meblowe\/d25-1-chestnut\/","title":{"rendered":"Margini Mobilier D25\/1 CHESTNUT"},"content":{"rendered":"<div>\n<p>Borduri bogate din PVC \u00een tonuri de castan care capteaz\u0103 c\u0103ldura autentic\u0103 a fibrei lemnului natural, oferind un amestec perfect \u00eentre estetic\u0103 \u0219i func\u021bionalitate. D25\/1 KASZTAN ofer\u0103 o ad\u00e2ncime constant\u0103 a culorii \u0219i un finisaj mat sofisticat care \u00eembun\u0103t\u0103\u021be\u0219te designul modern de mobilier. Compozi\u021bia sa din PVC pur asigur\u0103 o textur\u0103 uniform\u0103 \u0219i o stabilitate excep\u021bional\u0103 a culorii, men\u021bin\u00e2ndu-\u0219i aspectul atr\u0103g\u0103tor chiar \u0219i \u00een cazul expunerii prelungite la lumina natural\u0103.<\/p>\n<p>Aceast\u0103 band\u0103 de margine versatil\u0103 exceleaz\u0103 at\u00e2t \u00een proiectele reziden\u021biale, c\u00e2t \u0219i \u00een cele comerciale de prelucrare a lemnului, oferind rezisten\u021b\u0103 fiabil\u0103 la UV \u0219i protec\u021bie la impact pentru marginile mobilierului. Grosimea optim\u0103 a materialului asigur\u0103 o prelucrare u\u0219oar\u0103 cu echipamente standard, rezult\u00e2nd de\u0219euri minime \u00een timpul aplic\u0103rii. Indiferent dac\u0103 se fabric\u0103 mobilier de birou, dulapuri de buc\u0103t\u0103rie sau vitrine de v\u00e2nzare cu am\u0103nuntul, aceast\u0103 band\u0103 de margine \u00ee\u0219i men\u021bine integritatea structural\u0103, oferind \u00een acela\u0219i timp rezultate de finisare de calitate profesional\u0103 pentru diverse materiale de mobilier.<\/p>\n<\/div>\n","protected":false},"excerpt":{"rendered":"<p>22&#215;0,6; 22&#215;1; 22&#215;2; 32&#215;2*; 35&#215;1*; 42&#215;2<\/p>\n","protected":false},"featured_media":23572,"comment_status":"closed","ping_status":"open","template":"","meta":{"_acf_changed":false},"product_brand":[],"product_cat":[1209],"product_tag":[],"class_list":{"0":"post-25893","1":"product","2":"type-product","3":"status-publish","4":"has-post-thumbnail","6":"product_cat-margini-mobilier","8":"first","9":"instock","10":"product-type-simple"},"acf":[],"_links":{"self":[{"href":"https:\/\/www.maag-polska.pl\/ro\/wp-json\/wp\/v2\/product\/25893","targetHints":{"allow":["GET"]}}],"collection":[{"href":"https:\/\/www.maag-polska.pl\/ro\/wp-json\/wp\/v2\/product"}],"about":[{"href":"https:\/\/www.maag-polska.pl\/ro\/wp-json\/wp\/v2\/types\/product"}],"replies":[{"embeddable":true,"href":"https:\/\/www.maag-polska.pl\/ro\/wp-json\/wp\/v2\/comments?post=25893"}],"wp:featuredmedia":[{"embeddable":true,"href":"https:\/\/www.maag-polska.pl\/ro\/wp-json\/wp\/v2\/media\/23572"}],"wp:attachment":[{"href":"https:\/\/www.maag-polska.pl\/ro\/wp-json\/wp\/v2\/media?parent=25893"}],"wp:term":[{"taxonomy":"product_brand","embeddable":true,"href":"https:\/\/www.maag-polska.pl\/ro\/wp-json\/wp\/v2\/product_brand?post=25893"},{"taxonomy":"product_cat","embeddable":true,"href":"https:\/\/www.maag-polska.pl\/ro\/wp-json\/wp\/v2\/product_cat?post=25893"},{"taxonomy":"product_tag","embeddable":true,"href":"https:\/\/www.maag-polska.pl\/ro\/wp-json\/wp\/v2\/product_tag?post=25893"}],"curies":[{"name":"wp","href":"https:\/\/api.w.org\/{rel}","templated":true}]}}