{"id":25892,"date":"2025-09-01T08:31:12","date_gmt":"2025-09-01T08:31:12","guid":{"rendered":"https:\/\/www.maag-polska.pl\/obrzeza-meblowe\/d23-1-coco-bolo\/"},"modified":"2025-09-01T09:10:52","modified_gmt":"2025-09-01T09:10:52","slug":"d23-1-coco-bolo","status":"publish","type":"product","link":"https:\/\/www.maag-polska.pl\/ro\/obrzeza-meblowe\/d23-1-coco-bolo\/","title":{"rendered":"Margini Mobilier D23\/1 COCO BOLO"},"content":{"rendered":"<div>\n<p>Band\u0103 de margine din PVC de \u00eenalt\u0103 performan\u021b\u0103 conceput\u0103 pentru a se potrivi cu decorul D23\/1 COCO BOLO, av\u00e2nd o compozi\u021bie avansat\u0103 de polimeri pentru rezisten\u021b\u0103 superioar\u0103 la UV. Procesul de fabrica\u021bie cu 3 straturi asigur\u0103 o stabilitate excep\u021bional\u0103 a culorii \u0219i rezisten\u021b\u0103 la uzur\u0103 p\u00e2n\u0103 la 100.000 de cicluri. Aceast\u0103 formul\u0103 din PVC pur men\u021bine stabilitatea dimensional\u0103 la temperaturi cuprinse \u00eentre -20\u00b0C \u0219i +80\u00b0C, ceea ce o face ideal\u0103 pentru diverse materiale \u0219i aplica\u021bii pentru prelucrarea lemnului.<\/p>\n<p>Potrivit\u0103 cu precizie cu Kronospan 8995 BS \u0219i compatibil\u0103 cu finisajele Pfleiderer R34033 NW, aceast\u0103 band\u0103 de margine a mobilierului ofer\u0103 o eficien\u021b\u0103 optim\u0103 a costurilor prin de\u0219euri reduse \u0219i procesare simplificat\u0103. Structura specializat\u0103 a suprafe\u021bei asigur\u0103 o aderen\u021b\u0103 perfect\u0103, minimiz\u00e2nd \u00een acela\u0219i timp consumul de material, ob\u021bin\u00e2nd de obicei o utilizare a materialului de 95%. Ideal pentru produc\u021bia de mobilier de mare volum, cu capabilit\u0103\u021bile sale de procesare rapid\u0103 la viteze de p\u00e2n\u0103 la 25 m\/min.<\/p>\n<\/div>\n","protected":false},"excerpt":{"rendered":"<p>22&#215;0,6; 22&#215;0,8; 22&#215;1; 22&#215;2; 28&#215;2*; 32&#215;2*; 35&#215;1*; 42&#215;0,8; 42&#215;2<\/p>\n","protected":false},"featured_media":23569,"comment_status":"closed","ping_status":"open","template":"","meta":{"_acf_changed":false},"product_brand":[],"product_cat":[1209],"product_tag":[],"class_list":{"0":"post-25892","1":"product","2":"type-product","3":"status-publish","4":"has-post-thumbnail","6":"product_cat-margini-mobilier","8":"first","9":"instock","10":"product-type-simple"},"acf":[],"_links":{"self":[{"href":"https:\/\/www.maag-polska.pl\/ro\/wp-json\/wp\/v2\/product\/25892","targetHints":{"allow":["GET"]}}],"collection":[{"href":"https:\/\/www.maag-polska.pl\/ro\/wp-json\/wp\/v2\/product"}],"about":[{"href":"https:\/\/www.maag-polska.pl\/ro\/wp-json\/wp\/v2\/types\/product"}],"replies":[{"embeddable":true,"href":"https:\/\/www.maag-polska.pl\/ro\/wp-json\/wp\/v2\/comments?post=25892"}],"wp:featuredmedia":[{"embeddable":true,"href":"https:\/\/www.maag-polska.pl\/ro\/wp-json\/wp\/v2\/media\/23569"}],"wp:attachment":[{"href":"https:\/\/www.maag-polska.pl\/ro\/wp-json\/wp\/v2\/media?parent=25892"}],"wp:term":[{"taxonomy":"product_brand","embeddable":true,"href":"https:\/\/www.maag-polska.pl\/ro\/wp-json\/wp\/v2\/product_brand?post=25892"},{"taxonomy":"product_cat","embeddable":true,"href":"https:\/\/www.maag-polska.pl\/ro\/wp-json\/wp\/v2\/product_cat?post=25892"},{"taxonomy":"product_tag","embeddable":true,"href":"https:\/\/www.maag-polska.pl\/ro\/wp-json\/wp\/v2\/product_tag?post=25892"}],"curies":[{"name":"wp","href":"https:\/\/api.w.org\/{rel}","templated":true}]}}