{"id":25891,"date":"2025-09-01T08:30:51","date_gmt":"2025-09-01T08:30:51","guid":{"rendered":"https:\/\/www.maag-polska.pl\/obrzeza-meblowe\/d22-1-legno-tabac\/"},"modified":"2025-09-01T09:10:48","modified_gmt":"2025-09-01T09:10:48","slug":"d22-1-legno-tabac","status":"publish","type":"product","link":"https:\/\/www.maag-polska.pl\/ro\/obrzeza-meblowe\/d22-1-legno-tabac\/","title":{"rendered":"Margini Mobilier D22\/1 LEGNO TABAC"},"content":{"rendered":"<div>\n<p>Banda de margine din PVC Premium D22\/1 LEGNO TABAC ofer\u0103 performan\u021be tehnice excep\u021bionale cu o grosime de 2 mm \u0219i op\u021biuni de l\u0103\u021bime standardizate. Aceast\u0103 compozi\u021bie din PVC pur asigur\u0103 rezisten\u021b\u0103 superioar\u0103 la UV \u0219i stabilitate a culorii pe toat\u0103 durata de via\u021b\u0103. Materialul men\u021bine acurate\u021bea dimensional\u0103 cu o toleran\u021b\u0103 de \u00b10,10 mm, av\u00e2nd o textur\u0103 de suprafa\u021b\u0103 atent proiectat\u0103, care se potrive\u0219te cu finisajele moderne ale lemnului. Formula special\u0103 a benzilor de cant atinge o duritate Shore D de 82\u00b13, oferind rezisten\u021b\u0103 optim\u0103 la impact, men\u021bin\u00e2nd \u00een acela\u0219i timp flexibilitatea pentru prelucrare precis\u0103.<\/p>\n<p>Potrivit \u00een special pentru produc\u021bia de mobilier de ultim\u0103 genera\u021bie, unde estetica lemnului de tutun \u00eendepline\u0219te cerin\u021bele func\u021bionale. Acest material de prelucrare a lemnului exceleaz\u0103 \u00een dulapurile comerciale, sistemele de mobilier de birou \u0219i corpurile de afi\u0219are cu am\u0103nuntul care necesit\u0103 o calitate constant\u0103 a marginilor. Potrivirea precis\u0103 a culorilor \u0219i modelul de granula\u021bie \u00eel fac ideal pentru marginile mobilierului reziden\u021bial premium, \u00een special \u00een medii cu expunere variat\u0103 la lumin\u0103. Lucr\u0103torii profesioni\u0219ti ai lemnului beneficiaz\u0103 de caracteristicile sale u\u0219oare de procesare \u0219i de de\u0219eurile minime \u00een timpul aplic\u0103rii, f\u0103c\u00e2ndu-l rentabil at\u00e2t pentru produc\u021bii mari, c\u00e2t \u0219i pentru piese de mobilier personalizate.<\/p>\n<\/div>\n","protected":false},"excerpt":{"rendered":"<p>22&#215;0,6; 22&#215;1; 22&#215;2; 28&#215;2*; 32&#215;2*; 35&#215;1*; 42&#215;2<\/p>\n","protected":false},"featured_media":23566,"comment_status":"closed","ping_status":"open","template":"","meta":{"_acf_changed":false},"product_brand":[],"product_cat":[1209],"product_tag":[],"class_list":{"0":"post-25891","1":"product","2":"type-product","3":"status-publish","4":"has-post-thumbnail","6":"product_cat-margini-mobilier","8":"first","9":"instock","10":"product-type-simple"},"acf":[],"_links":{"self":[{"href":"https:\/\/www.maag-polska.pl\/ro\/wp-json\/wp\/v2\/product\/25891","targetHints":{"allow":["GET"]}}],"collection":[{"href":"https:\/\/www.maag-polska.pl\/ro\/wp-json\/wp\/v2\/product"}],"about":[{"href":"https:\/\/www.maag-polska.pl\/ro\/wp-json\/wp\/v2\/types\/product"}],"replies":[{"embeddable":true,"href":"https:\/\/www.maag-polska.pl\/ro\/wp-json\/wp\/v2\/comments?post=25891"}],"wp:featuredmedia":[{"embeddable":true,"href":"https:\/\/www.maag-polska.pl\/ro\/wp-json\/wp\/v2\/media\/23566"}],"wp:attachment":[{"href":"https:\/\/www.maag-polska.pl\/ro\/wp-json\/wp\/v2\/media?parent=25891"}],"wp:term":[{"taxonomy":"product_brand","embeddable":true,"href":"https:\/\/www.maag-polska.pl\/ro\/wp-json\/wp\/v2\/product_brand?post=25891"},{"taxonomy":"product_cat","embeddable":true,"href":"https:\/\/www.maag-polska.pl\/ro\/wp-json\/wp\/v2\/product_cat?post=25891"},{"taxonomy":"product_tag","embeddable":true,"href":"https:\/\/www.maag-polska.pl\/ro\/wp-json\/wp\/v2\/product_tag?post=25891"}],"curies":[{"name":"wp","href":"https:\/\/api.w.org\/{rel}","templated":true}]}}