{"id":25888,"date":"2025-09-01T08:30:51","date_gmt":"2025-09-01T08:30:51","guid":{"rendered":"https:\/\/www.maag-polska.pl\/obrzeza-meblowe\/d20-1-plum\/"},"modified":"2025-09-01T09:10:46","modified_gmt":"2025-09-01T09:10:46","slug":"d20-1-plum","status":"publish","type":"product","link":"https:\/\/www.maag-polska.pl\/ro\/obrzeza-meblowe\/d20-1-plum\/","title":{"rendered":"Margini Mobilier D20\/1 PLUM"},"content":{"rendered":"<div>\n<p>Banda de margine din PVC D20\/1 \u015aLIWKA de \u00eenalt\u0103 performan\u021b\u0103 ofer\u0103 parametri tehnici superiori prin inginerie avansat\u0103 a polimerilor. Aceast\u0103 compozi\u021bie de PVC pur atinge o grosime de 2,0 mm cu o stabilitate dimensional\u0103 precis\u0103, asigur\u00e2nd o aplicare consecvent\u0103 pe materialele de prelucrare a lemnului. Rezisten\u021ba UV testat\u0103 \u00een laborator previne degradarea culorii, \u00een timp ce structura specializat\u0103 a suprafe\u021bei men\u021bine o reten\u021bie de culoare de 98% dup\u0103 3000 de ore de teste de \u00eemb\u0103tr\u00e2nire accelerat\u0103. Distribu\u021bia optimizat\u0103 a greut\u0103\u021bii moleculare a materialului permite viteze de procesare de p\u00e2n\u0103 la 25 m\/min f\u0103r\u0103 a compromite calitatea marginilor.<\/p>\n<p>Banda de margine D20\/1 \u015aLIWKA traduce excelen\u021ba tehnic\u0103 \u00een economii tangibile de costuri pentru produc\u021bia de mobilier. Formularea precis\u0103 a materialului reduce de\u0219eurile cu p\u00e2n\u0103 la 30% \u00een compara\u021bie cu alternativele standard, \u00een timp ce durabilitatea sporit\u0103 prelunge\u0219te durata de via\u021b\u0103 a mobilierului. Capacit\u0103\u021bile de procesare rapid\u0103 \u0219i propriet\u0103\u021bile excelente de aderen\u021b\u0103 simplific\u0103 fluxurile de lucru de produc\u021bie, reduc\u00e2nd costurile cu for\u021ba de munc\u0103. Calitatea consecvent\u0103 a benzilor de cant elimin\u0103 necesitatea post-proces\u0103rii, f\u0103c\u00e2ndu-l o alegere eficient\u0103 at\u00e2t pentru proiectele de produc\u021bie la scar\u0103 larg\u0103, c\u00e2t \u0219i pentru proiectele personalizate de prelucrare a lemnului.<\/p>\n<\/div>\n","protected":false},"excerpt":{"rendered":"<p>22&#215;0,6; 22&#215;1; 22&#215;2; 28&#215;2*; 32&#215;2*; 35&#215;1*; 42&#215;2<\/p>\n","protected":false},"featured_media":21642,"comment_status":"closed","ping_status":"open","template":"","meta":{"_acf_changed":false},"product_brand":[],"product_cat":[1209],"product_tag":[],"class_list":{"0":"post-25888","1":"product","2":"type-product","3":"status-publish","4":"has-post-thumbnail","6":"product_cat-margini-mobilier","8":"first","9":"instock","10":"product-type-simple"},"acf":[],"_links":{"self":[{"href":"https:\/\/www.maag-polska.pl\/ro\/wp-json\/wp\/v2\/product\/25888","targetHints":{"allow":["GET"]}}],"collection":[{"href":"https:\/\/www.maag-polska.pl\/ro\/wp-json\/wp\/v2\/product"}],"about":[{"href":"https:\/\/www.maag-polska.pl\/ro\/wp-json\/wp\/v2\/types\/product"}],"replies":[{"embeddable":true,"href":"https:\/\/www.maag-polska.pl\/ro\/wp-json\/wp\/v2\/comments?post=25888"}],"wp:featuredmedia":[{"embeddable":true,"href":"https:\/\/www.maag-polska.pl\/ro\/wp-json\/wp\/v2\/media\/21642"}],"wp:attachment":[{"href":"https:\/\/www.maag-polska.pl\/ro\/wp-json\/wp\/v2\/media?parent=25888"}],"wp:term":[{"taxonomy":"product_brand","embeddable":true,"href":"https:\/\/www.maag-polska.pl\/ro\/wp-json\/wp\/v2\/product_brand?post=25888"},{"taxonomy":"product_cat","embeddable":true,"href":"https:\/\/www.maag-polska.pl\/ro\/wp-json\/wp\/v2\/product_cat?post=25888"},{"taxonomy":"product_tag","embeddable":true,"href":"https:\/\/www.maag-polska.pl\/ro\/wp-json\/wp\/v2\/product_tag?post=25888"}],"curies":[{"name":"wp","href":"https:\/\/api.w.org\/{rel}","templated":true}]}}