{"id":25879,"date":"2025-09-01T08:30:51","date_gmt":"2025-09-01T08:30:51","guid":{"rendered":"https:\/\/www.maag-polska.pl\/obrzeza-meblowe\/d15-6-zebrano-classic\/"},"modified":"2025-09-01T09:10:40","modified_gmt":"2025-09-01T09:10:40","slug":"d15-6-zebrano-classic","status":"publish","type":"product","link":"https:\/\/www.maag-polska.pl\/ro\/obrzeza-meblowe\/d15-6-zebrano-classic\/","title":{"rendered":"Margini Mobilier D15\/6 ZEBRANO CLASSIC"},"content":{"rendered":"<div>\n<p>Banda de margine din PVC Premium D15\/6 ZEBRANO CLASSIC ofer\u0103 o stabilitate dimensional\u0103 excep\u021bional\u0103 cu o l\u0103\u021bime precis\u0103 de 15 mm \u0219i o grosime de 0,6 mm. Aceast\u0103 band\u0103 de margine din PVC pur prezint\u0103 compu\u0219i avansa\u021bi rezisten\u021bi la UV care men\u021bin integritatea culorii chiar \u0219i \u00een cazul expunerii prelungite la soare. Compozi\u021bia atent proiectat\u0103 a materialului atinge o rezisten\u021b\u0103 la trac\u021biune de >20 N\/mm\u00b2, asigur\u00e2nd o protec\u021bie fiabil\u0103 a marginilor. Cu o rezisten\u021b\u0103 la c\u0103ldur\u0103 de p\u00e2n\u0103 la 90\u00b0C \u0219i propriet\u0103\u021bi rezistente la umiditate, acest material pentru prelucrarea lemnului \u00ee\u0219i men\u021bine integritatea structural\u0103 \u00een diverse condi\u021bii de mediu.<\/p>\n<p>Dezvoltat special pentru produc\u021bia de mobilier de ultim\u0103 genera\u021bie, unde estetica lemnului zebrano este dorit\u0103 f\u0103r\u0103 costurile asociate. Aceast\u0103 band\u0103 de margine a mobilierului exceleaz\u0103 at\u00e2t \u00een aplica\u021bii reziden\u021biale, c\u00e2t \u0219i \u00een cele comerciale, \u00een special \u00een dulapuri personalizate, mobilier de birou \u0219i unit\u0103\u021bi de afi\u0219are de v\u00e2nzare cu am\u0103nuntul. Ingineria precis\u0103 a materialului sprijin\u0103 procesele automate de bandare a marginilor cu de\u0219euri minime, f\u0103c\u00e2ndu-l ideal pentru mediile de produc\u021bie la scar\u0103 larg\u0103. Rezisten\u021ba sporit\u0103 la impact \u00eel face deosebit de potrivit pentru spa\u021biile comerciale cu trafic intens, unde durabilitatea este primordial\u0103.<\/p>\n<\/div>\n","protected":false},"excerpt":{"rendered":"<p>22&#215;0,6; 22&#215;1; 22&#215;2; 28&#215;2*; 32&#215;2*; 35&#215;1*; 42&#215;2<\/p>\n","protected":false},"featured_media":21615,"comment_status":"closed","ping_status":"open","template":"","meta":{"_acf_changed":false},"product_brand":[],"product_cat":[1209],"product_tag":[],"class_list":{"0":"post-25879","1":"product","2":"type-product","3":"status-publish","4":"has-post-thumbnail","6":"product_cat-margini-mobilier","8":"first","9":"instock","10":"product-type-simple"},"acf":[],"_links":{"self":[{"href":"https:\/\/www.maag-polska.pl\/ro\/wp-json\/wp\/v2\/product\/25879","targetHints":{"allow":["GET"]}}],"collection":[{"href":"https:\/\/www.maag-polska.pl\/ro\/wp-json\/wp\/v2\/product"}],"about":[{"href":"https:\/\/www.maag-polska.pl\/ro\/wp-json\/wp\/v2\/types\/product"}],"replies":[{"embeddable":true,"href":"https:\/\/www.maag-polska.pl\/ro\/wp-json\/wp\/v2\/comments?post=25879"}],"wp:featuredmedia":[{"embeddable":true,"href":"https:\/\/www.maag-polska.pl\/ro\/wp-json\/wp\/v2\/media\/21615"}],"wp:attachment":[{"href":"https:\/\/www.maag-polska.pl\/ro\/wp-json\/wp\/v2\/media?parent=25879"}],"wp:term":[{"taxonomy":"product_brand","embeddable":true,"href":"https:\/\/www.maag-polska.pl\/ro\/wp-json\/wp\/v2\/product_brand?post=25879"},{"taxonomy":"product_cat","embeddable":true,"href":"https:\/\/www.maag-polska.pl\/ro\/wp-json\/wp\/v2\/product_cat?post=25879"},{"taxonomy":"product_tag","embeddable":true,"href":"https:\/\/www.maag-polska.pl\/ro\/wp-json\/wp\/v2\/product_tag?post=25879"}],"curies":[{"name":"wp","href":"https:\/\/api.w.org\/{rel}","templated":true}]}}