{"id":25877,"date":"2025-09-01T08:30:51","date_gmt":"2025-09-01T08:30:51","guid":{"rendered":"https:\/\/www.maag-polska.pl\/obrzeza-meblowe\/d14-1-rigoletto\/"},"modified":"2025-09-01T09:10:38","modified_gmt":"2025-09-01T09:10:38","slug":"d14-1-rigoletto","status":"publish","type":"product","link":"https:\/\/www.maag-polska.pl\/ro\/obrzeza-meblowe\/d14-1-rigoletto\/","title":{"rendered":"Margini Mobilier D14\/1 RIGOLETTO"},"content":{"rendered":"<div>\n<p>Tonurile bogate de mahon se \u00eembin\u0103 perfect cu elementele de design contemporan \u00een benzile noastre de margine din PVC D14\/1 RIGOLETTO. Suprafa\u021ba prezint\u0103 un model de granula\u021bie a lemnului realizat cu meticulozitate, care capteaz\u0103 c\u0103ldura \u0219i rafinamentul lemnului natural, men\u021bin\u00e2nd \u00een acela\u0219i timp consisten\u021ba perfect\u0103 a culorii pe toat\u0103 lungimea. Aceast\u0103 band\u0103 de margine din PVC pur ofer\u0103 un finisaj excep\u021bional care ridic\u0103 piesele de mobilier cu aspectul s\u0103u autentic \u0219i textura rafinat\u0103.<\/p>\n<p>Dincolo de estetica sa izbitoare, D14\/1 RIGOLETTO exceleaz\u0103 ca material versatil pentru prelucrarea lemnului, potrivit pentru diverse aplica\u021bii de mobilier. Compozi\u021bia rezistent\u0103 la UV a benzii de margine asigur\u0103 o stabilitate de durat\u0103 a culorii chiar \u0219i \u00een zonele expuse la soare, \u00een timp ce structura sa durabil\u0103 rezist\u0103 la uzura zilnic\u0103. Produc\u0103torii de mobil\u0103 apreciaz\u0103 caracteristicile sale u\u0219oare de procesare \u0219i produc\u021bia minim\u0103 de de\u0219euri, ceea ce o face o alegere eficient\u0103 at\u00e2t pentru produc\u021bia la scar\u0103 larg\u0103, c\u00e2t \u0219i pentru proiectele personalizate. Indiferent dac\u0103 este aplicat\u0103 la mobilier de birou, dulapuri de buc\u0103t\u0103rie sau vitrine de v\u00e2nzare cu am\u0103nuntul, aceast\u0103 solu\u021bie de margine a mobilierului \u00ee\u0219i men\u021bine integritatea \u0219i aspectul de-a lungul anilor de utilizare.<\/p>\n<\/div>\n","protected":false},"excerpt":{"rendered":"<p>22&#215;0,6; 32&#215;2*; 35&#215;1*; 42&#215;2<\/p>\n","protected":false},"featured_media":21609,"comment_status":"closed","ping_status":"open","template":"","meta":{"_acf_changed":false},"product_brand":[],"product_cat":[1209],"product_tag":[],"class_list":{"0":"post-25877","1":"product","2":"type-product","3":"status-publish","4":"has-post-thumbnail","6":"product_cat-margini-mobilier","8":"first","9":"instock","10":"product-type-simple"},"acf":[],"_links":{"self":[{"href":"https:\/\/www.maag-polska.pl\/ro\/wp-json\/wp\/v2\/product\/25877","targetHints":{"allow":["GET"]}}],"collection":[{"href":"https:\/\/www.maag-polska.pl\/ro\/wp-json\/wp\/v2\/product"}],"about":[{"href":"https:\/\/www.maag-polska.pl\/ro\/wp-json\/wp\/v2\/types\/product"}],"replies":[{"embeddable":true,"href":"https:\/\/www.maag-polska.pl\/ro\/wp-json\/wp\/v2\/comments?post=25877"}],"wp:featuredmedia":[{"embeddable":true,"href":"https:\/\/www.maag-polska.pl\/ro\/wp-json\/wp\/v2\/media\/21609"}],"wp:attachment":[{"href":"https:\/\/www.maag-polska.pl\/ro\/wp-json\/wp\/v2\/media?parent=25877"}],"wp:term":[{"taxonomy":"product_brand","embeddable":true,"href":"https:\/\/www.maag-polska.pl\/ro\/wp-json\/wp\/v2\/product_brand?post=25877"},{"taxonomy":"product_cat","embeddable":true,"href":"https:\/\/www.maag-polska.pl\/ro\/wp-json\/wp\/v2\/product_cat?post=25877"},{"taxonomy":"product_tag","embeddable":true,"href":"https:\/\/www.maag-polska.pl\/ro\/wp-json\/wp\/v2\/product_tag?post=25877"}],"curies":[{"name":"wp","href":"https:\/\/api.w.org\/{rel}","templated":true}]}}