{"id":25876,"date":"2025-09-01T08:30:51","date_gmt":"2025-09-01T08:30:51","guid":{"rendered":"https:\/\/www.maag-polska.pl\/obrzeza-meblowe\/d13-2-chocolate-pine\/"},"modified":"2025-09-01T09:10:38","modified_gmt":"2025-09-01T09:10:38","slug":"d13-2-chocolate-pine","status":"publish","type":"product","link":"https:\/\/www.maag-polska.pl\/ro\/obrzeza-meblowe\/d13-2-chocolate-pine\/","title":{"rendered":"Margini Mobilier D13\/2 CHOCOLATE PINE"},"content":{"rendered":"<div>\n<p>Band\u0103 de margine din PVC de \u00eenalt\u0103 performan\u021b\u0103 conceput\u0103 cu compu\u0219i de stabilizare UV avansati, calibrate special pentru decorul D13\/2 LIMBA CZEKOLADOWA. Compozi\u021bia materialului asigur\u0103 o re\u021binere a culorii de 98% dup\u0103 3000 de ore de teste de \u00eemb\u0103tr\u00e2nire accelerat\u0103, men\u021bin\u00e2nd \u00een acela\u0219i timp o grosime consistent\u0103 de 2 mm pe toat\u0103 lungimea. Acest material pentru prelucrarea lemnului prezint\u0103 o structur\u0103 de suprafa\u021b\u0103 proiectat\u0103 cu precizie care se aliniaz\u0103 perfect cu panourile Kronospan 8914 PR SOSNA LAREDO CIEMNA, realiz\u00e2nd o tranzi\u021bie f\u0103r\u0103 sudur\u0103 la niveluri microscopice.<\/p>\n<p>Reduce\u021bi risipa de material cu p\u00e2n\u0103 la 23% cu aceast\u0103 solu\u021bie optimizat\u0103 pentru marginea mobilierului, care ofer\u0103 t\u0103ieturi curate \u0219i propriet\u0103\u021bi superioare de aderen\u021b\u0103. Compozi\u021bia pur PVC elimin\u0103 necesitatea unor tratamente suplimentare de suprafa\u021b\u0103, simplific\u00e2nd procesul de produc\u021bie \u0219i reduc\u00e2nd costurile cu for\u021ba de munc\u0103. Perfect pentru produc\u021bia de mobilier de mare volum, aceast\u0103 band\u0103 de margine men\u021bine stabilitatea dimensional\u0103 chiar \u0219i \u00een cazul utiliz\u0103rii intensive, rezult\u00e2nd mai pu\u021bine cereri de garan\u021bie \u0219i o satisfac\u021bie sporit\u0103 a clien\u021bilor. Compatibil cu toate ma\u0219inile standard de bandat canturi la viteze de p\u00e2n\u0103 la 25 m\/min.<\/p>\n<\/div>\n","protected":false},"excerpt":{"rendered":"<p>22&#215;0,6; 22&#215;1; 22&#215;2; 28&#215;2*; 32&#215;2*; 35&#215;1*; 42&#215;2<\/p>\n","protected":false},"featured_media":21606,"comment_status":"closed","ping_status":"open","template":"","meta":{"_acf_changed":false},"product_brand":[],"product_cat":[1209],"product_tag":[],"class_list":{"0":"post-25876","1":"product","2":"type-product","3":"status-publish","4":"has-post-thumbnail","6":"product_cat-margini-mobilier","8":"first","9":"instock","10":"product-type-simple"},"acf":[],"_links":{"self":[{"href":"https:\/\/www.maag-polska.pl\/ro\/wp-json\/wp\/v2\/product\/25876","targetHints":{"allow":["GET"]}}],"collection":[{"href":"https:\/\/www.maag-polska.pl\/ro\/wp-json\/wp\/v2\/product"}],"about":[{"href":"https:\/\/www.maag-polska.pl\/ro\/wp-json\/wp\/v2\/types\/product"}],"replies":[{"embeddable":true,"href":"https:\/\/www.maag-polska.pl\/ro\/wp-json\/wp\/v2\/comments?post=25876"}],"wp:featuredmedia":[{"embeddable":true,"href":"https:\/\/www.maag-polska.pl\/ro\/wp-json\/wp\/v2\/media\/21606"}],"wp:attachment":[{"href":"https:\/\/www.maag-polska.pl\/ro\/wp-json\/wp\/v2\/media?parent=25876"}],"wp:term":[{"taxonomy":"product_brand","embeddable":true,"href":"https:\/\/www.maag-polska.pl\/ro\/wp-json\/wp\/v2\/product_brand?post=25876"},{"taxonomy":"product_cat","embeddable":true,"href":"https:\/\/www.maag-polska.pl\/ro\/wp-json\/wp\/v2\/product_cat?post=25876"},{"taxonomy":"product_tag","embeddable":true,"href":"https:\/\/www.maag-polska.pl\/ro\/wp-json\/wp\/v2\/product_tag?post=25876"}],"curies":[{"name":"wp","href":"https:\/\/api.w.org\/{rel}","templated":true}]}}