{"id":25874,"date":"2025-09-01T08:30:51","date_gmt":"2025-09-01T08:30:51","guid":{"rendered":"https:\/\/www.maag-polska.pl\/obrzeza-meblowe\/d12-6-wenge-arusha\/"},"modified":"2025-09-01T09:10:36","modified_gmt":"2025-09-01T09:10:36","slug":"d12-6-wenge-arusha","status":"publish","type":"product","link":"https:\/\/www.maag-polska.pl\/ro\/obrzeza-meblowe\/d12-6-wenge-arusha\/","title":{"rendered":"Margini Mobilier D12\/6 WENGE ARUSHA"},"content":{"rendered":"<div>\n<p>Bordurile profesionale din PVC din Kronospan 7648 SN Arusha Wenge ofer\u0103 o rezisten\u021b\u0103 excep\u021bional\u0103 \u00eempotriva uzurii zilnice. Aceast\u0103 solu\u021bie pentru marginea mobilierului \u00ee\u0219i men\u021bine tonul bogat \u0219i \u00eentunecat prin compu\u0219i avansa\u021bi rezisten\u021bi la UV, prevenind decolorarea chiar \u0219i \u00een cazul expunerii intense la lumin\u0103. Fabricat din materiale PVC pur pentru prelucrarea lemnului, acesta rezist\u0103 la impacturi, umiditate \u0219i varia\u021bii de temperatur\u0103, p\u0103str\u00e2nd \u00een acela\u0219i timp integritatea structural\u0103.<\/p>\n<p>Transforma\u021bi-v\u0103 proiectele de mobilier \u00een mod eficient cu aceast\u0103 band\u0103 de margine t\u0103iat\u0103 cu precizie care ader\u0103 f\u0103r\u0103 probleme pe suprafe\u021bele de plac\u0103. \u00cen\u0103l\u021bimea optimizat\u0103 de 12 mm asigur\u0103 aplicarea rapid\u0103 cu t\u0103ierea minim\u0103 necesar\u0103, reduc\u00e2nd timpul de instalare \u0219i risipa de material. Fiecare rol\u0103 prezint\u0103 o potrivire consistent\u0103 a culorilor cu decorul Arusha Wenge, permi\u021b\u00e2nd integrarea perfect\u0103 cu panourile dvs. de mobilier prin echipamente standard de band\u0103 de margine.<\/p>\n<\/div>\n","protected":false},"excerpt":{"rendered":"<p>22&#215;0,6; 22&#215;08; 22&#215;1; 22&#215;2; 32&#215;2*; 35&#215;1*; 42&#215;0,8; 42&#215;2<\/p>\n","protected":false},"featured_media":21600,"comment_status":"closed","ping_status":"open","template":"","meta":{"_acf_changed":false},"product_brand":[],"product_cat":[1209],"product_tag":[],"class_list":{"0":"post-25874","1":"product","2":"type-product","3":"status-publish","4":"has-post-thumbnail","6":"product_cat-margini-mobilier","8":"first","9":"instock","10":"product-type-simple"},"acf":[],"_links":{"self":[{"href":"https:\/\/www.maag-polska.pl\/ro\/wp-json\/wp\/v2\/product\/25874","targetHints":{"allow":["GET"]}}],"collection":[{"href":"https:\/\/www.maag-polska.pl\/ro\/wp-json\/wp\/v2\/product"}],"about":[{"href":"https:\/\/www.maag-polska.pl\/ro\/wp-json\/wp\/v2\/types\/product"}],"replies":[{"embeddable":true,"href":"https:\/\/www.maag-polska.pl\/ro\/wp-json\/wp\/v2\/comments?post=25874"}],"wp:featuredmedia":[{"embeddable":true,"href":"https:\/\/www.maag-polska.pl\/ro\/wp-json\/wp\/v2\/media\/21600"}],"wp:attachment":[{"href":"https:\/\/www.maag-polska.pl\/ro\/wp-json\/wp\/v2\/media?parent=25874"}],"wp:term":[{"taxonomy":"product_brand","embeddable":true,"href":"https:\/\/www.maag-polska.pl\/ro\/wp-json\/wp\/v2\/product_brand?post=25874"},{"taxonomy":"product_cat","embeddable":true,"href":"https:\/\/www.maag-polska.pl\/ro\/wp-json\/wp\/v2\/product_cat?post=25874"},{"taxonomy":"product_tag","embeddable":true,"href":"https:\/\/www.maag-polska.pl\/ro\/wp-json\/wp\/v2\/product_tag?post=25874"}],"curies":[{"name":"wp","href":"https:\/\/api.w.org\/{rel}","templated":true}]}}