{"id":25873,"date":"2025-09-01T08:30:51","date_gmt":"2025-09-01T08:30:51","guid":{"rendered":"https:\/\/www.maag-polska.pl\/obrzeza-meblowe\/d12-5-wenge-amari\/"},"modified":"2025-09-01T09:10:36","modified_gmt":"2025-09-01T09:10:36","slug":"d12-5-wenge-amari","status":"publish","type":"product","link":"https:\/\/www.maag-polska.pl\/ro\/obrzeza-meblowe\/d12-5-wenge-amari\/","title":{"rendered":"Margini Mobilier D12\/5 WENGE AMARI"},"content":{"rendered":"<div>\n<p>Banda de margine din PVC Wenge Amari bogat capteaz\u0103 ad\u00e2ncimea sofisticat\u0103 a fibrei naturale a lemnului, oferind un finisaj luxos maro \u00eenchis, cu varia\u021bii subtile care creeaz\u0103 un aspect autentic de lemn. Stabilitatea premium a culorii asigur\u0103 c\u0103 tonurile profunde \u0219i calde \u00ee\u0219i p\u0103streaz\u0103 caracterul distinctiv chiar \u0219i dup\u0103 expunere prelungit\u0103, \u00een timp ce propriet\u0103\u021bile rezistente la UV protejeaz\u0103 \u00eempotriva decolor\u0103rii \u0219i decolor\u0103rii.<\/p>\n<p>Aceast\u0103 band\u0103 versatil\u0103 din PVC exceleaz\u0103 at\u00e2t \u00een proiectele reziden\u021biale, c\u00e2t \u0219i \u00een cele comerciale de prelucrare a lemnului, oferind finisare f\u0103r\u0103 sudur\u0103 pentru marginile mobilierului \u0219i suprafe\u021bele dulapului. Compozi\u021bia din PVC pur ofer\u0103 durabilitate \u0219i rezisten\u021b\u0103 la impact excep\u021bionale, \u00een timp ce ingineria sa precis\u0103 asigur\u0103 pierderi minime \u00een timpul aplic\u0103rii. Flexibilitatea echilibrat\u0103 a materialului \u00eel face ideal at\u00e2t pentru linii drepte, c\u00e2t \u0219i pentru suprafe\u021be curbe, adapt\u00e2ndu-se f\u0103r\u0103 efort la diverse modele de mobilier.<\/p>\n<\/div>\n","protected":false},"excerpt":{"rendered":"<p>19&#215;0,6*; 22&#215;0,6; 22&#215;1; 22&#215;2; 28&#215;2*; 32&#215;2*; 35&#215;1*; 42&#215;2<\/p>\n","protected":false},"featured_media":21597,"comment_status":"closed","ping_status":"open","template":"","meta":{"_acf_changed":false},"product_brand":[],"product_cat":[1209],"product_tag":[],"class_list":{"0":"post-25873","1":"product","2":"type-product","3":"status-publish","4":"has-post-thumbnail","6":"product_cat-margini-mobilier","8":"first","9":"instock","10":"product-type-simple"},"acf":[],"_links":{"self":[{"href":"https:\/\/www.maag-polska.pl\/ro\/wp-json\/wp\/v2\/product\/25873","targetHints":{"allow":["GET"]}}],"collection":[{"href":"https:\/\/www.maag-polska.pl\/ro\/wp-json\/wp\/v2\/product"}],"about":[{"href":"https:\/\/www.maag-polska.pl\/ro\/wp-json\/wp\/v2\/types\/product"}],"replies":[{"embeddable":true,"href":"https:\/\/www.maag-polska.pl\/ro\/wp-json\/wp\/v2\/comments?post=25873"}],"wp:featuredmedia":[{"embeddable":true,"href":"https:\/\/www.maag-polska.pl\/ro\/wp-json\/wp\/v2\/media\/21597"}],"wp:attachment":[{"href":"https:\/\/www.maag-polska.pl\/ro\/wp-json\/wp\/v2\/media?parent=25873"}],"wp:term":[{"taxonomy":"product_brand","embeddable":true,"href":"https:\/\/www.maag-polska.pl\/ro\/wp-json\/wp\/v2\/product_brand?post=25873"},{"taxonomy":"product_cat","embeddable":true,"href":"https:\/\/www.maag-polska.pl\/ro\/wp-json\/wp\/v2\/product_cat?post=25873"},{"taxonomy":"product_tag","embeddable":true,"href":"https:\/\/www.maag-polska.pl\/ro\/wp-json\/wp\/v2\/product_tag?post=25873"}],"curies":[{"name":"wp","href":"https:\/\/api.w.org\/{rel}","templated":true}]}}