{"id":25871,"date":"2025-09-01T08:30:32","date_gmt":"2025-09-01T08:30:32","guid":{"rendered":"https:\/\/www.maag-polska.pl\/obrzeza-meblowe\/d12-3-wenge\/"},"modified":"2025-09-01T09:10:30","modified_gmt":"2025-09-01T09:10:30","slug":"d12-3-wenge","status":"publish","type":"product","link":"https:\/\/www.maag-polska.pl\/ro\/obrzeza-meblowe\/d12-3-wenge\/","title":{"rendered":"Margini Mobilier D12\/3 WENGE"},"content":{"rendered":"<div>\n<p>Banda de margine Premium D12\/3 WENGE ofer\u0103 performan\u021be tehnice excep\u021bionale cu \u00een\u0103l\u021bimea sa de 12 mm \u0219i grosimea de 3 mm. Aceast\u0103 compozi\u021bie din PVC pur asigur\u0103 stabilitate dimensional\u0103 \u0219i toleran\u021b\u0103 precis\u0103 la prelucrare de \u00b1 0,10 mm. Formularea rezistent\u0103 la UV a materialului men\u021bine integritatea culorii chiar \u0219i \u00een cazul expunerii prelungite, \u00een timp ce miezul s\u0103u rezistent la impact rezist\u0103 la uzura zilnic\u0103. Banda de margine prezint\u0103 o structur\u0103 de suprafa\u021b\u0103 specializat\u0103 care realizeaz\u0103 o re\u021binere a culorii de 98% \u0219i demonstreaz\u0103 o rezisten\u021b\u0103 la c\u0103ldur\u0103 de p\u00e2n\u0103 la 90\u00b0C, f\u0103c\u00e2ndu-l ideal pentru aplica\u021bii solicitante cu materiale de prelucrare a lemnului.<\/p>\n<p>Potrivit \u00een special pentru produc\u021bia de mobilier de ultim\u0103 genera\u021bie, unde se dore\u0219te finisaje \u00eentunecate \u0219i sofisticate. Aceast\u0103 band\u0103 de margine din PVC exceleaz\u0103 \u00een dulapurile comerciale, corpurile de lux de v\u00e2nzare cu am\u0103nuntul \u0219i mobilierul de birou premium, unde tonul bogat Wenge creeaz\u0103 contraste izbitoare. Durabilitatea materialului \u00eel face optim pentru zonele cu trafic intens, cum ar fi mobilierul hotelului \u0219i instala\u021biile de restaurante. Dimensiunile sale precise \u0219i caracteristicile de prelucrare u\u0219oar\u0103 reduc risipa \u00een timpul aplic\u0103rii, f\u0103c\u00e2ndu-l rentabil at\u00e2t pentru atelierele personalizate mici, c\u00e2t \u0219i pentru unit\u0103\u021bile de produc\u021bie de mobil\u0103 la scar\u0103 larg\u0103.<\/p>\n<\/div>\n","protected":false},"excerpt":{"rendered":"<p>22&#215;0,6; 22&#215;1; 22&#215;2; 28&#215;2*; 32&#215;2*; 35&#215;1*; 42&#215;2<\/p>\n","protected":false},"featured_media":21591,"comment_status":"closed","ping_status":"open","template":"","meta":{"_acf_changed":false},"product_brand":[],"product_cat":[1209],"product_tag":[],"class_list":{"0":"post-25871","1":"product","2":"type-product","3":"status-publish","4":"has-post-thumbnail","6":"product_cat-margini-mobilier","8":"first","9":"instock","10":"product-type-simple"},"acf":[],"_links":{"self":[{"href":"https:\/\/www.maag-polska.pl\/ro\/wp-json\/wp\/v2\/product\/25871","targetHints":{"allow":["GET"]}}],"collection":[{"href":"https:\/\/www.maag-polska.pl\/ro\/wp-json\/wp\/v2\/product"}],"about":[{"href":"https:\/\/www.maag-polska.pl\/ro\/wp-json\/wp\/v2\/types\/product"}],"replies":[{"embeddable":true,"href":"https:\/\/www.maag-polska.pl\/ro\/wp-json\/wp\/v2\/comments?post=25871"}],"wp:featuredmedia":[{"embeddable":true,"href":"https:\/\/www.maag-polska.pl\/ro\/wp-json\/wp\/v2\/media\/21591"}],"wp:attachment":[{"href":"https:\/\/www.maag-polska.pl\/ro\/wp-json\/wp\/v2\/media?parent=25871"}],"wp:term":[{"taxonomy":"product_brand","embeddable":true,"href":"https:\/\/www.maag-polska.pl\/ro\/wp-json\/wp\/v2\/product_brand?post=25871"},{"taxonomy":"product_cat","embeddable":true,"href":"https:\/\/www.maag-polska.pl\/ro\/wp-json\/wp\/v2\/product_cat?post=25871"},{"taxonomy":"product_tag","embeddable":true,"href":"https:\/\/www.maag-polska.pl\/ro\/wp-json\/wp\/v2\/product_tag?post=25871"}],"curies":[{"name":"wp","href":"https:\/\/api.w.org\/{rel}","templated":true}]}}