{"id":25868,"date":"2025-09-01T08:30:32","date_gmt":"2025-09-01T08:30:32","guid":{"rendered":"https:\/\/www.maag-polska.pl\/obrzeza-meblowe\/d11-5-platinium-disk\/"},"modified":"2025-09-01T09:10:29","modified_gmt":"2025-09-01T09:10:29","slug":"d11-5-platinium-disk","status":"publish","type":"product","link":"https:\/\/www.maag-polska.pl\/ro\/obrzeza-meblowe\/d11-5-platinium-disk\/","title":{"rendered":"Margini Mobilier D11\/5 PLATINIUM DISK"},"content":{"rendered":"<div>\n<p>Band\u0103 de margine din PVC conceput\u0103 cu precizie, cu design D11\/5 Platinium Disk, fabricat\u0103 pentru a se potrivi cu suprafe\u021bele Kronospan K523 PE. Polimerii rezisten\u021bi la UV asigur\u0103 o stabilitate excep\u021bional\u0103 a culorii \u00een condi\u021bii variate de iluminare. Grosimea de 1,5 mm ofer\u0103 o rezisten\u021b\u0103 optim\u0103 la impact, men\u021bin\u00e2nd \u00een acela\u0219i timp parametrii cura\u021bi de procesare. Compozi\u021bia din PVC pur ofer\u0103 o densitate constant\u0103 a materialului de 1,3 g\/cm\u00b3, asigur\u00e2nd o activare a c\u0103ldurii \u0219i propriet\u0103\u021bi de aderen\u021b\u0103 fiabile \u00een aplica\u021biile de prelucrare a lemnului.<\/p>\n<p>Eficientiza\u021bi-v\u0103 produc\u021bia de mobilier cu aceast\u0103 solu\u021bie rentabil\u0103 de bandare a marginilor care reduce risipa de material prin stabilitate dimensional\u0103 precis\u0103. Finisajul Platinium Disk se integreaz\u0103 perfect cu design-urile moderne ale cabinetului, oferind \u00een acela\u0219i timp protec\u021bie pe termen lung a marginilor. Materialele profesionale pentru prelucrarea lemnului ca acesta permit viteze rapide de procesare de p\u00e2n\u0103 la 25 m\/min, maximiz\u00e2nd eficien\u021ba produc\u021biei. Structura de suprafa\u021b\u0103 specializat\u0103 \u00ee\u0219i men\u021bine aspectul chiar \u0219i \u00een cazul utiliz\u0103rii intense, prelungind ciclul de via\u021b\u0103 al mobilierului \u0219i reduc\u00e2nd cererile de garan\u021bie.<\/p>\n<\/div>\n","protected":false},"excerpt":{"rendered":"<p>22&#215;0,6; 22&#215;0,8; 22&#215;2; 35&#215;1*; 42&#215;0,8; 42&#215;2<\/p>\n","protected":false},"featured_media":21582,"comment_status":"closed","ping_status":"open","template":"","meta":{"_acf_changed":false},"product_brand":[],"product_cat":[1209],"product_tag":[],"class_list":{"0":"post-25868","1":"product","2":"type-product","3":"status-publish","4":"has-post-thumbnail","6":"product_cat-margini-mobilier","8":"first","9":"instock","10":"product-type-simple"},"acf":[],"_links":{"self":[{"href":"https:\/\/www.maag-polska.pl\/ro\/wp-json\/wp\/v2\/product\/25868","targetHints":{"allow":["GET"]}}],"collection":[{"href":"https:\/\/www.maag-polska.pl\/ro\/wp-json\/wp\/v2\/product"}],"about":[{"href":"https:\/\/www.maag-polska.pl\/ro\/wp-json\/wp\/v2\/types\/product"}],"replies":[{"embeddable":true,"href":"https:\/\/www.maag-polska.pl\/ro\/wp-json\/wp\/v2\/comments?post=25868"}],"wp:featuredmedia":[{"embeddable":true,"href":"https:\/\/www.maag-polska.pl\/ro\/wp-json\/wp\/v2\/media\/21582"}],"wp:attachment":[{"href":"https:\/\/www.maag-polska.pl\/ro\/wp-json\/wp\/v2\/media?parent=25868"}],"wp:term":[{"taxonomy":"product_brand","embeddable":true,"href":"https:\/\/www.maag-polska.pl\/ro\/wp-json\/wp\/v2\/product_brand?post=25868"},{"taxonomy":"product_cat","embeddable":true,"href":"https:\/\/www.maag-polska.pl\/ro\/wp-json\/wp\/v2\/product_cat?post=25868"},{"taxonomy":"product_tag","embeddable":true,"href":"https:\/\/www.maag-polska.pl\/ro\/wp-json\/wp\/v2\/product_tag?post=25868"}],"curies":[{"name":"wp","href":"https:\/\/api.w.org\/{rel}","templated":true}]}}