{"id":25865,"date":"2025-09-01T08:30:32","date_gmt":"2025-09-01T08:30:32","guid":{"rendered":"https:\/\/www.maag-polska.pl\/obrzeza-meblowe\/d11-1-aluminium\/"},"modified":"2025-09-01T09:10:27","modified_gmt":"2025-09-01T09:10:27","slug":"d11-1-aluminium","status":"publish","type":"product","link":"https:\/\/www.maag-polska.pl\/ro\/obrzeza-meblowe\/d11-1-aluminium\/","title":{"rendered":"Margini Mobilier D11\/1 ALUMINIUM"},"content":{"rendered":"<div>\n<p>Bordurile elegante D11\/1 ALUMINIUM capteaz\u0103 luciul metalic sofisticat al aluminiului periat, aduc\u00e2nd elegan\u021b\u0103 industrial\u0103 contemporan\u0103 marginilor mobilierului. Banda de margine din PVC premium prezint\u0103 o textur\u0103 a suprafe\u021bei meticulos, care oglinde\u0219te aspectul autentic al metalului, men\u021bin\u00e2nd \u00een acela\u0219i timp consisten\u021ba perfect\u0103 a culorii \u00een loturile de produc\u021bie.<\/p>\n<p>Acest material versatil pentru prelucrarea lemnului exceleaz\u0103 \u00een aplica\u021biile moderne de mobilier, de la instala\u021bii de birou p\u00e2n\u0103 la dulapuri reziden\u021biale de ultim\u0103 genera\u021bie. Formula rezistenta la UV previne ingalbenirea si mentine stabilitatea culorii chiar si in zonele expuse la soare. Compozi\u021bia sa din PVC pur asigur\u0103 t\u0103ieturi curate, precise, cu pierderi minime \u00een timpul proces\u0103rii, \u00een timp ce stratul adeziv optimizat garanteaz\u0103 o protec\u021bie de lung\u0103 durat\u0103 a marginilor pentru uzura zilnic\u0103.<\/p>\n<\/div>\n","protected":false},"excerpt":{"rendered":"<p>22&#215;0,6; 22&#215;1; 22&#215;2; 28&#215;2*; 32&#215;2*; 35&#215;1*; 42&#215;2<\/p>\n","protected":false},"featured_media":21573,"comment_status":"closed","ping_status":"open","template":"","meta":{"_acf_changed":false},"product_brand":[],"product_cat":[1209],"product_tag":[],"class_list":{"0":"post-25865","1":"product","2":"type-product","3":"status-publish","4":"has-post-thumbnail","6":"product_cat-margini-mobilier","8":"first","9":"instock","10":"product-type-simple"},"acf":[],"_links":{"self":[{"href":"https:\/\/www.maag-polska.pl\/ro\/wp-json\/wp\/v2\/product\/25865","targetHints":{"allow":["GET"]}}],"collection":[{"href":"https:\/\/www.maag-polska.pl\/ro\/wp-json\/wp\/v2\/product"}],"about":[{"href":"https:\/\/www.maag-polska.pl\/ro\/wp-json\/wp\/v2\/types\/product"}],"replies":[{"embeddable":true,"href":"https:\/\/www.maag-polska.pl\/ro\/wp-json\/wp\/v2\/comments?post=25865"}],"wp:featuredmedia":[{"embeddable":true,"href":"https:\/\/www.maag-polska.pl\/ro\/wp-json\/wp\/v2\/media\/21573"}],"wp:attachment":[{"href":"https:\/\/www.maag-polska.pl\/ro\/wp-json\/wp\/v2\/media?parent=25865"}],"wp:term":[{"taxonomy":"product_brand","embeddable":true,"href":"https:\/\/www.maag-polska.pl\/ro\/wp-json\/wp\/v2\/product_brand?post=25865"},{"taxonomy":"product_cat","embeddable":true,"href":"https:\/\/www.maag-polska.pl\/ro\/wp-json\/wp\/v2\/product_cat?post=25865"},{"taxonomy":"product_tag","embeddable":true,"href":"https:\/\/www.maag-polska.pl\/ro\/wp-json\/wp\/v2\/product_tag?post=25865"}],"curies":[{"name":"wp","href":"https:\/\/api.w.org\/{rel}","templated":true}]}}