{"id":25864,"date":"2025-09-01T08:30:32","date_gmt":"2025-09-01T08:30:32","guid":{"rendered":"https:\/\/www.maag-polska.pl\/obrzeza-meblowe\/d10-6-black-north-wood\/"},"modified":"2025-09-01T09:10:26","modified_gmt":"2025-09-01T09:10:26","slug":"d10-6-black-north-wood","status":"publish","type":"product","link":"https:\/\/www.maag-polska.pl\/ro\/obrzeza-meblowe\/d10-6-black-north-wood\/","title":{"rendered":"Margini Mobilier D10\/6 BLACK NORTH WOOD"},"content":{"rendered":"<div>\n<p>Band\u0103 de margine din PVC de \u00eenalt\u0103 performan\u021b\u0103 conceput\u0103 pentru a se potrivi cu decorul D10\/6 SOSNA NORWESKA CZARNA, cu polimeri avansa\u021bi stabiliza\u021bi la UV pentru o p\u0103strare excep\u021bional\u0103 a culorii. Aceast\u0103 compozi\u021bie de PVC pur ofer\u0103 o precizie de toleran\u021b\u0103 la grosime de 3 mm \u0219i men\u021bine integritatea structural\u0103 la temperaturi de procesare de 180-200\u00b0C. Testat \u00een laborator pentru 720 de ore de expunere la UV f\u0103r\u0103 degradare a culorii, ceea ce \u00eel face ideal pentru aplica\u021biile solicitante ale materialelor pentru prelucrarea lemnului.<\/p>\n<p>Eficientiza\u021bi-v\u0103 produc\u021bia de mobilier cu aceast\u0103 band\u0103 de margine din pin negru norvegian care reduce risipa de material cu p\u00e2n\u0103 la 15% prin dimensiunile optimizate ale benzilor. Structura specializat\u0103 a suprafe\u021bei asigur\u0103 o aderen\u021b\u0103 perfect\u0103 la temperaturi mai sc\u0103zute, reduc\u00e2nd costurile energetice, men\u021bin\u00e2nd \u00een acela\u0219i timp durabilitatea profesional\u0103. Compatibil cu sistemele automate de bandare a marginilor \u0219i aplica\u021biile manuale, oferind versatilitate at\u00e2t pentru proiecte de produc\u021bie la scar\u0103 larg\u0103, c\u00e2t \u0219i pentru proiecte de mobilier la comand\u0103.<\/p>\n<\/div>\n","protected":false},"excerpt":{"rendered":"<p>22&#215;0,6; 22&#215;1; 22&#215;2; 32&#215;2*; 35&#215;1*; 42&#215;2<\/p>\n","protected":false},"featured_media":21570,"comment_status":"closed","ping_status":"open","template":"","meta":{"_acf_changed":false},"product_brand":[],"product_cat":[1209],"product_tag":[],"class_list":{"0":"post-25864","1":"product","2":"type-product","3":"status-publish","4":"has-post-thumbnail","6":"product_cat-margini-mobilier","8":"first","9":"instock","10":"product-type-simple"},"acf":[],"_links":{"self":[{"href":"https:\/\/www.maag-polska.pl\/ro\/wp-json\/wp\/v2\/product\/25864","targetHints":{"allow":["GET"]}}],"collection":[{"href":"https:\/\/www.maag-polska.pl\/ro\/wp-json\/wp\/v2\/product"}],"about":[{"href":"https:\/\/www.maag-polska.pl\/ro\/wp-json\/wp\/v2\/types\/product"}],"replies":[{"embeddable":true,"href":"https:\/\/www.maag-polska.pl\/ro\/wp-json\/wp\/v2\/comments?post=25864"}],"wp:featuredmedia":[{"embeddable":true,"href":"https:\/\/www.maag-polska.pl\/ro\/wp-json\/wp\/v2\/media\/21570"}],"wp:attachment":[{"href":"https:\/\/www.maag-polska.pl\/ro\/wp-json\/wp\/v2\/media?parent=25864"}],"wp:term":[{"taxonomy":"product_brand","embeddable":true,"href":"https:\/\/www.maag-polska.pl\/ro\/wp-json\/wp\/v2\/product_brand?post=25864"},{"taxonomy":"product_cat","embeddable":true,"href":"https:\/\/www.maag-polska.pl\/ro\/wp-json\/wp\/v2\/product_cat?post=25864"},{"taxonomy":"product_tag","embeddable":true,"href":"https:\/\/www.maag-polska.pl\/ro\/wp-json\/wp\/v2\/product_tag?post=25864"}],"curies":[{"name":"wp","href":"https:\/\/api.w.org\/{rel}","templated":true}]}}