{"id":25861,"date":"2025-09-01T08:30:32","date_gmt":"2025-09-01T08:30:32","guid":{"rendered":"https:\/\/www.maag-polska.pl\/obrzeza-meblowe\/d10-13-anderson-pine-white\/"},"modified":"2025-09-01T09:10:24","modified_gmt":"2025-09-01T09:10:24","slug":"d10-13-anderson-pine-white","status":"publish","type":"product","link":"https:\/\/www.maag-polska.pl\/ro\/obrzeza-meblowe\/d10-13-anderson-pine-white\/","title":{"rendered":"Margini Mobilier D10\/13 ANDERSON PINE WHITE"},"content":{"rendered":"<div>\n<p>Banda de margine SOSNA ANDERSON BIA\u0141A surprinde esen\u021ba curat\u0103 a pinului alb Anderson, oferind o interpretare rafinat\u0103 a esteticii lemnului natural. Aceast\u0103 band\u0103 de margine din PVC prezint\u0103 o textur\u0103 de suprafa\u021b\u0103 meticuloas\u0103, care oglinde\u0219te modelele subtile de cereale g\u0103site \u00een soiurile premium de pin. Tonul de alb pur creeaz\u0103 un aspect luminos, contemporan, p\u0103str\u00e2nd \u00een acela\u0219i timp caracteristicile autentice asem\u0103n\u0103toare lemnului care definesc colec\u021bia de pin Anderson.<\/p>\n<p>Proiectat cu experien\u021b\u0103 pentru materialele moderne de prelucrare a lemnului, aceast\u0103 margine de mobilier combin\u0103 durabilitatea practic\u0103 cu flexibilitatea sofisticat\u0103 a designului. Formula rezistenta la UV previne ingalbenirea si mentine stabilitatea culorii chiar si in zonele expuse la soare. Compozi\u021bia sa din PVC pur asigur\u0103 o calitate constant\u0103 a proces\u0103rii, gener\u00e2nd de\u0219euri minime \u00een timpul aplic\u0103rii. Indiferent dac\u0103 este folosit \u00een dulapuri de buc\u0103t\u0103rie, mobilier de birou sau vitrine de v\u00e2nzare cu am\u0103nuntul, aceast\u0103 band\u0103 de margine se adapteaz\u0103 perfect la diferite margini de mobilier, oferind \u00een acela\u0219i timp rezisten\u021b\u0103 fiabil\u0103 la impact pentru utilizarea zilnic\u0103.<\/p>\n<\/div>\n","protected":false},"excerpt":{"rendered":"<p>22&#215;0,6; 22&#215;1; 22&#215;2; 28&#215;2*; 32&#215;2*; 35&#215;1*; 42&#215;2<\/p>\n","protected":false},"featured_media":21561,"comment_status":"closed","ping_status":"open","template":"","meta":{"_acf_changed":false},"product_brand":[],"product_cat":[1209],"product_tag":[],"class_list":{"0":"post-25861","1":"product","2":"type-product","3":"status-publish","4":"has-post-thumbnail","6":"product_cat-margini-mobilier","8":"first","9":"instock","10":"product-type-simple"},"acf":[],"_links":{"self":[{"href":"https:\/\/www.maag-polska.pl\/ro\/wp-json\/wp\/v2\/product\/25861","targetHints":{"allow":["GET"]}}],"collection":[{"href":"https:\/\/www.maag-polska.pl\/ro\/wp-json\/wp\/v2\/product"}],"about":[{"href":"https:\/\/www.maag-polska.pl\/ro\/wp-json\/wp\/v2\/types\/product"}],"replies":[{"embeddable":true,"href":"https:\/\/www.maag-polska.pl\/ro\/wp-json\/wp\/v2\/comments?post=25861"}],"wp:featuredmedia":[{"embeddable":true,"href":"https:\/\/www.maag-polska.pl\/ro\/wp-json\/wp\/v2\/media\/21561"}],"wp:attachment":[{"href":"https:\/\/www.maag-polska.pl\/ro\/wp-json\/wp\/v2\/media?parent=25861"}],"wp:term":[{"taxonomy":"product_brand","embeddable":true,"href":"https:\/\/www.maag-polska.pl\/ro\/wp-json\/wp\/v2\/product_brand?post=25861"},{"taxonomy":"product_cat","embeddable":true,"href":"https:\/\/www.maag-polska.pl\/ro\/wp-json\/wp\/v2\/product_cat?post=25861"},{"taxonomy":"product_tag","embeddable":true,"href":"https:\/\/www.maag-polska.pl\/ro\/wp-json\/wp\/v2\/product_tag?post=25861"}],"curies":[{"name":"wp","href":"https:\/\/api.w.org\/{rel}","templated":true}]}}