{"id":25860,"date":"2025-09-01T08:30:32","date_gmt":"2025-09-01T08:30:32","guid":{"rendered":"https:\/\/www.maag-polska.pl\/obrzeza-meblowe\/d10-12-cream-loft-pine\/"},"modified":"2025-09-01T09:10:24","modified_gmt":"2025-09-01T09:10:24","slug":"d10-12-cream-loft-pine","status":"publish","type":"product","link":"https:\/\/www.maag-polska.pl\/ro\/obrzeza-meblowe\/d10-12-cream-loft-pine\/","title":{"rendered":"Margini Mobilier D10\/12 CREAM LOFT PINE"},"content":{"rendered":"<div>\n<p>Band\u0103 de margine din PVC testat\u0103 \u00een laborator, cu polimeri stabiliza\u021bi la UV, special concepute pentru seria D10\/12 SOSNA LOFT KREMOWA. Aceast\u0103 band\u0103 de margine cu grosimea de 1 mm ofer\u0103 stabilitate dimensional\u0103 precis\u0103 cu o toleran\u021b\u0103 de \u00b1 0,02 mm \u0219i \u00eencorporeaz\u0103 o structur\u0103 de suprafa\u021b\u0103 specializat\u0103 care asigur\u0103 o rezisten\u021b\u0103 optim\u0103 de aderen\u021b\u0103 de 3,5 N\/mm\u00b2. Compozi\u021bia pur PVC men\u021bine o densitate constant\u0103 a materialului pe tot parcursul, \u00een timp ce sistemul de protec\u021bie UV multistrat garanteaz\u0103 p\u0103strarea culorii p\u00e2n\u0103 la 10 ani \u00een condi\u021bii normale de interior.<\/p>\n<p>Transforma\u021bi-v\u0103 investi\u021bia \u00een materialele de prelucrare a lemnului cu aceast\u0103 solu\u021bie rentabil\u0103 de band\u0103 de margine care reduce risipa de material cu p\u00e2n\u0103 la 30% \u00een compara\u021bie cu alternativele standard. Capacitatea de t\u0103iere precis\u0103 a benzilor de margine D10\/12 SOSNA LOFT KREMOWA minimizeaz\u0103 pierderile de t\u0103iere \u00een timpul aplic\u0103rii marginilor mobilierului, \u00een timp ce viteza sa rapid\u0103 de procesare de p\u00e2n\u0103 la 25 m\/min accelereaz\u0103 termenele de produc\u021bie. Finisajul marginilor mobilierului \u00ee\u0219i p\u0103streaz\u0103 aspectul impecabil chiar \u0219i dup\u0103 o utilizare intens\u0103, elimin\u00e2nd necesitatea \u00eenlocuirilor frecvente \u0219i reduc\u00e2nd costurile de \u00eentre\u021binere pe termen lung.<\/p>\n<\/div>\n","protected":false},"excerpt":{"rendered":"<p>22&#215;1; 32&#215;2*; 35&#215;1*<\/p>\n","protected":false},"featured_media":21558,"comment_status":"closed","ping_status":"open","template":"","meta":{"_acf_changed":false},"product_brand":[],"product_cat":[1209],"product_tag":[],"class_list":{"0":"post-25860","1":"product","2":"type-product","3":"status-publish","4":"has-post-thumbnail","6":"product_cat-margini-mobilier","8":"first","9":"instock","10":"product-type-simple"},"acf":[],"_links":{"self":[{"href":"https:\/\/www.maag-polska.pl\/ro\/wp-json\/wp\/v2\/product\/25860","targetHints":{"allow":["GET"]}}],"collection":[{"href":"https:\/\/www.maag-polska.pl\/ro\/wp-json\/wp\/v2\/product"}],"about":[{"href":"https:\/\/www.maag-polska.pl\/ro\/wp-json\/wp\/v2\/types\/product"}],"replies":[{"embeddable":true,"href":"https:\/\/www.maag-polska.pl\/ro\/wp-json\/wp\/v2\/comments?post=25860"}],"wp:featuredmedia":[{"embeddable":true,"href":"https:\/\/www.maag-polska.pl\/ro\/wp-json\/wp\/v2\/media\/21558"}],"wp:attachment":[{"href":"https:\/\/www.maag-polska.pl\/ro\/wp-json\/wp\/v2\/media?parent=25860"}],"wp:term":[{"taxonomy":"product_brand","embeddable":true,"href":"https:\/\/www.maag-polska.pl\/ro\/wp-json\/wp\/v2\/product_brand?post=25860"},{"taxonomy":"product_cat","embeddable":true,"href":"https:\/\/www.maag-polska.pl\/ro\/wp-json\/wp\/v2\/product_cat?post=25860"},{"taxonomy":"product_tag","embeddable":true,"href":"https:\/\/www.maag-polska.pl\/ro\/wp-json\/wp\/v2\/product_tag?post=25860"}],"curies":[{"name":"wp","href":"https:\/\/api.w.org\/{rel}","templated":true}]}}