{"id":25857,"date":"2025-09-01T08:30:32","date_gmt":"2025-09-01T08:30:32","guid":{"rendered":"https:\/\/www.maag-polska.pl\/obrzeza-meblowe\/d10-1-pine\/"},"modified":"2025-09-01T09:10:22","modified_gmt":"2025-09-01T09:10:22","slug":"d10-1-pine","status":"publish","type":"product","link":"https:\/\/www.maag-polska.pl\/ro\/obrzeza-meblowe\/d10-1-pine\/","title":{"rendered":"Margini Mobilier D10\/1 PINE"},"content":{"rendered":"<div>\n<p>Banda de margine din PVC D10\/1 SOSNA realizat\u0103 cu meticulozitate capteaz\u0103 c\u0103ldura autentic\u0103 a lemnului de pin, oferind o tranzi\u021bie perfect\u0103 \u00eentre suprafa\u021b\u0103 \u0219i margine. Compozi\u021bia din PVC pur men\u021bine o stabilitate excep\u021bional\u0103 a culorii, p\u0103str\u00e2ndu-\u0219i aspectul natural chiar \u0219i \u00een cazul expunerii prelungite la lumina soarelui, datorit\u0103 propriet\u0103\u021bilor avansate rezistente la UV. Fiecare detaliu al modelului din lemn este redat cu precizie, cre\u00e2nd o margine de mobilier coez\u0103 vizual, care spore\u0219te atractivitatea estetic\u0103 general\u0103 a pieselor tale.<\/p>\n<p>Acest material versatil pentru prelucrarea lemnului se adapteaz\u0103 f\u0103r\u0103 efort la diverse aplica\u021bii de mobilier, de la dulapuri de buc\u0103t\u0103rie la mobilier de birou. Banda de margine D10\/1 SOSNA proceseaz\u0103 f\u0103r\u0103 probleme cu echipamente standard, gener\u00e2nd de\u0219euri minime, asigur\u00e2nd \u00een acela\u0219i timp rezultate consistente. Construc\u021bia sa durabil\u0103 rezist\u0103 la uzura zilnic\u0103, f\u0103c\u00e2ndu-l ideal pentru mediile comerciale cu trafic intens \u0219i pentru spa\u021biile reziden\u021biale deopotriv\u0103. Parametrii tehnici ai materialului suport\u0103 at\u00e2t aplica\u021bii drepte, c\u00e2t \u0219i curbate, oferind flexibilitate \u00een proiectare f\u0103r\u0103 a compromite integritatea structural\u0103.<\/p>\n<\/div>\n","protected":false},"excerpt":{"rendered":"<p>22&#215;0,6; 22&#215;1; 22&#215;2; 35&#215;1*; 42&#215;2<\/p>\n","protected":false},"featured_media":21549,"comment_status":"closed","ping_status":"open","template":"","meta":{"_acf_changed":false},"product_brand":[],"product_cat":[1209],"product_tag":[],"class_list":{"0":"post-25857","1":"product","2":"type-product","3":"status-publish","4":"has-post-thumbnail","6":"product_cat-margini-mobilier","8":"first","9":"instock","10":"product-type-simple"},"acf":[],"_links":{"self":[{"href":"https:\/\/www.maag-polska.pl\/ro\/wp-json\/wp\/v2\/product\/25857","targetHints":{"allow":["GET"]}}],"collection":[{"href":"https:\/\/www.maag-polska.pl\/ro\/wp-json\/wp\/v2\/product"}],"about":[{"href":"https:\/\/www.maag-polska.pl\/ro\/wp-json\/wp\/v2\/types\/product"}],"replies":[{"embeddable":true,"href":"https:\/\/www.maag-polska.pl\/ro\/wp-json\/wp\/v2\/comments?post=25857"}],"wp:featuredmedia":[{"embeddable":true,"href":"https:\/\/www.maag-polska.pl\/ro\/wp-json\/wp\/v2\/media\/21549"}],"wp:attachment":[{"href":"https:\/\/www.maag-polska.pl\/ro\/wp-json\/wp\/v2\/media?parent=25857"}],"wp:term":[{"taxonomy":"product_brand","embeddable":true,"href":"https:\/\/www.maag-polska.pl\/ro\/wp-json\/wp\/v2\/product_brand?post=25857"},{"taxonomy":"product_cat","embeddable":true,"href":"https:\/\/www.maag-polska.pl\/ro\/wp-json\/wp\/v2\/product_cat?post=25857"},{"taxonomy":"product_tag","embeddable":true,"href":"https:\/\/www.maag-polska.pl\/ro\/wp-json\/wp\/v2\/product_tag?post=25857"}],"curies":[{"name":"wp","href":"https:\/\/api.w.org\/{rel}","templated":true}]}}