{"id":25856,"date":"2025-09-01T08:30:32","date_gmt":"2025-09-01T08:30:32","guid":{"rendered":"https:\/\/www.maag-polska.pl\/obrzeza-meblowe\/d1-1-natural-alder\/"},"modified":"2025-09-01T09:10:21","modified_gmt":"2025-09-01T09:10:21","slug":"d1-1-natural-alder","status":"publish","type":"product","link":"https:\/\/www.maag-polska.pl\/ro\/obrzeza-meblowe\/d1-1-natural-alder\/","title":{"rendered":"Margini Mobilier D1\/1 NATURAL ALDER"},"content":{"rendered":"<div>\n<p>Banda de margine din PVC D1\/1 OLCHA NATURALNA de \u00eenalt\u0103 performan\u021b\u0103 ofer\u0103 parametri tehnici superiori prin compozi\u021bia polimeric\u0103 avansat\u0103. Aceast\u0103 formul\u0103 de PVC pur atinge o consisten\u021b\u0103 de culoare de 99,8% \u00een loturile de produc\u021bie, cu protec\u021bie UV integrat\u0103 la nivel molecular. Grosimea de 1 mm calibrat\u0103 cu precizie asigur\u0103 o aderen\u021b\u0103 optim\u0103, men\u021bin\u00e2nd \u00een acela\u0219i timp o rezisten\u021b\u0103 la trac\u021biune de 28 N\/mm\u00b2, dep\u0103\u0219ind standardele din industrie pentru materialele pentru prelucrarea lemnului.<\/p>\n<p>Eficientiza\u021bi-v\u0103 produc\u021bia de mobilier cu aceast\u0103 solu\u021bie rentabil\u0103 de bandare a marginilor care reduce risipa de material cu p\u00e2n\u0103 la 35% \u00een compara\u021bie cu alternativele standard. Structura specializat\u0103 a suprafe\u021bei permite viteze mai mari de procesare f\u0103r\u0103 a compromite calitatea marginilor, permi\u021b\u00e2nd aplicarea eficient\u0103 at\u00e2t pe marginile drepte, c\u00e2t \u0219i pe cele curbate ale mobilierului. Durabilitatea sa sporit\u0103 se traduce prin mai pu\u021bine \u00eenlocuiri \u0219i cerin\u021be minime de \u00eentre\u021binere \u00een aplica\u021biile comerciale.<\/p>\n<\/div>\n","protected":false},"excerpt":{"rendered":"<p>22&#215;0,6; 22&#215;1; 22&#215;2; 28&#215;2*; 32&#215;2*; 35&#215;1*; 42&#215;2<\/p>\n","protected":false},"featured_media":21546,"comment_status":"closed","ping_status":"open","template":"","meta":{"_acf_changed":false},"product_brand":[],"product_cat":[1209],"product_tag":[],"class_list":{"0":"post-25856","1":"product","2":"type-product","3":"status-publish","4":"has-post-thumbnail","6":"product_cat-margini-mobilier","8":"first","9":"instock","10":"product-type-simple"},"acf":[],"_links":{"self":[{"href":"https:\/\/www.maag-polska.pl\/ro\/wp-json\/wp\/v2\/product\/25856","targetHints":{"allow":["GET"]}}],"collection":[{"href":"https:\/\/www.maag-polska.pl\/ro\/wp-json\/wp\/v2\/product"}],"about":[{"href":"https:\/\/www.maag-polska.pl\/ro\/wp-json\/wp\/v2\/types\/product"}],"replies":[{"embeddable":true,"href":"https:\/\/www.maag-polska.pl\/ro\/wp-json\/wp\/v2\/comments?post=25856"}],"wp:featuredmedia":[{"embeddable":true,"href":"https:\/\/www.maag-polska.pl\/ro\/wp-json\/wp\/v2\/media\/21546"}],"wp:attachment":[{"href":"https:\/\/www.maag-polska.pl\/ro\/wp-json\/wp\/v2\/media?parent=25856"}],"wp:term":[{"taxonomy":"product_brand","embeddable":true,"href":"https:\/\/www.maag-polska.pl\/ro\/wp-json\/wp\/v2\/product_brand?post=25856"},{"taxonomy":"product_cat","embeddable":true,"href":"https:\/\/www.maag-polska.pl\/ro\/wp-json\/wp\/v2\/product_cat?post=25856"},{"taxonomy":"product_tag","embeddable":true,"href":"https:\/\/www.maag-polska.pl\/ro\/wp-json\/wp\/v2\/product_tag?post=25856"}],"curies":[{"name":"wp","href":"https:\/\/api.w.org\/{rel}","templated":true}]}}