{"id":25818,"date":"2025-09-01T08:29:30","date_gmt":"2025-09-01T08:29:30","guid":{"rendered":"https:\/\/www.maag-polska.pl\/obrzeza-meblowe\/308-bottle-green\/"},"modified":"2025-09-01T09:09:44","modified_gmt":"2025-09-01T09:09:44","slug":"308-bottle-green","status":"publish","type":"product","link":"https:\/\/www.maag-polska.pl\/ro\/obrzeza-meblowe\/308-bottle-green\/","title":{"rendered":"Margini Mobilier 308 BOTTLE GREEN"},"content":{"rendered":"<div>\n<p>Proiectat cu compu\u0219i din PVC pur de \u00eenalt\u0103 calitate, aceast\u0103 band\u0103 de margine ZIELE\u0143 BUTELKOWA ofer\u0103 performan\u021be tehnice excep\u021bionale pentru materialele moderne de prelucrare a lemnului. Formula special\u0103 rezistent\u0103 la UV men\u021bine stabilitatea culorii la expunerea la lumin\u0103 intens\u0103, prevenind decolorarea nuan\u021bei distinctive de verde sticla (U19016 SD\/PU2206). Testat\u0103 \u00een laborator pentru rezisten\u021b\u0103 la impact de p\u00e2n\u0103 la 150 N\/mm\u00b2, aceast\u0103 band\u0103 de margine din PVC rezist\u0103 la solicit\u0103ri mecanice grele, men\u021bin\u00e2nd \u00een acela\u0219i timp stabilitatea dimensional\u0103 la temperaturi cuprinse \u00eentre -20\u00b0C \u0219i +80\u00b0C. Grosimea de 2 mm fabricat\u0103 cu precizie asigur\u0103 o rezisten\u021b\u0103 optim\u0103 de aderen\u021b\u0103 de 3,5 N\/mm\u00b2, respect\u00e2nd standardele DIN EN ISO 11339.<\/p>\n<p>Eficientiza\u021bi-v\u0103 produc\u021bia de mobil\u0103 cu aceast\u0103 solu\u021bie rentabil\u0103 de band\u0103 de margine ZIELE\u0143 BUTELKOWA care reduce risipa de material cu p\u00e2n\u0103 la 25% \u00een compara\u021bie cu op\u021biunile tradi\u021bionale. Caracteristicile optimizate de procesare permit viteze mai rapide de aplicare, de p\u00e2n\u0103 la 30 m\/min, reduc\u00e2nd semnificativ timpul de produc\u021bie. Perfect\u0103 pentru produc\u021bia de dulapuri de mare volum, aceast\u0103 margine a mobilierului ofer\u0103 rezultate consistente cu o t\u0103iere minim\u0103 necesar\u0103. Formularea avansat\u0103 asigur\u0103 t\u0103ieturi curate, f\u0103r\u0103 a\u0219chiere, reduc\u00e2nd costurile de post-procesare, men\u021bin\u00e2nd \u00een acela\u0219i timp calitatea profesional\u0103 a finisajului. Compatibil at\u00e2t cu sistemele de bandare a marginilor manuale, c\u00e2t \u0219i cu cele automate, ofer\u0103 versatilitate la diferite sc\u0103ri de produc\u021bie.<\/p>\n<\/div>\n","protected":false},"excerpt":{"rendered":"<p>22&#215;0,6; 22&#215;0,8; 22&#215;2; 35&#215;1*; 42&#215;0,8; 42&#215;2<\/p>\n","protected":false},"featured_media":21432,"comment_status":"closed","ping_status":"open","template":"","meta":{"_acf_changed":false},"product_brand":[],"product_cat":[1209],"product_tag":[],"class_list":{"0":"post-25818","1":"product","2":"type-product","3":"status-publish","4":"has-post-thumbnail","6":"product_cat-margini-mobilier","8":"first","9":"instock","10":"product-type-simple"},"acf":[],"_links":{"self":[{"href":"https:\/\/www.maag-polska.pl\/ro\/wp-json\/wp\/v2\/product\/25818","targetHints":{"allow":["GET"]}}],"collection":[{"href":"https:\/\/www.maag-polska.pl\/ro\/wp-json\/wp\/v2\/product"}],"about":[{"href":"https:\/\/www.maag-polska.pl\/ro\/wp-json\/wp\/v2\/types\/product"}],"replies":[{"embeddable":true,"href":"https:\/\/www.maag-polska.pl\/ro\/wp-json\/wp\/v2\/comments?post=25818"}],"wp:featuredmedia":[{"embeddable":true,"href":"https:\/\/www.maag-polska.pl\/ro\/wp-json\/wp\/v2\/media\/21432"}],"wp:attachment":[{"href":"https:\/\/www.maag-polska.pl\/ro\/wp-json\/wp\/v2\/media?parent=25818"}],"wp:term":[{"taxonomy":"product_brand","embeddable":true,"href":"https:\/\/www.maag-polska.pl\/ro\/wp-json\/wp\/v2\/product_brand?post=25818"},{"taxonomy":"product_cat","embeddable":true,"href":"https:\/\/www.maag-polska.pl\/ro\/wp-json\/wp\/v2\/product_cat?post=25818"},{"taxonomy":"product_tag","embeddable":true,"href":"https:\/\/www.maag-polska.pl\/ro\/wp-json\/wp\/v2\/product_tag?post=25818"}],"curies":[{"name":"wp","href":"https:\/\/api.w.org\/{rel}","templated":true}]}}