{"id":25815,"date":"2025-09-01T08:29:30","date_gmt":"2025-09-01T08:29:30","guid":{"rendered":"https:\/\/www.maag-polska.pl\/obrzeza-meblowe\/305-cool-grey\/"},"modified":"2025-09-01T09:09:43","modified_gmt":"2025-09-01T09:09:43","slug":"305-cool-grey","status":"publish","type":"product","link":"https:\/\/www.maag-polska.pl\/ro\/obrzeza-meblowe\/305-cool-grey\/","title":{"rendered":"Margini Mobilier 305 COOL GREY"},"content":{"rendered":"<div>\n<p>Banda de margine rafinat\u0103 SZARY surprinde esen\u021ba minimalismului modern cu tonul s\u0103u de gri atent calibrat, care se potrive\u0219te perfect cu decorurile Kronospan 0191 SU \u0219i Egger U708 ST9. Compozi\u021bia din PVC pur asigur\u0103 o stabilitate excep\u021bional\u0103 a culorii, men\u021bin\u00e2ndu-\u0219i aspectul neutru sofisticat chiar \u0219i \u00een cazul expunerii prelungite la lumina natural\u0103. Finisajul neted \u0219i mat al acestei benzi de margine creeaz\u0103 tranzi\u021bii f\u0103r\u0103 sudur\u0103 care \u00eembun\u0103t\u0103\u021besc estetica general\u0103 a mobilierului.<\/p>\n<p>Materialele de prelucrare a lemnului proiectate cu experien\u021b\u0103, cum ar fi aceast\u0103 band\u0103 de margine din PVC, ofer\u0103 o versatilitate remarcabil\u0103 \u00een numeroase aplica\u021bii de mobilier. De la dulapuri de birou la solu\u021bii de depozitare reziden\u021biale, propriet\u0103\u021bile rezistente la impact ale materialului \u0219i protec\u021bia UV \u00eel fac ideal at\u00e2t pentru zonele cu trafic intens, c\u00e2t \u0219i pentru zonele expuse la soare. Dimensiunile precise ale marginii \u0219i propriet\u0103\u021bile superioare de aderen\u021b\u0103 au ca rezultat pierderi minime \u00een timpul proces\u0103rii, asigur\u00e2nd \u00een acela\u0219i timp marginile durabile ale mobilierului care \u00ee\u0219i men\u021bin integritatea de-a lungul anilor de utilizare.<\/p>\n<\/div>\n","protected":false},"excerpt":{"rendered":"<p>22&#215;0,6; 22&#215;0,8; 22&#215;1; 22&#215;2; 35&#215;1*; 42&#215;0,8; 42&#215;2<\/p>\n","protected":false},"featured_media":21423,"comment_status":"closed","ping_status":"open","template":"","meta":{"_acf_changed":false},"product_brand":[],"product_cat":[1209],"product_tag":[],"class_list":{"0":"post-25815","1":"product","2":"type-product","3":"status-publish","4":"has-post-thumbnail","6":"product_cat-margini-mobilier","8":"first","9":"instock","10":"product-type-simple"},"acf":[],"_links":{"self":[{"href":"https:\/\/www.maag-polska.pl\/ro\/wp-json\/wp\/v2\/product\/25815","targetHints":{"allow":["GET"]}}],"collection":[{"href":"https:\/\/www.maag-polska.pl\/ro\/wp-json\/wp\/v2\/product"}],"about":[{"href":"https:\/\/www.maag-polska.pl\/ro\/wp-json\/wp\/v2\/types\/product"}],"replies":[{"embeddable":true,"href":"https:\/\/www.maag-polska.pl\/ro\/wp-json\/wp\/v2\/comments?post=25815"}],"wp:featuredmedia":[{"embeddable":true,"href":"https:\/\/www.maag-polska.pl\/ro\/wp-json\/wp\/v2\/media\/21423"}],"wp:attachment":[{"href":"https:\/\/www.maag-polska.pl\/ro\/wp-json\/wp\/v2\/media?parent=25815"}],"wp:term":[{"taxonomy":"product_brand","embeddable":true,"href":"https:\/\/www.maag-polska.pl\/ro\/wp-json\/wp\/v2\/product_brand?post=25815"},{"taxonomy":"product_cat","embeddable":true,"href":"https:\/\/www.maag-polska.pl\/ro\/wp-json\/wp\/v2\/product_cat?post=25815"},{"taxonomy":"product_tag","embeddable":true,"href":"https:\/\/www.maag-polska.pl\/ro\/wp-json\/wp\/v2\/product_tag?post=25815"}],"curies":[{"name":"wp","href":"https:\/\/api.w.org\/{rel}","templated":true}]}}