{"id":25814,"date":"2025-09-01T08:29:30","date_gmt":"2025-09-01T08:29:30","guid":{"rendered":"https:\/\/www.maag-polska.pl\/obrzeza-meblowe\/304-smoke-green\/"},"modified":"2025-09-01T09:09:42","modified_gmt":"2025-09-01T09:09:42","slug":"304-smoke-green","status":"publish","type":"product","link":"https:\/\/www.maag-polska.pl\/ro\/obrzeza-meblowe\/304-smoke-green\/","title":{"rendered":"Margini Mobilier 304 SMOKE GREEN"},"content":{"rendered":"<div>\n<p>Proiectat cu compozi\u021bie pur PVC, banda de margine 304 DYMIONA ZIELE\u0143 ofer\u0103 performan\u021be tehnice excep\u021bionale, care se potrivesc cu specifica\u021biile Kronospan K521 SU. Acest material pentru prelucrarea lemnului are un profil de grosime calibrat cu precizie de 2 mm, asigur\u00e2nd o aderen\u021b\u0103 optim\u0103 \u0219i o stabilitate la prelucrare. Polimerii rezisten\u021bi la UV sunt integra\u021bi \u00een structura materialului, prevenind degradarea culorii chiar \u0219i \u00een cazul expunerii intense la lumin\u0103. Suprafa\u021ba benzii de margine men\u021bine un nivel constant de luciu de 45\u00b0, \u00een timp ce procesul specializat de extrudare garanteaz\u0103 o toleran\u021b\u0103 de abatere de \u00b10,10 mm pentru prelucrare precis\u0103.<\/p>\n<p>Tonul verde fumuriu sofisticat al benzilor de margine din PVC DYMIONA ZIELE\u0143 se traduce printr-o eficien\u021b\u0103 m\u0103surabil\u0103 a costurilor prin procesul de aplicare simplificat. Formula sa optimizat\u0103 reduce risipa de material cu p\u00e2n\u0103 la 25% \u00een compara\u021bie cu alternativele standard, men\u021bin\u00e2nd \u00een acela\u0219i timp o defini\u021bie superioar\u0103 a marginilor. Finisarea marginilor mobilierului necesit\u0103 o post-procesare minim\u0103, reducerea timpului de munc\u0103 \u0219i a costurilor asociate. Durabilitatea acestei benzi de margine din PVC extinde ciclul de via\u021b\u0103 al mobilierului, oferind o rezisten\u021b\u0103 excelent\u0103 la impact \u0219i o stabilitate dimensional\u0103 care reduce semnificativ cheltuielile legate de garan\u021bie. Perfect pentru instala\u021biile comerciale cu trafic intens, unde longevitatea estetic\u0103 are un impact direct asupra rentabilit\u0103\u021bii investi\u021biei.<\/p>\n<\/div>\n","protected":false},"excerpt":{"rendered":"<p>22&#215;0,6; 22&#215;0,8; 22&#215;2; 35&#215;1*; 42&#215;0,8; 42&#215;2<\/p>\n","protected":false},"featured_media":21420,"comment_status":"closed","ping_status":"open","template":"","meta":{"_acf_changed":false},"product_brand":[],"product_cat":[1209],"product_tag":[],"class_list":{"0":"post-25814","1":"product","2":"type-product","3":"status-publish","4":"has-post-thumbnail","6":"product_cat-margini-mobilier","8":"first","9":"instock","10":"product-type-simple"},"acf":[],"_links":{"self":[{"href":"https:\/\/www.maag-polska.pl\/ro\/wp-json\/wp\/v2\/product\/25814","targetHints":{"allow":["GET"]}}],"collection":[{"href":"https:\/\/www.maag-polska.pl\/ro\/wp-json\/wp\/v2\/product"}],"about":[{"href":"https:\/\/www.maag-polska.pl\/ro\/wp-json\/wp\/v2\/types\/product"}],"replies":[{"embeddable":true,"href":"https:\/\/www.maag-polska.pl\/ro\/wp-json\/wp\/v2\/comments?post=25814"}],"wp:featuredmedia":[{"embeddable":true,"href":"https:\/\/www.maag-polska.pl\/ro\/wp-json\/wp\/v2\/media\/21420"}],"wp:attachment":[{"href":"https:\/\/www.maag-polska.pl\/ro\/wp-json\/wp\/v2\/media?parent=25814"}],"wp:term":[{"taxonomy":"product_brand","embeddable":true,"href":"https:\/\/www.maag-polska.pl\/ro\/wp-json\/wp\/v2\/product_brand?post=25814"},{"taxonomy":"product_cat","embeddable":true,"href":"https:\/\/www.maag-polska.pl\/ro\/wp-json\/wp\/v2\/product_cat?post=25814"},{"taxonomy":"product_tag","embeddable":true,"href":"https:\/\/www.maag-polska.pl\/ro\/wp-json\/wp\/v2\/product_tag?post=25814"}],"curies":[{"name":"wp","href":"https:\/\/api.w.org\/{rel}","templated":true}]}}