{"id":25810,"date":"2025-09-01T08:29:30","date_gmt":"2025-09-01T08:29:30","guid":{"rendered":"https:\/\/www.maag-polska.pl\/obrzeza-meblowe\/300-alby-blue\/"},"modified":"2025-09-01T09:09:40","modified_gmt":"2025-09-01T09:09:40","slug":"300-alby-blue","status":"publish","type":"product","link":"https:\/\/www.maag-polska.pl\/ro\/obrzeza-meblowe\/300-alby-blue\/","title":{"rendered":"Margini Mobilier 300 ALBY BLUE"},"content":{"rendered":"<div>\n<p>Banda de margine din PVC realizat\u0103 cu precizie \u00een ALBY BLUE (Kronospan 5994 SU) ofer\u0103 performan\u021be tehnice excep\u021bionale, cu o toleran\u021b\u0103 la grosime de \u00b10,1 mm. Compozi\u021bia din PVC pur asigur\u0103 o rezisten\u021b\u0103 superioar\u0103 la UV, men\u021bin\u00e2nd stabilitatea culorii chiar \u0219i la expunerea la lumin\u0103 intens\u0103. Procesele avansate de fabrica\u021bie au ca rezultat o duritate a suprafe\u021bei de 75 Shore D, f\u0103c\u00e2nd aceste materiale de prelucrare a lemnului ideale pentru aplica\u021bii cu trafic intens.<\/p>\n<p>Eficientiza\u021bi-v\u0103 produc\u021bia de mobilier cu aceast\u0103 solu\u021bie rentabil\u0103 de band\u0103 de margine care reduce risipa de material cu p\u00e2n\u0103 la 30%. Propriet\u0103\u021bile de aderen\u021b\u0103 optimizate ale benzilor de margine ALBY BLUE minimizeaz\u0103 ratele de respingere \u00een timpul proces\u0103rii, \u00een timp ce potrivirea sa constant\u0103 a culorilor cu panourile Kronospan 5994 SU elimin\u0103 necesitatea \u00eenlocuirilor costisitoare. Perfect pentru proiectele de mobilier comercial, unde durabilitatea se \u00eent\u00e2lne\u0219te cu eficien\u021ba designului.<\/p>\n<\/div>\n","protected":false},"excerpt":{"rendered":"<p>22&#215;0,6; 22&#215;0,8; 22&#215;1; 22&#215;2; 35&#215;1*; 42&#215;0,8; 42&#215;2<\/p>\n","protected":false},"featured_media":21408,"comment_status":"closed","ping_status":"open","template":"","meta":{"_acf_changed":false},"product_brand":[],"product_cat":[1209],"product_tag":[],"class_list":{"0":"post-25810","1":"product","2":"type-product","3":"status-publish","4":"has-post-thumbnail","6":"product_cat-margini-mobilier","8":"first","9":"instock","10":"product-type-simple"},"acf":[],"_links":{"self":[{"href":"https:\/\/www.maag-polska.pl\/ro\/wp-json\/wp\/v2\/product\/25810","targetHints":{"allow":["GET"]}}],"collection":[{"href":"https:\/\/www.maag-polska.pl\/ro\/wp-json\/wp\/v2\/product"}],"about":[{"href":"https:\/\/www.maag-polska.pl\/ro\/wp-json\/wp\/v2\/types\/product"}],"replies":[{"embeddable":true,"href":"https:\/\/www.maag-polska.pl\/ro\/wp-json\/wp\/v2\/comments?post=25810"}],"wp:featuredmedia":[{"embeddable":true,"href":"https:\/\/www.maag-polska.pl\/ro\/wp-json\/wp\/v2\/media\/21408"}],"wp:attachment":[{"href":"https:\/\/www.maag-polska.pl\/ro\/wp-json\/wp\/v2\/media?parent=25810"}],"wp:term":[{"taxonomy":"product_brand","embeddable":true,"href":"https:\/\/www.maag-polska.pl\/ro\/wp-json\/wp\/v2\/product_brand?post=25810"},{"taxonomy":"product_cat","embeddable":true,"href":"https:\/\/www.maag-polska.pl\/ro\/wp-json\/wp\/v2\/product_cat?post=25810"},{"taxonomy":"product_tag","embeddable":true,"href":"https:\/\/www.maag-polska.pl\/ro\/wp-json\/wp\/v2\/product_tag?post=25810"}],"curies":[{"name":"wp","href":"https:\/\/api.w.org\/{rel}","templated":true}]}}