{"id":25806,"date":"2025-09-01T08:29:30","date_gmt":"2025-09-01T08:29:30","guid":{"rendered":"https:\/\/www.maag-polska.pl\/obrzeza-meblowe\/296-manhattan-grey\/"},"modified":"2025-09-01T09:09:37","modified_gmt":"2025-09-01T09:09:37","slug":"296-manhattan-grey","status":"publish","type":"product","link":"https:\/\/www.maag-polska.pl\/ro\/obrzeza-meblowe\/296-manhattan-grey\/","title":{"rendered":"Margini Mobilier 296 MANHATTAN GREY"},"content":{"rendered":"<div>\n<p>Banda de margine din PVC realizat\u0103 cu precizie din MANHATTAN SZARY (296) ofer\u0103 performan\u021be tehnice excep\u021bionale, cu o toleran\u021b\u0103 la grosime de \u00b10,2 mm. Compozi\u021bia din PVC pur asigur\u0103 rezisten\u021b\u0103 superioar\u0103 la UV p\u00e2n\u0103 la 1000 de ore de testare accelerat\u0103, men\u021bin\u00e2nd \u00een acela\u0219i timp stabilitatea dimensional\u0103 la temperaturi cuprinse \u00eentre -20\u00b0C \u0219i +80\u00b0C. Acest material pentru prelucrarea lemnului are o structur\u0103 de suprafa\u021b\u0103 specializat\u0103 care permite viteze automate de procesare de p\u00e2n\u0103 la 25 m\/min, f\u0103r\u0103 a compromite calitatea marginilor.<\/p>\n<p>Banda de margine MANHATTAN SZARY maximizeaz\u0103 eficien\u021ba produc\u021biei prin caracteristicile sale optimizate de procesare, reduc\u00e2nd risipa de material cu p\u00e2n\u0103 la 30% \u00een compara\u021bie cu alternativele standard. Solu\u021bia de margine a mobilierului men\u021bine o potrivire constant\u0103 a culorilor cu panourile Kronospan 0540 PE, elimin\u00e2nd \u00eenlocuirile costisitoare din cauza decolor\u0103rii induse de UV. Formula sa rezistent\u0103 la impact prelunge\u0219te durata de via\u021b\u0103 a mobilierului, oferind economii m\u0103surabile de costuri at\u00e2t \u00een produc\u021bie, c\u00e2t \u0219i \u00een \u00eentre\u021binerea pe termen lung.<\/p>\n<\/div>\n","protected":false},"excerpt":{"rendered":"<p>22&#215;0,6; 22&#215;0,8; 22&#215;1; 22&#215;2; 35&#215;1*; 42&#215;0,8; 42&#215;2<\/p>\n","protected":false},"featured_media":21396,"comment_status":"closed","ping_status":"open","template":"","meta":{"_acf_changed":false},"product_brand":[],"product_cat":[1209],"product_tag":[],"class_list":{"0":"post-25806","1":"product","2":"type-product","3":"status-publish","4":"has-post-thumbnail","6":"product_cat-margini-mobilier","8":"first","9":"instock","10":"product-type-simple"},"acf":[],"_links":{"self":[{"href":"https:\/\/www.maag-polska.pl\/ro\/wp-json\/wp\/v2\/product\/25806","targetHints":{"allow":["GET"]}}],"collection":[{"href":"https:\/\/www.maag-polska.pl\/ro\/wp-json\/wp\/v2\/product"}],"about":[{"href":"https:\/\/www.maag-polska.pl\/ro\/wp-json\/wp\/v2\/types\/product"}],"replies":[{"embeddable":true,"href":"https:\/\/www.maag-polska.pl\/ro\/wp-json\/wp\/v2\/comments?post=25806"}],"wp:featuredmedia":[{"embeddable":true,"href":"https:\/\/www.maag-polska.pl\/ro\/wp-json\/wp\/v2\/media\/21396"}],"wp:attachment":[{"href":"https:\/\/www.maag-polska.pl\/ro\/wp-json\/wp\/v2\/media?parent=25806"}],"wp:term":[{"taxonomy":"product_brand","embeddable":true,"href":"https:\/\/www.maag-polska.pl\/ro\/wp-json\/wp\/v2\/product_brand?post=25806"},{"taxonomy":"product_cat","embeddable":true,"href":"https:\/\/www.maag-polska.pl\/ro\/wp-json\/wp\/v2\/product_cat?post=25806"},{"taxonomy":"product_tag","embeddable":true,"href":"https:\/\/www.maag-polska.pl\/ro\/wp-json\/wp\/v2\/product_tag?post=25806"}],"curies":[{"name":"wp","href":"https:\/\/api.w.org\/{rel}","templated":true}]}}