{"id":25805,"date":"2025-09-01T08:29:30","date_gmt":"2025-09-01T08:29:30","guid":{"rendered":"https:\/\/www.maag-polska.pl\/obrzeza-meblowe\/295-dark-emerald\/"},"modified":"2025-09-01T09:09:37","modified_gmt":"2025-09-01T09:09:37","slug":"295-dark-emerald","status":"publish","type":"product","link":"https:\/\/www.maag-polska.pl\/ro\/obrzeza-meblowe\/295-dark-emerald\/","title":{"rendered":"Margini Mobilier 295 DARK EMERALD"},"content":{"rendered":"<div>\n<p>Bordurile profesionale din PVC din CIEMNY SZMARAGD (295) ofer\u0103 o durabilitate excep\u021bional\u0103 cu o grosime de 2 mm \u0219i o formul\u0103 avansat\u0103 rezistent\u0103 la UV. Aceast\u0103 compozi\u021bie din PVC pur asigur\u0103 stabilitatea dimensional\u0103 \u0219i \u00ee\u0219i men\u021bine tonul profund de smarald chiar \u0219i \u00een cazul utiliz\u0103rii intensive. Materialul are o toleran\u021b\u0103 precis\u0103 de +\/- 0,02 mm, o rezisten\u021b\u0103 la impact de 98% \u0219i o stabilitate certificat\u0103 a culorii care dep\u0103\u0219e\u0219te 6 pe scara Blue Wool. \u00cembun\u0103t\u0103\u021bit cu propriet\u0103\u021bi antistatice \u0219i o structur\u0103 de suprafa\u021b\u0103 specializat\u0103 pentru o aderen\u021b\u0103 optim\u0103 a lipiciului.<\/p>\n<p>Perfect potrivit pentru produc\u021bia de mobilier de ultim\u0103 genera\u021bie, unde accentele de verde \u00eenchis creeaz\u0103 declara\u021bii de design sofisticate. Acest material de prelucrare a lemnului exceleaz\u0103 \u00een mobilierul de birou comercial, vitrinele de lux de v\u00e2nzare cu am\u0103nuntul \u0219i dulapurile de buc\u0103t\u0103rie contemporane. Parametrii tehnici superiori ai benzii de cant \u00eel fac ideal pentru suprafe\u021bele intens utilizate \u00een mediile de ospitalitate. Recomandat pentru aplica\u021bii verticale \u0219i orizontale \u00een care potrivirea uniform\u0103 a culorilor cu panourile Kronospan K520 SU este esen\u021bial\u0103. Deosebit de eficient \u00een zonele predispuse la umezeal\u0103 datorit\u0103 propriet\u0103\u021bilor sale excelente de rezisten\u021b\u0103 la ap\u0103.<\/p>\n<\/div>\n","protected":false},"excerpt":{"rendered":"<p>22&#215;0,6; 22&#215;0,8; 22&#215;2; 35&#215;1*; 42&#215;0,8; 42&#215;2<\/p>\n","protected":false},"featured_media":21393,"comment_status":"closed","ping_status":"open","template":"","meta":{"_acf_changed":false},"product_brand":[],"product_cat":[1209],"product_tag":[],"class_list":{"0":"post-25805","1":"product","2":"type-product","3":"status-publish","4":"has-post-thumbnail","6":"product_cat-margini-mobilier","8":"first","9":"instock","10":"product-type-simple"},"acf":[],"_links":{"self":[{"href":"https:\/\/www.maag-polska.pl\/ro\/wp-json\/wp\/v2\/product\/25805","targetHints":{"allow":["GET"]}}],"collection":[{"href":"https:\/\/www.maag-polska.pl\/ro\/wp-json\/wp\/v2\/product"}],"about":[{"href":"https:\/\/www.maag-polska.pl\/ro\/wp-json\/wp\/v2\/types\/product"}],"replies":[{"embeddable":true,"href":"https:\/\/www.maag-polska.pl\/ro\/wp-json\/wp\/v2\/comments?post=25805"}],"wp:featuredmedia":[{"embeddable":true,"href":"https:\/\/www.maag-polska.pl\/ro\/wp-json\/wp\/v2\/media\/21393"}],"wp:attachment":[{"href":"https:\/\/www.maag-polska.pl\/ro\/wp-json\/wp\/v2\/media?parent=25805"}],"wp:term":[{"taxonomy":"product_brand","embeddable":true,"href":"https:\/\/www.maag-polska.pl\/ro\/wp-json\/wp\/v2\/product_brand?post=25805"},{"taxonomy":"product_cat","embeddable":true,"href":"https:\/\/www.maag-polska.pl\/ro\/wp-json\/wp\/v2\/product_cat?post=25805"},{"taxonomy":"product_tag","embeddable":true,"href":"https:\/\/www.maag-polska.pl\/ro\/wp-json\/wp\/v2\/product_tag?post=25805"}],"curies":[{"name":"wp","href":"https:\/\/api.w.org\/{rel}","templated":true}]}}