{"id":25803,"date":"2025-09-01T08:29:30","date_gmt":"2025-09-01T08:29:30","guid":{"rendered":"https:\/\/www.maag-polska.pl\/obrzeza-meblowe\/293-deep-sahara\/"},"modified":"2025-09-01T09:09:36","modified_gmt":"2025-09-01T09:09:36","slug":"293-deep-sahara","status":"publish","type":"product","link":"https:\/\/www.maag-polska.pl\/ro\/obrzeza-meblowe\/293-deep-sahara\/","title":{"rendered":"Margini Mobilier 293 DEEP SAHARA"},"content":{"rendered":"<div>\n<p>Tonurile ad\u00e2nci din Sahara se \u00eembin\u0103 cu texturile sofisticate ale lemnului \u00een aceast\u0103 band\u0103 de margine din PVC, surprinz\u00e2nd esen\u021ba peisajelor coapte de soare \u00een Kronospan K514 SU. Paleta de culori atent calibrat\u0103 creeaz\u0103 un joc fascinant de tonuri calde de p\u0103m\u00e2nt, oferind un echilibru perfect \u00eentre estetica natural\u0103 \u0219i designul contemporan. Suprafa\u021ba acestei benzi de margine are o textur\u0103 subtil\u0103, asem\u0103n\u0103toare nisipului, care adaug\u0103 profunzime, men\u021bin\u00e2nd \u00een acela\u0219i timp un finisaj neted \u0219i profesional.<\/p>\n<p>Fabricat\u0103 din PVC pur, aceast\u0103 band\u0103 de margine rezistent\u0103 la UV exceleaz\u0103 at\u00e2t \u00een proiectele reziden\u021biale, c\u00e2t \u0219i \u00een cele comerciale de prelucrare a lemnului. Grosimea sa versatil\u0103 de 2 mm asigur\u0103 o rezisten\u021b\u0103 optim\u0103 la impact, permi\u021b\u00e2nd \u00een acela\u0219i timp prelucrare precis\u0103 \u0219i pierderi minime \u00een timpul aplic\u0103rii. Marginea mobilierului men\u021bine o stabilitate excep\u021bional\u0103 a culorii \u00een diferite condi\u021bii de iluminare, f\u0103c\u00e2ndu-l ideal pentru dulapuri de buc\u0103t\u0103rie, mobilier de birou \u0219i vitrine de v\u00e2nzare cu am\u0103nuntul. Materialele profesionale pentru prelucrarea lemnului, precum aceasta combin\u0103 durabilitatea practic\u0103 cu prelucrarea simpl\u0103, asigur\u00e2nd t\u0103ieturi curate \u0219i \u00eembin\u0103ri f\u0103r\u0103 sudur\u0103 de fiecare dat\u0103.<\/p>\n<\/div>\n","protected":false},"excerpt":{"rendered":"<p>22&#215;0,6; 22&#215;0,8; 22&#215;2; 35&#215;1*; 42&#215;0,8; 42&#215;2<\/p>\n","protected":false},"featured_media":21387,"comment_status":"closed","ping_status":"open","template":"","meta":{"_acf_changed":false},"product_brand":[],"product_cat":[1209],"product_tag":[],"class_list":{"0":"post-25803","1":"product","2":"type-product","3":"status-publish","4":"has-post-thumbnail","6":"product_cat-margini-mobilier","8":"first","9":"instock","10":"product-type-simple"},"acf":[],"_links":{"self":[{"href":"https:\/\/www.maag-polska.pl\/ro\/wp-json\/wp\/v2\/product\/25803","targetHints":{"allow":["GET"]}}],"collection":[{"href":"https:\/\/www.maag-polska.pl\/ro\/wp-json\/wp\/v2\/product"}],"about":[{"href":"https:\/\/www.maag-polska.pl\/ro\/wp-json\/wp\/v2\/types\/product"}],"replies":[{"embeddable":true,"href":"https:\/\/www.maag-polska.pl\/ro\/wp-json\/wp\/v2\/comments?post=25803"}],"wp:featuredmedia":[{"embeddable":true,"href":"https:\/\/www.maag-polska.pl\/ro\/wp-json\/wp\/v2\/media\/21387"}],"wp:attachment":[{"href":"https:\/\/www.maag-polska.pl\/ro\/wp-json\/wp\/v2\/media?parent=25803"}],"wp:term":[{"taxonomy":"product_brand","embeddable":true,"href":"https:\/\/www.maag-polska.pl\/ro\/wp-json\/wp\/v2\/product_brand?post=25803"},{"taxonomy":"product_cat","embeddable":true,"href":"https:\/\/www.maag-polska.pl\/ro\/wp-json\/wp\/v2\/product_cat?post=25803"},{"taxonomy":"product_tag","embeddable":true,"href":"https:\/\/www.maag-polska.pl\/ro\/wp-json\/wp\/v2\/product_tag?post=25803"}],"curies":[{"name":"wp","href":"https:\/\/api.w.org\/{rel}","templated":true}]}}