{"id":25801,"date":"2025-09-01T08:29:30","date_gmt":"2025-09-01T08:29:30","guid":{"rendered":"https:\/\/www.maag-polska.pl\/obrzeza-meblowe\/291-spice-red\/"},"modified":"2025-09-01T09:09:35","modified_gmt":"2025-09-01T09:09:35","slug":"291-spice-red","status":"publish","type":"product","link":"https:\/\/www.maag-polska.pl\/ro\/obrzeza-meblowe\/291-spice-red\/","title":{"rendered":"Margini Mobilier 291 SPICE RED"},"content":{"rendered":"<div>\n<p>Bordurile profesionale din PVC din PIKANTNA CZERWIE\u0143 (K515 SU) ofer\u0103 o stabilitate excep\u021bional\u0103 a culorii prin formularea avansat\u0103 rezistent\u0103 la UV. Aceast\u0103 compozi\u021bie de PVC pur asigur\u0103 uniformitatea exact\u0103 a grosimii de \u00b1 0,1 mm \u0219i men\u021bine integritatea structural\u0103 la temperaturi de la -20\u00b0C la +80\u00b0C. Materialul are o rezisten\u021b\u0103 de aderen\u021b\u0103 standardizat\u0103 de 2 N\/mm\u00b2 \u0219i demonstreaz\u0103 o rezisten\u021b\u0103 excelent\u0103 la impact de 15 kJ\/m\u00b2. Suprafa\u021ba atinge un nivel de luciu de 4-6 unit\u0103\u021bi, cre\u00e2nd un finisaj mat sofisticat care mascheaz\u0103 uzura minor\u0103.<\/p>\n<p>Ideal pentru fabricarea de mobilier modern, unde sunt dorite accente de ro\u0219u vibrant. Acest material pentru prelucrarea lemnului exceleaz\u0103 \u00een corpurile de expozi\u021bie de v\u00e2nzare cu am\u0103nuntul, mobilierul de birou contemporan \u0219i instala\u021biile comerciale cu trafic intens. Parametrii tehnici ai benzii de cant \u00eel fac deosebit de eficient pentru marginile dulapurilor de buc\u0103t\u0103rie expuse la temperaturi \u0219i niveluri de umiditate diferite. Potrivirea sa precis\u0103 a culorilor cu pl\u0103cile Kronospan K515 SU permite integrarea perfect\u0103 \u00een lucr\u0103rile de construc\u021bie arhitectural\u0103 \u0219i \u00een proiectele de mobilier personalizat, \u00een care tonurile ro\u0219ii consistente sunt esen\u021biale.<\/p>\n<\/div>\n","protected":false},"excerpt":{"rendered":"<p>22&#215;0,6; 22&#215;0,8; 22&#215;2; 35&#215;1*; 42&#215;0,8; 42&#215;2<\/p>\n","protected":false},"featured_media":21381,"comment_status":"closed","ping_status":"open","template":"","meta":{"_acf_changed":false},"product_brand":[],"product_cat":[1209],"product_tag":[],"class_list":{"0":"post-25801","1":"product","2":"type-product","3":"status-publish","4":"has-post-thumbnail","6":"product_cat-margini-mobilier","8":"first","9":"instock","10":"product-type-simple"},"acf":[],"_links":{"self":[{"href":"https:\/\/www.maag-polska.pl\/ro\/wp-json\/wp\/v2\/product\/25801","targetHints":{"allow":["GET"]}}],"collection":[{"href":"https:\/\/www.maag-polska.pl\/ro\/wp-json\/wp\/v2\/product"}],"about":[{"href":"https:\/\/www.maag-polska.pl\/ro\/wp-json\/wp\/v2\/types\/product"}],"replies":[{"embeddable":true,"href":"https:\/\/www.maag-polska.pl\/ro\/wp-json\/wp\/v2\/comments?post=25801"}],"wp:featuredmedia":[{"embeddable":true,"href":"https:\/\/www.maag-polska.pl\/ro\/wp-json\/wp\/v2\/media\/21381"}],"wp:attachment":[{"href":"https:\/\/www.maag-polska.pl\/ro\/wp-json\/wp\/v2\/media?parent=25801"}],"wp:term":[{"taxonomy":"product_brand","embeddable":true,"href":"https:\/\/www.maag-polska.pl\/ro\/wp-json\/wp\/v2\/product_brand?post=25801"},{"taxonomy":"product_cat","embeddable":true,"href":"https:\/\/www.maag-polska.pl\/ro\/wp-json\/wp\/v2\/product_cat?post=25801"},{"taxonomy":"product_tag","embeddable":true,"href":"https:\/\/www.maag-polska.pl\/ro\/wp-json\/wp\/v2\/product_tag?post=25801"}],"curies":[{"name":"wp","href":"https:\/\/api.w.org\/{rel}","templated":true}]}}