{"id":25798,"date":"2025-09-01T08:29:08","date_gmt":"2025-09-01T08:29:08","guid":{"rendered":"https:\/\/www.maag-polska.pl\/obrzeza-meblowe\/276-steel-grey\/"},"modified":"2025-09-01T09:09:29","modified_gmt":"2025-09-01T09:09:29","slug":"276-steel-grey","status":"publish","type":"product","link":"https:\/\/www.maag-polska.pl\/ro\/obrzeza-meblowe\/276-steel-grey\/","title":{"rendered":"Margini Mobilier 276 STEEL GREY"},"content":{"rendered":"<div>\n<p>Banda de margine din PVC realizat\u0103 cu precizie din STALOWO SZARY (276) ofer\u0103 performan\u021be tehnice excep\u021bionale cu o toleran\u021b\u0103 la grosime de \u00b10,1 mm. Compozi\u021bia din PVC pur asigur\u0103 rezisten\u021b\u0103 optim\u0103 la UV p\u00e2n\u0103 la 1000 de ore de expunere direct\u0103, men\u021bin\u00e2nd \u00een acela\u0219i timp stabilitatea dimensional\u0103 la temperaturi cuprinse \u00eentre -10\u00b0C \u0219i +60\u00b0C. Acest material pentru prelucrarea lemnului are o tehnologie avansat\u0103 de potrivire a culorilor calibrat\u0103 special pentru suprafe\u021bele Kronospan 1700 PE, ob\u021bin\u00e2nd o valoare Delta E sub 0,5 pentru o integrare perfect\u0103.<\/p>\n<p>Formula specializat\u0103 a acestei benzi de margine pentru mobilier se traduce prin viteze de procesare cu 30% mai mari \u0219i prin reducerea de\u0219eurilor de material \u00een timpul aplic\u0103rii. Banda de margine STALOWO SZARY men\u021bine stabilitatea constant\u0103 a culorii pe tot parcursul ciclului s\u0103u de via\u021b\u0103, elimin\u00e2nd necesitatea \u00eenlocuirilor frecvente. Propriet\u0103\u021bile sale optimizate de aderen\u021b\u0103 au ca rezultat un consum de adeziv cu p\u00e2n\u0103 la 40% mai mic \u00een compara\u021bie cu alternativele standard, oferind \u00een acela\u0219i timp o rezisten\u021b\u0103 superioar\u0103 la impact de 15 N\/mm\u00b2 pentru aplica\u021bii comerciale cu trafic intens.<\/p>\n<\/div>\n","protected":false},"excerpt":{"rendered":"<p>22&#215;0,6; 22&#215;0,8; 22&#215;1; 22&#215;2; 35&#215;1*; 42&#215;0,8; 42&#215;2<\/p>\n","protected":false},"featured_media":21372,"comment_status":"closed","ping_status":"open","template":"","meta":{"_acf_changed":false},"product_brand":[],"product_cat":[1209],"product_tag":[],"class_list":{"0":"post-25798","1":"product","2":"type-product","3":"status-publish","4":"has-post-thumbnail","6":"product_cat-margini-mobilier","8":"first","9":"instock","10":"product-type-simple"},"acf":[],"_links":{"self":[{"href":"https:\/\/www.maag-polska.pl\/ro\/wp-json\/wp\/v2\/product\/25798","targetHints":{"allow":["GET"]}}],"collection":[{"href":"https:\/\/www.maag-polska.pl\/ro\/wp-json\/wp\/v2\/product"}],"about":[{"href":"https:\/\/www.maag-polska.pl\/ro\/wp-json\/wp\/v2\/types\/product"}],"replies":[{"embeddable":true,"href":"https:\/\/www.maag-polska.pl\/ro\/wp-json\/wp\/v2\/comments?post=25798"}],"wp:featuredmedia":[{"embeddable":true,"href":"https:\/\/www.maag-polska.pl\/ro\/wp-json\/wp\/v2\/media\/21372"}],"wp:attachment":[{"href":"https:\/\/www.maag-polska.pl\/ro\/wp-json\/wp\/v2\/media?parent=25798"}],"wp:term":[{"taxonomy":"product_brand","embeddable":true,"href":"https:\/\/www.maag-polska.pl\/ro\/wp-json\/wp\/v2\/product_brand?post=25798"},{"taxonomy":"product_cat","embeddable":true,"href":"https:\/\/www.maag-polska.pl\/ro\/wp-json\/wp\/v2\/product_cat?post=25798"},{"taxonomy":"product_tag","embeddable":true,"href":"https:\/\/www.maag-polska.pl\/ro\/wp-json\/wp\/v2\/product_tag?post=25798"}],"curies":[{"name":"wp","href":"https:\/\/api.w.org\/{rel}","templated":true}]}}