{"id":25797,"date":"2025-09-01T08:29:08","date_gmt":"2025-09-01T08:29:08","guid":{"rendered":"https:\/\/www.maag-polska.pl\/obrzeza-meblowe\/275-oxide-green\/"},"modified":"2025-09-01T09:09:28","modified_gmt":"2025-09-01T09:09:28","slug":"275-oxide-green","status":"publish","type":"product","link":"https:\/\/www.maag-polska.pl\/ro\/obrzeza-meblowe\/275-oxide-green\/","title":{"rendered":"Margini Mobilier 275 OXIDE GREEN"},"content":{"rendered":"<div>\n<p>Banda de margine 275 ZIELONY OXID ofer\u0103 performan\u021be tehnice excep\u021bionale cu compozi\u021bia sa de PVC pur 100%. Aceast\u0103 band\u0103 de margine rezistent\u0103 la UV men\u021bine stabilitatea dimensional\u0103 la temperaturi de p\u00e2n\u0103 la 90\u00b0C, av\u00e2nd o grosime proiectat\u0103 cu precizie de 2 mm pentru o durabilitate optim\u0103. Finisajul verde oxid specializat demonstreaz\u0103 o re\u021binere superioar\u0103 a culorii prin teste extinse de calitate, men\u021bin\u00e2ndu-\u0219i nuan\u021ba distinctiv\u0103 chiar \u0219i la expunere intens\u0103. Formula sa avansat\u0103 asigur\u0103 t\u0103ieturi curate cu pierderi minime \u00een timpul proces\u0103rii, \u00een timp ce integritatea structural\u0103 a materialului ofer\u0103 o rezisten\u021b\u0103 excelent\u0103 la impact la margini \u0219i col\u021buri.<\/p>\n<p>Potrivit \u00een special pentru aplica\u021bii moderne de mobilier industrial \u0219i comercial, \u00een care materialele pentru prelucrarea lemnului necesit\u0103 at\u00e2t estetic\u0103, c\u00e2t \u0219i longevitate. Aceast\u0103 band\u0103 de margine din PVC exceleaz\u0103 \u00een mediile cu trafic intens, cum ar fi mobilierul de birou, accesoriile de v\u00e2nzare cu am\u0103nuntul \u0219i instala\u021biile de laborator unde rezisten\u021ba chimic\u0103 este crucial\u0103. Nuan\u021ba ZIELONY OXID, care se potrive\u0219te cu Kronospan 9561 BS, creeaz\u0103 tranzi\u021bii f\u0103r\u0103 \u00eentreruperi pe marginile dulapurilor \u0219i unit\u0103\u021bilor de depozitare. Recomandat pentru proiectele care necesit\u0103 potrivire precis\u0103 a culorilor \u0219i finisare profesional\u0103 a marginilor mobilierului, \u00een special \u00een mediile \u00een care aspectul constant \u0219i \u00eentre\u021binerea u\u0219oar\u0103 sunt esen\u021biale.<\/p>\n<\/div>\n","protected":false},"excerpt":{"rendered":"<p>22&#215;0,6; 22&#215;0,8; 22&#215;2; 35&#215;1*; 42&#215;0,8; 42&#215;2<\/p>\n","protected":false},"featured_media":21369,"comment_status":"closed","ping_status":"open","template":"","meta":{"_acf_changed":false},"product_brand":[],"product_cat":[1209],"product_tag":[],"class_list":{"0":"post-25797","1":"product","2":"type-product","3":"status-publish","4":"has-post-thumbnail","6":"product_cat-margini-mobilier","8":"first","9":"instock","10":"product-type-simple"},"acf":[],"_links":{"self":[{"href":"https:\/\/www.maag-polska.pl\/ro\/wp-json\/wp\/v2\/product\/25797","targetHints":{"allow":["GET"]}}],"collection":[{"href":"https:\/\/www.maag-polska.pl\/ro\/wp-json\/wp\/v2\/product"}],"about":[{"href":"https:\/\/www.maag-polska.pl\/ro\/wp-json\/wp\/v2\/types\/product"}],"replies":[{"embeddable":true,"href":"https:\/\/www.maag-polska.pl\/ro\/wp-json\/wp\/v2\/comments?post=25797"}],"wp:featuredmedia":[{"embeddable":true,"href":"https:\/\/www.maag-polska.pl\/ro\/wp-json\/wp\/v2\/media\/21369"}],"wp:attachment":[{"href":"https:\/\/www.maag-polska.pl\/ro\/wp-json\/wp\/v2\/media?parent=25797"}],"wp:term":[{"taxonomy":"product_brand","embeddable":true,"href":"https:\/\/www.maag-polska.pl\/ro\/wp-json\/wp\/v2\/product_brand?post=25797"},{"taxonomy":"product_cat","embeddable":true,"href":"https:\/\/www.maag-polska.pl\/ro\/wp-json\/wp\/v2\/product_cat?post=25797"},{"taxonomy":"product_tag","embeddable":true,"href":"https:\/\/www.maag-polska.pl\/ro\/wp-json\/wp\/v2\/product_tag?post=25797"}],"curies":[{"name":"wp","href":"https:\/\/api.w.org\/{rel}","templated":true}]}}