{"id":25795,"date":"2025-09-01T08:29:08","date_gmt":"2025-09-01T08:29:08","guid":{"rendered":"https:\/\/www.maag-polska.pl\/obrzeza-meblowe\/273-ocean\/"},"modified":"2025-09-01T09:09:27","modified_gmt":"2025-09-01T09:09:27","slug":"273-ocean","status":"publish","type":"product","link":"https:\/\/www.maag-polska.pl\/ro\/obrzeza-meblowe\/273-ocean\/","title":{"rendered":"Margini Mobilier 273 OCEAN"},"content":{"rendered":"<div>\n<p>Scufunda\u021bi-v\u0103 \u00een profunzimile designului cu 273 benzi de margine OCEAN, unde tonurile senine de albastru capteaz\u0103 esen\u021ba esteticii de coast\u0103. Aceast\u0103 band\u0103 de margine din PVC prezint\u0103 o nuan\u021b\u0103 oceanic\u0103 sofisticat\u0103 care aduce un sentiment revigorant de calm pieselor de mobilier. Ad\u00e2ncimea natural\u0103 a culorii \u0219i varia\u021biile subtile oglindesc frumuse\u021bea lini\u0219tit\u0103 a apelor marine, f\u0103c\u00e2ndu-l o alegere ideal\u0103 pentru amenaj\u0103rile interioare contemporane.<\/p>\n<p>De la spa\u021bii moderne de birou p\u00e2n\u0103 la mobilier de cas\u0103 de inspira\u021bie de coast\u0103, acest material versatil pentru prelucrarea lemnului se adapteaz\u0103 perfect \u00een diverse aplica\u021bii. Compozi\u021bia din PVC pur asigur\u0103 o durabilitate excep\u021bional\u0103 cu propriet\u0103\u021bi rezistente la UV, men\u021bin\u00e2nd stabilitatea culorii chiar \u0219i \u00een zonele expuse la soare. Marginea mobilierului \u00ee\u0219i men\u021bine aspectul curat prin utilizarea zilnic\u0103, \u00een timp ce caracteristicile sale u\u0219oare de prelucrare permit t\u0103ieturi curate \u0219i pierderi minime \u00een timpul instal\u0103rii. Perfect pentru dulapuri, unit\u0103\u021bi de rafturi \u0219i proiecte creative de mobilier \u00een care precizia se \u00eent\u00e2lne\u0219te cu excelen\u021ba estetic\u0103.<\/p>\n<\/div>\n","protected":false},"excerpt":{"rendered":"<p>22&#215;0,6; 22&#215;0,8; 22&#215;1; 22&#215;2; 32&#215;2*; 35&#215;1*; 42&#215;0,8; 42&#215;2<\/p>\n","protected":false},"featured_media":21363,"comment_status":"closed","ping_status":"open","template":"","meta":{"_acf_changed":false},"product_brand":[],"product_cat":[1209],"product_tag":[],"class_list":{"0":"post-25795","1":"product","2":"type-product","3":"status-publish","4":"has-post-thumbnail","6":"product_cat-margini-mobilier","8":"first","9":"instock","10":"product-type-simple"},"acf":[],"_links":{"self":[{"href":"https:\/\/www.maag-polska.pl\/ro\/wp-json\/wp\/v2\/product\/25795","targetHints":{"allow":["GET"]}}],"collection":[{"href":"https:\/\/www.maag-polska.pl\/ro\/wp-json\/wp\/v2\/product"}],"about":[{"href":"https:\/\/www.maag-polska.pl\/ro\/wp-json\/wp\/v2\/types\/product"}],"replies":[{"embeddable":true,"href":"https:\/\/www.maag-polska.pl\/ro\/wp-json\/wp\/v2\/comments?post=25795"}],"wp:featuredmedia":[{"embeddable":true,"href":"https:\/\/www.maag-polska.pl\/ro\/wp-json\/wp\/v2\/media\/21363"}],"wp:attachment":[{"href":"https:\/\/www.maag-polska.pl\/ro\/wp-json\/wp\/v2\/media?parent=25795"}],"wp:term":[{"taxonomy":"product_brand","embeddable":true,"href":"https:\/\/www.maag-polska.pl\/ro\/wp-json\/wp\/v2\/product_brand?post=25795"},{"taxonomy":"product_cat","embeddable":true,"href":"https:\/\/www.maag-polska.pl\/ro\/wp-json\/wp\/v2\/product_cat?post=25795"},{"taxonomy":"product_tag","embeddable":true,"href":"https:\/\/www.maag-polska.pl\/ro\/wp-json\/wp\/v2\/product_tag?post=25795"}],"curies":[{"name":"wp","href":"https:\/\/api.w.org\/{rel}","templated":true}]}}