{"id":25791,"date":"2025-09-01T08:29:08","date_gmt":"2025-09-01T08:29:08","guid":{"rendered":"https:\/\/www.maag-polska.pl\/obrzeza-meblowe\/269-midnight-blue\/"},"modified":"2025-09-01T09:09:25","modified_gmt":"2025-09-01T09:09:25","slug":"269-midnight-blue","status":"publish","type":"product","link":"https:\/\/www.maag-polska.pl\/ro\/obrzeza-meblowe\/269-midnight-blue\/","title":{"rendered":"Margini Mobilier 269 MIDNIGHT BLUE"},"content":{"rendered":"<div>\n<p>Banda de margine Northern Blue (B\u0141\u0118KIT P\u00d3\u0141NOCY) surprinde ad\u00e2ncimea senin\u0103 a apelor arctice, oferind un ton rece sofisticat care aduce elegan\u021b\u0103 modern\u0103 designurilor de mobilier. Aceast\u0103 band\u0103 de margine din PVC prezint\u0103 o nuan\u021b\u0103 atent calibrat\u0103 care \u00ee\u0219i men\u021bine aspectul curat chiar \u0219i \u00een cazul expunerii prelungite la lumina natural\u0103, datorit\u0103 formul\u0103rii avansate rezistente la UV.<\/p>\n<p>Fabricat din PVC pur, acest material versatil pentru prelucrarea lemnului se adapteaz\u0103 perfect at\u00e2t aplica\u021biilor de mobilier reziden\u021bial, c\u00e2t \u0219i comercial. Ingineria precis\u0103 a benzilor de cant asigur\u0103 o procesare lin\u0103 cu de\u0219euri minime, f\u0103c\u00e2ndu-l ideal pentru dulapuri de cant, unit\u0103\u021bi de rafturi \u0219i mobilier de birou. Stabilitatea culorii \u0219i rezisten\u021ba la impact \u00eel fac deosebit de potrivit pentru mediile cu trafic intens \u00een care durabilitatea \u00eendepline\u0219te cerin\u021bele de proiectare.<\/p>\n<\/div>\n","protected":false},"excerpt":{"rendered":"<p>22&#215;0,6; 22&#215;0,8; 22&#215;1; 22&#215;2; 32&#215;2*; 35&#215;1*; 42&#215;0,8; 42&#215;2<\/p>\n","protected":false},"featured_media":21351,"comment_status":"closed","ping_status":"open","template":"","meta":{"_acf_changed":false},"product_brand":[],"product_cat":[1209],"product_tag":[],"class_list":{"0":"post-25791","1":"product","2":"type-product","3":"status-publish","4":"has-post-thumbnail","6":"product_cat-margini-mobilier","8":"first","9":"instock","10":"product-type-simple"},"acf":[],"_links":{"self":[{"href":"https:\/\/www.maag-polska.pl\/ro\/wp-json\/wp\/v2\/product\/25791","targetHints":{"allow":["GET"]}}],"collection":[{"href":"https:\/\/www.maag-polska.pl\/ro\/wp-json\/wp\/v2\/product"}],"about":[{"href":"https:\/\/www.maag-polska.pl\/ro\/wp-json\/wp\/v2\/types\/product"}],"replies":[{"embeddable":true,"href":"https:\/\/www.maag-polska.pl\/ro\/wp-json\/wp\/v2\/comments?post=25791"}],"wp:featuredmedia":[{"embeddable":true,"href":"https:\/\/www.maag-polska.pl\/ro\/wp-json\/wp\/v2\/media\/21351"}],"wp:attachment":[{"href":"https:\/\/www.maag-polska.pl\/ro\/wp-json\/wp\/v2\/media?parent=25791"}],"wp:term":[{"taxonomy":"product_brand","embeddable":true,"href":"https:\/\/www.maag-polska.pl\/ro\/wp-json\/wp\/v2\/product_brand?post=25791"},{"taxonomy":"product_cat","embeddable":true,"href":"https:\/\/www.maag-polska.pl\/ro\/wp-json\/wp\/v2\/product_cat?post=25791"},{"taxonomy":"product_tag","embeddable":true,"href":"https:\/\/www.maag-polska.pl\/ro\/wp-json\/wp\/v2\/product_tag?post=25791"}],"curies":[{"name":"wp","href":"https:\/\/api.w.org\/{rel}","templated":true}]}}