{"id":25787,"date":"2025-09-01T08:29:08","date_gmt":"2025-09-01T08:29:08","guid":{"rendered":"https:\/\/www.maag-polska.pl\/obrzeza-meblowe\/265-navy-blue\/"},"modified":"2025-09-01T09:09:22","modified_gmt":"2025-09-01T09:09:22","slug":"265-navy-blue","status":"publish","type":"product","link":"https:\/\/www.maag-polska.pl\/ro\/obrzeza-meblowe\/265-navy-blue\/","title":{"rendered":"Margini Mobilier 265 NAVY BLUE"},"content":{"rendered":"<div>\n<p>Bordul de margine din PVC bleumarin ad\u00e2nc \u00een Kronospan 8984 BS GRANATOWY ofer\u0103 un finisaj sofisticat de inspira\u021bie maritim\u0103, aduc\u00e2nd elegan\u021b\u0103 profesional\u0103 marginilor mobilierului. Tonul bogat de albastru creeaz\u0103 o profunzime vizual\u0103 izbitoare, men\u021bin\u00e2nd \u00een acela\u0219i timp armonia perfect\u0103 a culorilor cu suprafe\u021bele de plac\u0103 potrivite. Aceast\u0103 band\u0103 de margine din PVC pur prezint\u0103 o stabilitate excep\u021bional\u0103 a culorii, p\u0103str\u00e2nd nuan\u021ba sa distinctiv\u0103 bleumarin chiar \u0219i \u00een cazul expunerii prelungite.<\/p>\n<p>Realizat\u0103 special pentru materiale de prelucrare a lemnului de precizie, aceast\u0103 band\u0103 de margine versatil\u0103 se adapteaz\u0103 perfect la diverse aplica\u021bii de mobilier, de la dulapuri de birou p\u00e2n\u0103 la instala\u021bii moderne de acas\u0103. Compozi\u021bia rezistent\u0103 la UV asigur\u0103 performan\u021be de durat\u0103 at\u00e2t \u00een medii reziden\u021biale, c\u00e2t \u0219i \u00een cele comerciale, \u00een timp ce structura sa optimizat\u0103 permite t\u0103ieturi curate, precise, cu pierderi minime \u00een timpul proces\u0103rii. Flexibilitatea \u0219i duritatea echilibrate ale materialului \u00eel fac ideal at\u00e2t pentru linii drepte, c\u00e2t \u0219i pentru suprafe\u021be curbate, oferind produc\u0103torilor de mobilier o libertate creativ\u0103 sporit\u0103.<\/p>\n<\/div>\n","protected":false},"excerpt":{"rendered":"<p>22&#215;0,6; 22&#215;0,8; 22&#215;2; 35&#215;1*; 42&#215;0,8; 42&#215;2<\/p>\n","protected":false},"featured_media":21339,"comment_status":"closed","ping_status":"open","template":"","meta":{"_acf_changed":false},"product_brand":[],"product_cat":[1209],"product_tag":[],"class_list":{"0":"post-25787","1":"product","2":"type-product","3":"status-publish","4":"has-post-thumbnail","6":"product_cat-margini-mobilier","8":"first","9":"instock","10":"product-type-simple"},"acf":[],"_links":{"self":[{"href":"https:\/\/www.maag-polska.pl\/ro\/wp-json\/wp\/v2\/product\/25787","targetHints":{"allow":["GET"]}}],"collection":[{"href":"https:\/\/www.maag-polska.pl\/ro\/wp-json\/wp\/v2\/product"}],"about":[{"href":"https:\/\/www.maag-polska.pl\/ro\/wp-json\/wp\/v2\/types\/product"}],"replies":[{"embeddable":true,"href":"https:\/\/www.maag-polska.pl\/ro\/wp-json\/wp\/v2\/comments?post=25787"}],"wp:featuredmedia":[{"embeddable":true,"href":"https:\/\/www.maag-polska.pl\/ro\/wp-json\/wp\/v2\/media\/21339"}],"wp:attachment":[{"href":"https:\/\/www.maag-polska.pl\/ro\/wp-json\/wp\/v2\/media?parent=25787"}],"wp:term":[{"taxonomy":"product_brand","embeddable":true,"href":"https:\/\/www.maag-polska.pl\/ro\/wp-json\/wp\/v2\/product_brand?post=25787"},{"taxonomy":"product_cat","embeddable":true,"href":"https:\/\/www.maag-polska.pl\/ro\/wp-json\/wp\/v2\/product_cat?post=25787"},{"taxonomy":"product_tag","embeddable":true,"href":"https:\/\/www.maag-polska.pl\/ro\/wp-json\/wp\/v2\/product_tag?post=25787"}],"curies":[{"name":"wp","href":"https:\/\/api.w.org\/{rel}","templated":true}]}}