{"id":25782,"date":"2025-09-01T08:29:08","date_gmt":"2025-09-01T08:29:08","guid":{"rendered":"https:\/\/www.maag-polska.pl\/obrzeza-meblowe\/260-cashmere\/"},"modified":"2025-09-01T09:09:19","modified_gmt":"2025-09-01T09:09:19","slug":"260-cashmere","status":"publish","type":"product","link":"https:\/\/www.maag-polska.pl\/ro\/obrzeza-meblowe\/260-cashmere\/","title":{"rendered":"Margini Mobilier 260 CASHMERE"},"content":{"rendered":"<div>\n<p>Banda de margine din PVC de \u00eenalt\u0103 performan\u021b\u0103 \u00een nuan\u021ba KASZMIR ofer\u0103 o potrivire precis\u0103 a culorilor cu produc\u0103tori de top precum Kronospan 5981 BS \u0219i Egger U702 ST9. Realizat\u0103 cu compu\u0219i puri din PVC, aceast\u0103 band\u0103 de margine men\u021bine stabilitatea dimensional\u0103 p\u00e2n\u0103 la 98\u00b0C \u0219i prezint\u0103 rezisten\u021b\u0103 \u00eembun\u0103t\u0103\u021bit\u0103 la UV pentru p\u0103strarea pe termen lung a culorii. Structura de suprafa\u021b\u0103 specializat\u0103 realizeaz\u0103 o rezisten\u021b\u0103 de aderen\u021b\u0103 de 92%, men\u021bin\u00e2nd \u00een acela\u0219i timp un profil neted de 0,4-0,8 mm grosime pentru parametrii optimi de procesare.<\/p>\n<p>Banda de margine KASZMIR eficientizeaz\u0103 fluxurile de lucru de produc\u021bie cu capabilit\u0103\u021bile sale de procesare rapid\u0103 \u0219i cerin\u021bele minime de t\u0103iere. Compatibil cu materialele standard pentru prelucrarea lemnului \u0219i sistemele automate de bandare a marginilor, reduce risipa de material cu p\u00e2n\u0103 la 15% \u00een compara\u021bie cu op\u021biunile conven\u021bionale. Finisajul \u00een nuan\u021be de ca\u0219mir, care se potrive\u0219te pl\u0103cilor Pfleiderer U12168 VV \u0219i Swiss Krono U6933 VL, permite finisarea marginilor mobilierului la un pre\u021b rentabil, men\u021bin\u00e2nd \u00een acela\u0219i timp estetica premium \u00een ciclurile de produc\u021bie la scar\u0103 larg\u0103.<\/p>\n<\/div>\n","protected":false},"excerpt":{"rendered":"<p>19&#215;0,45*; 19&#215;0,8*; 22&#215;0,6; 22&#215;0,8; 22&#215;1; 22&#215;2; 32&#215;2*; 35&#215;1*; 42&#215;0,8; 42&#215;2<\/p>\n","protected":false},"featured_media":23292,"comment_status":"closed","ping_status":"open","template":"","meta":{"_acf_changed":false},"product_brand":[],"product_cat":[1209],"product_tag":[],"class_list":{"0":"post-25782","1":"product","2":"type-product","3":"status-publish","4":"has-post-thumbnail","6":"product_cat-margini-mobilier","8":"first","9":"instock","10":"product-type-simple"},"acf":[],"_links":{"self":[{"href":"https:\/\/www.maag-polska.pl\/ro\/wp-json\/wp\/v2\/product\/25782","targetHints":{"allow":["GET"]}}],"collection":[{"href":"https:\/\/www.maag-polska.pl\/ro\/wp-json\/wp\/v2\/product"}],"about":[{"href":"https:\/\/www.maag-polska.pl\/ro\/wp-json\/wp\/v2\/types\/product"}],"replies":[{"embeddable":true,"href":"https:\/\/www.maag-polska.pl\/ro\/wp-json\/wp\/v2\/comments?post=25782"}],"wp:featuredmedia":[{"embeddable":true,"href":"https:\/\/www.maag-polska.pl\/ro\/wp-json\/wp\/v2\/media\/23292"}],"wp:attachment":[{"href":"https:\/\/www.maag-polska.pl\/ro\/wp-json\/wp\/v2\/media?parent=25782"}],"wp:term":[{"taxonomy":"product_brand","embeddable":true,"href":"https:\/\/www.maag-polska.pl\/ro\/wp-json\/wp\/v2\/product_brand?post=25782"},{"taxonomy":"product_cat","embeddable":true,"href":"https:\/\/www.maag-polska.pl\/ro\/wp-json\/wp\/v2\/product_cat?post=25782"},{"taxonomy":"product_tag","embeddable":true,"href":"https:\/\/www.maag-polska.pl\/ro\/wp-json\/wp\/v2\/product_tag?post=25782"}],"curies":[{"name":"wp","href":"https:\/\/api.w.org\/{rel}","templated":true}]}}