{"id":25781,"date":"2025-09-01T08:29:08","date_gmt":"2025-09-01T08:29:08","guid":{"rendered":"https:\/\/www.maag-polska.pl\/obrzeza-meblowe\/259-mussel\/"},"modified":"2025-09-01T09:09:19","modified_gmt":"2025-09-01T09:09:19","slug":"259-mussel","status":"publish","type":"product","link":"https:\/\/www.maag-polska.pl\/ro\/obrzeza-meblowe\/259-mussel\/","title":{"rendered":"Margini Mobilier 259 MUSSEL"},"content":{"rendered":"<div>\n<p>Band\u0103 de margine din PVC premium MUSZLA, cu o grosime specializat\u0103 de 1,0 mm \u0219i o formul\u0103 avansat\u0103 rezistent\u0103 la UV. Fabricat din compu\u0219i puri din PVC, aceast\u0103 band\u0103 de margine men\u021bine o stabilitate dimensional\u0103 excep\u021bional\u0103 cu o toleran\u021b\u0103 de \u00b10,10 mm. Materialul demonstreaz\u0103 o reten\u021bie superioar\u0103 a culorii \u0219i atinge un nivel de luciu de 3-5 unit\u0103\u021bi, asigur\u00e2nd un finisaj mat consistent. Parametrii tehnici includ temperaturi optime de procesare de 180-200\u00b0C \u0219i rezisten\u021b\u0103 de aderen\u021b\u0103 care dep\u0103\u0219e\u0219te 3,5 N\/mm\u00b2.<\/p>\n<p>Potrivit \u00een special pentru mobilier reziden\u021bial de ultim\u0103 genera\u021bie \u0219i instala\u021bii comerciale \u00een care se dore\u0219te finisaje \u00een tonuri de coaj\u0103. Acest material de prelucrare a lemnului exceleaz\u0103 \u00een dulapurile de buc\u0103t\u0103rie, vanit\u0103\u021bile de baie \u0219i proiectele de ospitalitate cu tematic\u0103 maritim\u0103. Rezisten\u021ba benzilor de margine la umiditate \u0219i expunere la UV \u00eel face ideal pentru piese de mobilier l\u00e2ng\u0103 ferestre sau \u00een spa\u021bii iluminate natural. Perfect pentru produc\u0103torii care doresc o potrivire precis\u0103 a culorilor cu pl\u0103cile Kronospan 5982 BS, men\u021bin\u00e2nd \u00een acela\u0219i timp pierderi minime de produc\u021bie \u0219i timpi de procesare eficienti.<\/p>\n<\/div>\n","protected":false},"excerpt":{"rendered":"<p>22&#215;0,6; 22&#215;0,8; 22&#215;1; 22&#215;2; 32&#215;2*; 35&#215;1*; 42&#215;0,8; 42&#215;2<\/p>\n","protected":false},"featured_media":21323,"comment_status":"closed","ping_status":"open","template":"","meta":{"_acf_changed":false},"product_brand":[],"product_cat":[1209],"product_tag":[],"class_list":{"0":"post-25781","1":"product","2":"type-product","3":"status-publish","4":"has-post-thumbnail","6":"product_cat-margini-mobilier","8":"first","9":"instock","10":"product-type-simple"},"acf":[],"_links":{"self":[{"href":"https:\/\/www.maag-polska.pl\/ro\/wp-json\/wp\/v2\/product\/25781","targetHints":{"allow":["GET"]}}],"collection":[{"href":"https:\/\/www.maag-polska.pl\/ro\/wp-json\/wp\/v2\/product"}],"about":[{"href":"https:\/\/www.maag-polska.pl\/ro\/wp-json\/wp\/v2\/types\/product"}],"replies":[{"embeddable":true,"href":"https:\/\/www.maag-polska.pl\/ro\/wp-json\/wp\/v2\/comments?post=25781"}],"wp:featuredmedia":[{"embeddable":true,"href":"https:\/\/www.maag-polska.pl\/ro\/wp-json\/wp\/v2\/media\/21323"}],"wp:attachment":[{"href":"https:\/\/www.maag-polska.pl\/ro\/wp-json\/wp\/v2\/media?parent=25781"}],"wp:term":[{"taxonomy":"product_brand","embeddable":true,"href":"https:\/\/www.maag-polska.pl\/ro\/wp-json\/wp\/v2\/product_brand?post=25781"},{"taxonomy":"product_cat","embeddable":true,"href":"https:\/\/www.maag-polska.pl\/ro\/wp-json\/wp\/v2\/product_cat?post=25781"},{"taxonomy":"product_tag","embeddable":true,"href":"https:\/\/www.maag-polska.pl\/ro\/wp-json\/wp\/v2\/product_tag?post=25781"}],"curies":[{"name":"wp","href":"https:\/\/api.w.org\/{rel}","templated":true}]}}