{"id":25780,"date":"2025-09-01T08:29:08","date_gmt":"2025-09-01T08:29:08","guid":{"rendered":"https:\/\/www.maag-polska.pl\/obrzeza-meblowe\/258-platinum-grey\/"},"modified":"2025-09-01T09:09:18","modified_gmt":"2025-09-01T09:09:18","slug":"258-platinum-grey","status":"publish","type":"product","link":"https:\/\/www.maag-polska.pl\/ro\/obrzeza-meblowe\/258-platinum-grey\/","title":{"rendered":"Margini Mobilier 258 PLATINUM GREY"},"content":{"rendered":"<div>\n<p>Bordurile profesionale din PVC de culoare gri platin\u0103 (258) ofer\u0103 o rezisten\u021b\u0103 excep\u021bional\u0103 la uzura zilnic\u0103 \u0219i factorii de mediu. Aceast\u0103 compozi\u021bie de PVC pur \u00ee\u0219i men\u021bine integritatea structural\u0103 \u0219i stabilitatea culorii chiar \u0219i \u00een cazul expunerii intense la UV. Formularea avansat\u0103 a materialului asigur\u0103 o protec\u021bie de durat\u0103 \u00eempotriva impacturilor, zg\u00e2rieturilor \u0219i substan\u021belor chimice de uz casnic, f\u0103c\u00e2ndu-l o alegere ideal\u0103 pentru aplica\u021biile de mobilier cu trafic intens. Aceste materiale pentru prelucrarea lemnului \u00eendeplinesc standarde stricte de calitate, cu o toleran\u021b\u0103 la grosime de \u00b1 0,2 mm pentru o performan\u021b\u0103 constant\u0103.<\/p>\n<p>Transform\u0103-\u021bi proiectele de mobilier cu aceast\u0103 band\u0103 de margine t\u0103iat\u0103 cu precizie, care ader\u0103 f\u0103r\u0103 probleme pe suprafe\u021bele de plac\u0103. Textura optimizat\u0103 a suprafe\u021bei asigur\u0103 o lipire rapid\u0103 \u0219i reduce timpul de prelucrare \u00een timpul aplic\u0103rii. Me\u0219te\u0219ugarii apreciaz\u0103 propriet\u0103\u021bile sale de t\u0103iere curat\u0103 care reduc la minimum risipa \u0219i previn uzura \u00een timpul tunderii. Indiferent dac\u0103 se utilizeaz\u0103 sisteme de band\u0103 de margine manuale sau automate, aceast\u0103 solu\u021bie de margine a mobilierului men\u021bine stabilitatea dimensional\u0103 pe tot parcursul procesului de instalare, permi\u021b\u00e2nd finalizarea eficient\u0103 a proiectului.<\/p>\n<\/div>\n","protected":false},"excerpt":{"rendered":"<p>22&#215;0,6; 22&#215;1; 22&#215;2; 28&#215;2*; 35&#215;1*; 42&#215;2<\/p>\n","protected":false},"featured_media":21320,"comment_status":"closed","ping_status":"open","template":"","meta":{"_acf_changed":false},"product_brand":[],"product_cat":[1209],"product_tag":[],"class_list":{"0":"post-25780","1":"product","2":"type-product","3":"status-publish","4":"has-post-thumbnail","6":"product_cat-margini-mobilier","8":"first","9":"instock","10":"product-type-simple"},"acf":[],"_links":{"self":[{"href":"https:\/\/www.maag-polska.pl\/ro\/wp-json\/wp\/v2\/product\/25780","targetHints":{"allow":["GET"]}}],"collection":[{"href":"https:\/\/www.maag-polska.pl\/ro\/wp-json\/wp\/v2\/product"}],"about":[{"href":"https:\/\/www.maag-polska.pl\/ro\/wp-json\/wp\/v2\/types\/product"}],"replies":[{"embeddable":true,"href":"https:\/\/www.maag-polska.pl\/ro\/wp-json\/wp\/v2\/comments?post=25780"}],"wp:featuredmedia":[{"embeddable":true,"href":"https:\/\/www.maag-polska.pl\/ro\/wp-json\/wp\/v2\/media\/21320"}],"wp:attachment":[{"href":"https:\/\/www.maag-polska.pl\/ro\/wp-json\/wp\/v2\/media?parent=25780"}],"wp:term":[{"taxonomy":"product_brand","embeddable":true,"href":"https:\/\/www.maag-polska.pl\/ro\/wp-json\/wp\/v2\/product_brand?post=25780"},{"taxonomy":"product_cat","embeddable":true,"href":"https:\/\/www.maag-polska.pl\/ro\/wp-json\/wp\/v2\/product_cat?post=25780"},{"taxonomy":"product_tag","embeddable":true,"href":"https:\/\/www.maag-polska.pl\/ro\/wp-json\/wp\/v2\/product_tag?post=25780"}],"curies":[{"name":"wp","href":"https:\/\/api.w.org\/{rel}","templated":true}]}}