{"id":25777,"date":"2025-09-01T08:28:48","date_gmt":"2025-09-01T08:28:48","guid":{"rendered":"https:\/\/www.maag-polska.pl\/obrzeza-meblowe\/255-saragossa\/"},"modified":"2025-09-01T09:09:12","modified_gmt":"2025-09-01T09:09:12","slug":"255-saragossa","status":"publish","type":"product","link":"https:\/\/www.maag-polska.pl\/ro\/obrzeza-meblowe\/255-saragossa\/","title":{"rendered":"Margini Mobilier 255 SARAGOSSA"},"content":{"rendered":"<div>\n<p>Banda de margine din PVC premium din SARAGOSSA U19004 VV ofer\u0103 o stabilitate dimensional\u0103 excep\u021bional\u0103 cu o toleran\u021b\u0103 la grosime de \u00b10,2 mm. Aceast\u0103 formul\u0103 din PVC pur prezint\u0103 rezisten\u021b\u0103 \u00eembun\u0103t\u0103\u021bit\u0103 la UV \u0219i stabilitate a culorii, men\u021bin\u00e2ndu-\u0219i integritatea estetic\u0103 chiar \u0219i \u00een cazul expunerii prelungite. Rezisten\u021ba la trac\u021biune a materialului dep\u0103\u0219e\u0219te 20 N\/mm\u00b2, asigur\u00e2nd o protec\u021bie fiabil\u0103 a marginilor \u0219i rezisten\u021b\u0103 la impact. Proiectat pentru prelucrare precis\u0103, aceast\u0103 band\u0103 de margine men\u021bine propriet\u0103\u021bi de aderen\u021b\u0103 consistente la temperaturi de procesare cuprinse \u00eentre 180-200\u00b0C.<\/p>\n<p>Dezvoltat special pentru produc\u021bia de mobilier de ultim\u0103 genera\u021bie \u0219i lucrarea de moara comercial\u0103, acest material pentru prelucrarea lemnului exceleaz\u0103 at\u00e2t \u00een aplica\u021biile de mobilier reziden\u021bial, c\u00e2t \u0219i pentru contract. Banda de margine SARAGOSSA se dovede\u0219te deosebit de valoroas\u0103 pentru sistemele de mobilier de birou, accesorii de v\u00e2nzare cu am\u0103nuntul \u0219i lucr\u0103rile de moara arhitectural\u0103, unde durabilitatea se \u00eent\u00e2lne\u0219te cu designul. Specifica\u021biile sale tehnice \u00eel fac ideal pentru mediile de prelucrare CNC \u0219i sistemele automate de bandare a marginilor, oferind produc\u0103torilor de mobil\u0103 o utilizare optim\u0103 a materialului cu de\u0219euri minime. Perfect pentru proiecte care necesit\u0103 potrivire precis\u0103 a culorilor \u0219i performan\u021b\u0103 pe termen lung \u00een diferite condi\u021bii de mediu.<\/p>\n<\/div>\n","protected":false},"excerpt":{"rendered":"<p>22&#215;0,6; 22&#215;1; 42&#215;2<\/p>\n","protected":false},"featured_media":21311,"comment_status":"closed","ping_status":"open","template":"","meta":{"_acf_changed":false},"product_brand":[],"product_cat":[1209],"product_tag":[],"class_list":{"0":"post-25777","1":"product","2":"type-product","3":"status-publish","4":"has-post-thumbnail","6":"product_cat-margini-mobilier","8":"first","9":"instock","10":"product-type-simple"},"acf":[],"_links":{"self":[{"href":"https:\/\/www.maag-polska.pl\/ro\/wp-json\/wp\/v2\/product\/25777","targetHints":{"allow":["GET"]}}],"collection":[{"href":"https:\/\/www.maag-polska.pl\/ro\/wp-json\/wp\/v2\/product"}],"about":[{"href":"https:\/\/www.maag-polska.pl\/ro\/wp-json\/wp\/v2\/types\/product"}],"replies":[{"embeddable":true,"href":"https:\/\/www.maag-polska.pl\/ro\/wp-json\/wp\/v2\/comments?post=25777"}],"wp:featuredmedia":[{"embeddable":true,"href":"https:\/\/www.maag-polska.pl\/ro\/wp-json\/wp\/v2\/media\/21311"}],"wp:attachment":[{"href":"https:\/\/www.maag-polska.pl\/ro\/wp-json\/wp\/v2\/media?parent=25777"}],"wp:term":[{"taxonomy":"product_brand","embeddable":true,"href":"https:\/\/www.maag-polska.pl\/ro\/wp-json\/wp\/v2\/product_brand?post=25777"},{"taxonomy":"product_cat","embeddable":true,"href":"https:\/\/www.maag-polska.pl\/ro\/wp-json\/wp\/v2\/product_cat?post=25777"},{"taxonomy":"product_tag","embeddable":true,"href":"https:\/\/www.maag-polska.pl\/ro\/wp-json\/wp\/v2\/product_tag?post=25777"}],"curies":[{"name":"wp","href":"https:\/\/api.w.org\/{rel}","templated":true}]}}