{"id":25774,"date":"2025-09-01T08:28:48","date_gmt":"2025-09-01T08:28:48","guid":{"rendered":"https:\/\/www.maag-polska.pl\/obrzeza-meblowe\/251-cranberry\/"},"modified":"2025-09-01T09:09:11","modified_gmt":"2025-09-01T09:09:11","slug":"251-cranberry","status":"publish","type":"product","link":"https:\/\/www.maag-polska.pl\/ro\/obrzeza-meblowe\/251-cranberry\/","title":{"rendered":"Margini Mobilier 251 CRANBERRY"},"content":{"rendered":"<div>\n<p>Bordurile profesionale din PVC \u00een nuan\u021ba \u017bURAWINA (U17019 VV) ofer\u0103 o stabilitate dimensional\u0103 excep\u021bional\u0103 cu o toleran\u021b\u0103 la grosime de \u00b10,2 mm. Aceast\u0103 compozi\u021bie din PVC pur asigur\u0103 o potrivire precis\u0103 a culorilor \u0219i men\u021bine integritatea structural\u0103 la temperaturi de p\u00e2n\u0103 la 80\u00b0C. Formularea rezistent\u0103 la UV previne decolorarea \u0219i decolorarea, \u00een timp ce tratamentul specializat de suprafa\u021b\u0103 atinge un rating de rezisten\u021b\u0103 la uzur\u0103 > 3N. Caracteristicile includ o rezisten\u021b\u0103 la exfoliere de >10 N\/cm \u0219i parametri optimi de procesare la 190-200\u00b0C.<\/p>\n<p>Perfect potrivit pentru aplica\u021biile de mobilier comercial cu trafic intens, unde materialele pentru prelucrarea lemnului necesit\u0103 o protec\u021bie superioar\u0103 a marginilor. Aceast\u0103 band\u0103 de margine exceleaz\u0103 \u00een accesorii de v\u00e2nzare cu am\u0103nuntul, mobilier de birou \u0219i instala\u021bii de ospitalitate. Nuan\u021ba \u017bURAWINA se adapteaz\u0103 perfect designurilor interioare moderne, \u00een special \u00een institu\u021biile de s\u0103n\u0103tate \u0219i educa\u021bie, unde durabilitatea \u00eendepline\u0219te cerin\u021bele estetice. Ideal pentru procesele automate de bandare a marginilor, cu generare minim\u0103 de de\u0219euri \u0219i rezultate consistente pe serii mari de produc\u021bie.<\/p>\n<\/div>\n","protected":false},"excerpt":{"rendered":"<p>22&#215;0,6; 22&#215;1; 35&#215;1*<\/p>\n","protected":false},"featured_media":21302,"comment_status":"closed","ping_status":"open","template":"","meta":{"_acf_changed":false},"product_brand":[],"product_cat":[1209],"product_tag":[],"class_list":{"0":"post-25774","1":"product","2":"type-product","3":"status-publish","4":"has-post-thumbnail","6":"product_cat-margini-mobilier","8":"first","9":"instock","10":"product-type-simple"},"acf":[],"_links":{"self":[{"href":"https:\/\/www.maag-polska.pl\/ro\/wp-json\/wp\/v2\/product\/25774","targetHints":{"allow":["GET"]}}],"collection":[{"href":"https:\/\/www.maag-polska.pl\/ro\/wp-json\/wp\/v2\/product"}],"about":[{"href":"https:\/\/www.maag-polska.pl\/ro\/wp-json\/wp\/v2\/types\/product"}],"replies":[{"embeddable":true,"href":"https:\/\/www.maag-polska.pl\/ro\/wp-json\/wp\/v2\/comments?post=25774"}],"wp:featuredmedia":[{"embeddable":true,"href":"https:\/\/www.maag-polska.pl\/ro\/wp-json\/wp\/v2\/media\/21302"}],"wp:attachment":[{"href":"https:\/\/www.maag-polska.pl\/ro\/wp-json\/wp\/v2\/media?parent=25774"}],"wp:term":[{"taxonomy":"product_brand","embeddable":true,"href":"https:\/\/www.maag-polska.pl\/ro\/wp-json\/wp\/v2\/product_brand?post=25774"},{"taxonomy":"product_cat","embeddable":true,"href":"https:\/\/www.maag-polska.pl\/ro\/wp-json\/wp\/v2\/product_cat?post=25774"},{"taxonomy":"product_tag","embeddable":true,"href":"https:\/\/www.maag-polska.pl\/ro\/wp-json\/wp\/v2\/product_tag?post=25774"}],"curies":[{"name":"wp","href":"https:\/\/api.w.org\/{rel}","templated":true}]}}