{"id":25768,"date":"2025-09-01T08:28:48","date_gmt":"2025-09-01T08:28:48","guid":{"rendered":"https:\/\/www.maag-polska.pl\/obrzeza-meblowe\/245-vulcano\/"},"modified":"2025-09-01T09:09:07","modified_gmt":"2025-09-01T09:09:07","slug":"245-vulcano","status":"publish","type":"product","link":"https:\/\/www.maag-polska.pl\/ro\/obrzeza-meblowe\/245-vulcano\/","title":{"rendered":"Margini Mobilier 245 VULCANO"},"content":{"rendered":"<div>\n<p>Banda de margine WULKANICZNY profund\u0103, de inspira\u021bie vulcanic\u0103, capteaz\u0103 esen\u021ba brut\u0103 a pietrei naturale cu tonurile sale distincte de gri c\u0103rbune \u0219i varia\u021biile subtile de textura. Aceast\u0103 band\u0103 de margine din PVC completeaz\u0103 perfect suprafe\u021bele Pfleiderer U12011 SD, cre\u00e2nd o tranzi\u021bie f\u0103r\u0103 sudur\u0103 care \u00eembun\u0103t\u0103\u021be\u0219te designul modern de mobilier. Finisajul mat sofisticat absoarbe \u0219i reflect\u0103 lumina \u00een mod natural, ad\u0103ug\u00e2nd profunzime \u0219i caracter fiec\u0103rei margini.<\/p>\n<p>Fabricat din PVC pur, acest material pentru prelucrarea lemnului de calitate profesional\u0103 exceleaz\u0103 at\u00e2t \u00een aplica\u021bii reziden\u021biale, c\u00e2t \u0219i \u00een cele comerciale. Formularea rezistent\u0103 la UV a benzilor de margine men\u021bine stabilitatea culorii chiar \u0219i la expunere intens\u0103, \u00een timp ce miezul s\u0103u rezistent la impact asigur\u0103 durabilitate de durat\u0103. Marginile mobilierului beneficiaz\u0103 de caracteristici de prelucrare u\u0219oar\u0103 care reduc la minimum de\u0219eurile \u00een timpul aplic\u0103rii, f\u0103c\u00e2ndu-l ideal pentru orice, de la mobilier de birou \u0219i accesorii de v\u00e2nzare cu am\u0103nuntul p\u00e2n\u0103 la dulapuri de buc\u0103t\u0103rie \u0219i elemente arhitecturale.<\/p>\n<\/div>\n","protected":false},"excerpt":{"rendered":"<p>22&#215;0,6; 22&#215;1; 22&#215;2; 32&#215;2*; 35&#215;1*; 42&#215;2<\/p>\n","protected":false},"featured_media":21284,"comment_status":"closed","ping_status":"open","template":"","meta":{"_acf_changed":false},"product_brand":[],"product_cat":[1209],"product_tag":[],"class_list":{"0":"post-25768","1":"product","2":"type-product","3":"status-publish","4":"has-post-thumbnail","6":"product_cat-margini-mobilier","8":"first","9":"instock","10":"product-type-simple"},"acf":[],"_links":{"self":[{"href":"https:\/\/www.maag-polska.pl\/ro\/wp-json\/wp\/v2\/product\/25768","targetHints":{"allow":["GET"]}}],"collection":[{"href":"https:\/\/www.maag-polska.pl\/ro\/wp-json\/wp\/v2\/product"}],"about":[{"href":"https:\/\/www.maag-polska.pl\/ro\/wp-json\/wp\/v2\/types\/product"}],"replies":[{"embeddable":true,"href":"https:\/\/www.maag-polska.pl\/ro\/wp-json\/wp\/v2\/comments?post=25768"}],"wp:featuredmedia":[{"embeddable":true,"href":"https:\/\/www.maag-polska.pl\/ro\/wp-json\/wp\/v2\/media\/21284"}],"wp:attachment":[{"href":"https:\/\/www.maag-polska.pl\/ro\/wp-json\/wp\/v2\/media?parent=25768"}],"wp:term":[{"taxonomy":"product_brand","embeddable":true,"href":"https:\/\/www.maag-polska.pl\/ro\/wp-json\/wp\/v2\/product_brand?post=25768"},{"taxonomy":"product_cat","embeddable":true,"href":"https:\/\/www.maag-polska.pl\/ro\/wp-json\/wp\/v2\/product_cat?post=25768"},{"taxonomy":"product_tag","embeddable":true,"href":"https:\/\/www.maag-polska.pl\/ro\/wp-json\/wp\/v2\/product_tag?post=25768"}],"curies":[{"name":"wp","href":"https:\/\/api.w.org\/{rel}","templated":true}]}}