{"id":25766,"date":"2025-09-01T08:28:48","date_gmt":"2025-09-01T08:28:48","guid":{"rendered":"https:\/\/www.maag-polska.pl\/obrzeza-meblowe\/240-r-cobalt-grey\/"},"modified":"2025-09-01T09:09:06","modified_gmt":"2025-09-01T09:09:06","slug":"240-r-cobalt-grey","status":"publish","type":"product","link":"https:\/\/www.maag-polska.pl\/ro\/obrzeza-meblowe\/240-r-cobalt-grey\/","title":{"rendered":"Margini Mobilier 240-R COBALT GREY"},"content":{"rendered":"<div>\n<p>Borduri profesionale din PVC \u00een gri Kobalt (240-R), fabricate cu compu\u0219i PVC pur pentru o protec\u021bie superioar\u0103 a marginilor. Dispune de o grosime calibrat\u0103 precis de 2 mm \u0219i o formul\u0103 rezistent\u0103 la UV care men\u021bine stabilitatea culorii \u00een diferite condi\u021bii de iluminare. Acest material pentru prelucrarea lemnului demonstreaz\u0103 rezisten\u021b\u0103 excelent\u0103 la impact la 15-20 N\/mm\u00b2 \u0219i stabilitate termic\u0103 p\u00e2n\u0103 la 80\u00b0C. Structura specializat\u0103 a suprafe\u021bei asigur\u0103 o aderen\u021b\u0103 optim\u0103 a lipiciului, men\u021bin\u00e2nd \u00een acela\u0219i timp un finisaj neted, uniform, cu un nivel de luciu de 4-6 unit\u0103\u021bi.<\/p>\n<p>Ideal pentru aplica\u021bii de mobilier comercial cu trafic intens, unde durabilitatea se \u00eent\u00e2lne\u0219te cu designul. Aceast\u0103 band\u0103 de margine a mobilierului exceleaz\u0103 \u00een sta\u021biile de lucru de birou, dulapuri de unit\u0103\u021bi medicale \u0219i solu\u021bii de depozitare a institu\u021biilor de \u00eenv\u0103\u021b\u0103m\u00e2nt. Nuan\u021ba Gri Kobalt creeaz\u0103 tranzi\u021bii sofisticate pe panourile \u00een tonuri de gri, potrivite \u00een special cu suprafe\u021bele Kronospan 6299 BS. Perfect pentru proiecte care necesit\u0103 de\u0219euri minime \u00een timpul proces\u0103rii, cu t\u0103ieturi curate \u0219i defini\u021bie superioar\u0103 a marginilor. Recomandat pentru prelucrarea CNC cu viteze de avans de 18-22 m\/min pentru rezultate optime.<\/p>\n<\/div>\n","protected":false},"excerpt":{"rendered":"<p>22&#215;0,6; 22&#215;0,8; 22&#215;1; 22&#215;2; 32&#215;2*; 35&#215;1*; 42&#215;0,8; 42&#215;2<\/p>\n","protected":false},"featured_media":21278,"comment_status":"closed","ping_status":"open","template":"","meta":{"_acf_changed":false},"product_brand":[],"product_cat":[1209],"product_tag":[],"class_list":{"0":"post-25766","1":"product","2":"type-product","3":"status-publish","4":"has-post-thumbnail","6":"product_cat-margini-mobilier","8":"first","9":"instock","10":"product-type-simple"},"acf":[],"_links":{"self":[{"href":"https:\/\/www.maag-polska.pl\/ro\/wp-json\/wp\/v2\/product\/25766","targetHints":{"allow":["GET"]}}],"collection":[{"href":"https:\/\/www.maag-polska.pl\/ro\/wp-json\/wp\/v2\/product"}],"about":[{"href":"https:\/\/www.maag-polska.pl\/ro\/wp-json\/wp\/v2\/types\/product"}],"replies":[{"embeddable":true,"href":"https:\/\/www.maag-polska.pl\/ro\/wp-json\/wp\/v2\/comments?post=25766"}],"wp:featuredmedia":[{"embeddable":true,"href":"https:\/\/www.maag-polska.pl\/ro\/wp-json\/wp\/v2\/media\/21278"}],"wp:attachment":[{"href":"https:\/\/www.maag-polska.pl\/ro\/wp-json\/wp\/v2\/media?parent=25766"}],"wp:term":[{"taxonomy":"product_brand","embeddable":true,"href":"https:\/\/www.maag-polska.pl\/ro\/wp-json\/wp\/v2\/product_brand?post=25766"},{"taxonomy":"product_cat","embeddable":true,"href":"https:\/\/www.maag-polska.pl\/ro\/wp-json\/wp\/v2\/product_cat?post=25766"},{"taxonomy":"product_tag","embeddable":true,"href":"https:\/\/www.maag-polska.pl\/ro\/wp-json\/wp\/v2\/product_tag?post=25766"}],"curies":[{"name":"wp","href":"https:\/\/api.w.org\/{rel}","templated":true}]}}