{"id":25765,"date":"2025-09-01T08:28:48","date_gmt":"2025-09-01T08:28:48","guid":{"rendered":"https:\/\/www.maag-polska.pl\/obrzeza-meblowe\/240-cobalt\/"},"modified":"2025-09-01T09:09:05","modified_gmt":"2025-09-01T09:09:05","slug":"240-cobalt","status":"publish","type":"product","link":"https:\/\/www.maag-polska.pl\/ro\/obrzeza-meblowe\/240-cobalt\/","title":{"rendered":"Margini Mobilier 240 COBALT"},"content":{"rendered":"<div>\n<p>Banda de margine din PVC de calitate profesional\u0103 din KOBALT 240 ofer\u0103 o rezisten\u021b\u0103 excep\u021bional\u0103 \u00eempotriva uzurii zilnice \u0219i a expunerii UV. Aceast\u0103 solu\u021bie de margine a mobilierului \u00ee\u0219i men\u021bine integritatea structural\u0103 \u0219i stabilitatea culorii chiar \u0219i \u00een cazul utiliz\u0103rii intensive. Fabricate din PVC pur, aceste materiale pentru prelucrarea lemnului ofer\u0103 o rezisten\u021b\u0103 superioar\u0103 la impact, protej\u00e2nd \u00een acela\u0219i timp marginile pl\u0103cii de umiditate \u0219i factori de mediu.<\/p>\n<p>Eficientiza\u021bi-v\u0103 produc\u021bia de mobilier cu aceast\u0103 band\u0103 de margine t\u0103iat\u0103 cu precizie care ader\u0103 f\u0103r\u0103 probleme at\u00e2t pe suprafe\u021bele curbe, c\u00e2t \u0219i pe cele drepte. Grosimea optimizat\u0103 asigur\u0103 pierderi minime \u00een timpul aplic\u0103rii, \u00een timp ce tratamentul specializat al suprafe\u021bei permite o prelucrare rapid\u0103 f\u0103r\u0103 a compromite calitatea finisajului. Perfect pentru proiecte de volum mare \u00een care eficien\u021ba \u00eendepline\u0219te standardele profesionale.<\/p>\n<\/div>\n","protected":false},"excerpt":{"rendered":"<p>22&#215;0,6; 22&#215;0,8; 22&#215;1; 22&#215;2; 32&#215;2*; 35&#215;1*; 42&#215;0,8; 42&#215;2<\/p>\n","protected":false},"featured_media":21275,"comment_status":"closed","ping_status":"open","template":"","meta":{"_acf_changed":false},"product_brand":[],"product_cat":[1209],"product_tag":[],"class_list":{"0":"post-25765","1":"product","2":"type-product","3":"status-publish","4":"has-post-thumbnail","6":"product_cat-margini-mobilier","8":"first","9":"instock","10":"product-type-simple"},"acf":[],"_links":{"self":[{"href":"https:\/\/www.maag-polska.pl\/ro\/wp-json\/wp\/v2\/product\/25765","targetHints":{"allow":["GET"]}}],"collection":[{"href":"https:\/\/www.maag-polska.pl\/ro\/wp-json\/wp\/v2\/product"}],"about":[{"href":"https:\/\/www.maag-polska.pl\/ro\/wp-json\/wp\/v2\/types\/product"}],"replies":[{"embeddable":true,"href":"https:\/\/www.maag-polska.pl\/ro\/wp-json\/wp\/v2\/comments?post=25765"}],"wp:featuredmedia":[{"embeddable":true,"href":"https:\/\/www.maag-polska.pl\/ro\/wp-json\/wp\/v2\/media\/21275"}],"wp:attachment":[{"href":"https:\/\/www.maag-polska.pl\/ro\/wp-json\/wp\/v2\/media?parent=25765"}],"wp:term":[{"taxonomy":"product_brand","embeddable":true,"href":"https:\/\/www.maag-polska.pl\/ro\/wp-json\/wp\/v2\/product_brand?post=25765"},{"taxonomy":"product_cat","embeddable":true,"href":"https:\/\/www.maag-polska.pl\/ro\/wp-json\/wp\/v2\/product_cat?post=25765"},{"taxonomy":"product_tag","embeddable":true,"href":"https:\/\/www.maag-polska.pl\/ro\/wp-json\/wp\/v2\/product_tag?post=25765"}],"curies":[{"name":"wp","href":"https:\/\/api.w.org\/{rel}","templated":true}]}}