{"id":25754,"date":"2025-09-01T08:28:28","date_gmt":"2025-09-01T08:28:28","guid":{"rendered":"https:\/\/www.maag-polska.pl\/obrzeza-meblowe\/227-red-krono\/"},"modified":"2025-09-01T09:08:55","modified_gmt":"2025-09-01T09:08:55","slug":"227-red-krono","status":"publish","type":"product","link":"https:\/\/www.maag-polska.pl\/ro\/obrzeza-meblowe\/227-red-krono\/","title":{"rendered":"Margini Mobilier 227 RED KRONO"},"content":{"rendered":"<div>\n<p>Banda de margine profesional\u0103 227 CZERWONY KRONO ofer\u0103 performan\u021be tehnice excep\u021bionale cu compozi\u021bia sa din PVC pur 100%. Acest material de prelucrare a lemnului cu grosimea de 2 mm men\u021bine stabilitatea dimensional\u0103 \u00een intervalele de temperatur\u0103 de la -10\u00b0C la +60\u00b0C. Formularea rezistent\u0103 la UV previne decolorarea culorii, asigur\u00e2nd c\u0103 nuan\u021ba ro\u0219ie vibrant\u0103 (Kronospan 0149 PE) r\u0103m\u00e2ne constant\u0103 pe toat\u0103 durata de via\u021b\u0103. Dispune de toleran\u021be de fabrica\u021bie de precizie de \u00b1 0,02 mm \u0219i rezisten\u021b\u0103 de aderen\u021b\u0103 de 5,5 N\/mm\u00b2, ceea ce \u00eel face ideal pentru procesele automate de bandare a marginilor cu de\u0219euri minime.<\/p>\n<p>Perfect potrivit pentru mediile moderne de fabricare a mobilierului \u00een care acurate\u021bea culorii \u0219i durabilitatea sunt primordiale. Aceast\u0103 band\u0103 de margine din PVC exceleaz\u0103 \u00een instala\u021biile comerciale cu trafic intens, instala\u021biile de v\u00e2nzare cu am\u0103nuntul \u0219i aplica\u021biile de mobilier de birou. Propriet\u0103\u021bile rezistente la impact \u00eel fac deosebit de valoros pentru institu\u021biile de \u00eenv\u0103\u021b\u0103m\u00e2nt \u0219i mobilierul medical. Recomandat at\u00e2t pentru aplica\u021bii \u00een linie dreapt\u0103, c\u00e2t \u0219i pentru aplica\u021bii curbe, cu o raz\u0103 minim\u0103 de 20 mm. Compatibil cu to\u021bi adezivii topibili la cald standard \u0219i cu temperaturi de procesare \u00eentre 180-200\u00b0C pentru rezultate optime de lipire.<\/p>\n<\/div>\n","protected":false},"excerpt":{"rendered":"<p>22&#215;0,6; 22&#215;0,8; 22&#215;1; 22&#215;2; 32&#215;2*; 35&#215;1*; 42&#215;0,8; 42&#215;2<\/p>\n","protected":false},"featured_media":21242,"comment_status":"closed","ping_status":"open","template":"","meta":{"_acf_changed":false},"product_brand":[],"product_cat":[1209],"product_tag":[],"class_list":{"0":"post-25754","1":"product","2":"type-product","3":"status-publish","4":"has-post-thumbnail","6":"product_cat-margini-mobilier","8":"first","9":"instock","10":"product-type-simple"},"acf":[],"_links":{"self":[{"href":"https:\/\/www.maag-polska.pl\/ro\/wp-json\/wp\/v2\/product\/25754","targetHints":{"allow":["GET"]}}],"collection":[{"href":"https:\/\/www.maag-polska.pl\/ro\/wp-json\/wp\/v2\/product"}],"about":[{"href":"https:\/\/www.maag-polska.pl\/ro\/wp-json\/wp\/v2\/types\/product"}],"replies":[{"embeddable":true,"href":"https:\/\/www.maag-polska.pl\/ro\/wp-json\/wp\/v2\/comments?post=25754"}],"wp:featuredmedia":[{"embeddable":true,"href":"https:\/\/www.maag-polska.pl\/ro\/wp-json\/wp\/v2\/media\/21242"}],"wp:attachment":[{"href":"https:\/\/www.maag-polska.pl\/ro\/wp-json\/wp\/v2\/media?parent=25754"}],"wp:term":[{"taxonomy":"product_brand","embeddable":true,"href":"https:\/\/www.maag-polska.pl\/ro\/wp-json\/wp\/v2\/product_brand?post=25754"},{"taxonomy":"product_cat","embeddable":true,"href":"https:\/\/www.maag-polska.pl\/ro\/wp-json\/wp\/v2\/product_cat?post=25754"},{"taxonomy":"product_tag","embeddable":true,"href":"https:\/\/www.maag-polska.pl\/ro\/wp-json\/wp\/v2\/product_tag?post=25754"}],"curies":[{"name":"wp","href":"https:\/\/api.w.org\/{rel}","templated":true}]}}