{"id":25751,"date":"2025-09-01T08:28:28","date_gmt":"2025-09-01T08:28:28","guid":{"rendered":"https:\/\/www.maag-polska.pl\/obrzeza-meblowe\/224-p-blue-glossy\/"},"modified":"2025-09-01T09:08:53","modified_gmt":"2025-09-01T09:08:53","slug":"224-p-blue-glossy","status":"publish","type":"product","link":"https:\/\/www.maag-polska.pl\/ro\/obrzeza-meblowe\/224-p-blue-glossy\/","title":{"rendered":"Margini Mobilier 224-P BLUE GLOSSY"},"content":{"rendered":"<div>\n<p>Bandele de margine din PVC de \u00eenalt\u0103 performan\u021b\u0103 din 224-P NIEBIESKI PO\u0141YSK prezint\u0103 polimeri avansa\u021bi stabiliza\u021bi la UV, asigur\u00e2nd o p\u0103strare excep\u021bional\u0103 a culorii \u0219i o integritate a suprafe\u021bei. Aceast\u0103 formul\u0103 din PVC pur atinge o grosime de 2,0 mm cu o stabilitate dimensional\u0103 precis\u0103, f\u0103c\u00e2ndu-l ideal pentru sistemele automate de bandare a marginilor. Testat \u00een laborator pentru peste 1000 de ore de expunere la UV f\u0103r\u0103 abateri semnificative de culoare, men\u021bin\u00e2nd \u00een acela\u0219i timp un nivel de luciu de 85 GU.<\/p>\n<p>Eficientiza\u021bi-v\u0103 inventarul de materiale pentru prelucrarea lemnului cu aceast\u0103 solu\u021bie versatil\u0103 de band\u0103 de margine care reduce timpul de procesare cu p\u00e2n\u0103 la 25%. Propriet\u0103\u021bile optimizate de aderen\u021b\u0103 minimizeaz\u0103 risipa \u00een timpul aplic\u0103rii, \u00een timp ce suprafa\u021ba rezistent\u0103 la zg\u00e2rieturi prelunge\u0219te longevitatea mobilierului. Perfect pentru instala\u021biile comerciale cu trafic intens, unde marginile mobilierului trebuie s\u0103-\u0219i men\u021bin\u0103 atractivitatea estetic\u0103, rezist\u00e2nd \u00een acela\u0219i timp la uzura zilnic\u0103.<\/p>\n<\/div>\n","protected":false},"excerpt":{"rendered":"<p>35&#215;1*<\/p>\n","protected":false},"featured_media":21233,"comment_status":"closed","ping_status":"open","template":"","meta":{"_acf_changed":false},"product_brand":[],"product_cat":[1209],"product_tag":[],"class_list":{"0":"post-25751","1":"product","2":"type-product","3":"status-publish","4":"has-post-thumbnail","6":"product_cat-margini-mobilier","8":"first","9":"instock","10":"product-type-simple"},"acf":[],"_links":{"self":[{"href":"https:\/\/www.maag-polska.pl\/ro\/wp-json\/wp\/v2\/product\/25751","targetHints":{"allow":["GET"]}}],"collection":[{"href":"https:\/\/www.maag-polska.pl\/ro\/wp-json\/wp\/v2\/product"}],"about":[{"href":"https:\/\/www.maag-polska.pl\/ro\/wp-json\/wp\/v2\/types\/product"}],"replies":[{"embeddable":true,"href":"https:\/\/www.maag-polska.pl\/ro\/wp-json\/wp\/v2\/comments?post=25751"}],"wp:featuredmedia":[{"embeddable":true,"href":"https:\/\/www.maag-polska.pl\/ro\/wp-json\/wp\/v2\/media\/21233"}],"wp:attachment":[{"href":"https:\/\/www.maag-polska.pl\/ro\/wp-json\/wp\/v2\/media?parent=25751"}],"wp:term":[{"taxonomy":"product_brand","embeddable":true,"href":"https:\/\/www.maag-polska.pl\/ro\/wp-json\/wp\/v2\/product_brand?post=25751"},{"taxonomy":"product_cat","embeddable":true,"href":"https:\/\/www.maag-polska.pl\/ro\/wp-json\/wp\/v2\/product_cat?post=25751"},{"taxonomy":"product_tag","embeddable":true,"href":"https:\/\/www.maag-polska.pl\/ro\/wp-json\/wp\/v2\/product_tag?post=25751"}],"curies":[{"name":"wp","href":"https:\/\/api.w.org\/{rel}","templated":true}]}}