{"id":25745,"date":"2025-09-01T08:28:28","date_gmt":"2025-09-01T08:28:28","guid":{"rendered":"https:\/\/www.maag-polska.pl\/obrzeza-meblowe\/217-silver\/"},"modified":"2025-09-01T09:08:49","modified_gmt":"2025-09-01T09:08:49","slug":"217-silver","status":"publish","type":"product","link":"https:\/\/www.maag-polska.pl\/ro\/obrzeza-meblowe\/217-silver\/","title":{"rendered":"Margini Mobilier 217 SILVER"},"content":{"rendered":"<div>\n<p>Borduri profesionale din PVC proiectate cu rezisten\u021b\u0103 superioar\u0103 la UV \u0219i protec\u021bie la impact. Acest material de prelucrare a lemnului \u00ee\u0219i men\u021bine finisajul argintiu (217 SREBRNY) chiar \u0219i \u00een condi\u021bii de expunere intens\u0103 la soare \u0219i de utilizare zilnic\u0103 intens\u0103. Compozi\u021bia din PVC pur asigur\u0103 o durabilitate excep\u021bional\u0103 \u00eempotriva zg\u00e2rieturilor, umidit\u0103\u021bii \u0219i varia\u021biilor de temperatur\u0103, f\u0103c\u00e2ndu-l ideal pentru mediile comerciale cu trafic intens. Stabilitatea culorii testat\u0103 \u00een laborator garanteaz\u0103 c\u0103 banda de margine \u00ee\u0219i p\u0103streaz\u0103 aspectul metalic f\u0103r\u0103 decolorare sau decolorare.<\/p>\n<p>Transform\u0103-\u021bi marginile mobilei cu aceast\u0103 band\u0103 de margine din PVC cu aplicare rapid\u0103 care reduce timpul de instalare cu p\u00e2n\u0103 la 40%. Structura optimizat\u0103 a materialului permite t\u0103ieturi curate, precise, cu pierderi minime \u00een timpul proces\u0103rii. Aderen\u021ba perfect\u0103 la temperaturi standard elimin\u0103 nevoia de echipamente speciale sau preg\u0103tire complex\u0103. Produc\u0103torii de mobil\u0103 apreciaz\u0103 calitatea sa consecvent\u0103 \u0219i aplicarea simpl\u0103, permi\u021b\u00e2nd integrarea lin\u0103 cu ma\u0219inile automate de bandare a marginilor, fiind \u00een acela\u0219i timp potrivi\u021bi pentru aplicare manual\u0103.<\/p>\n<\/div>\n","protected":false},"excerpt":{"rendered":"<p>22&#215;0,6; 22&#215;1; 22&#215;2; 28&#215;2*; 32&#215;2*; 35&#215;1*; 42&#215;2<\/p>\n","protected":false},"featured_media":21215,"comment_status":"closed","ping_status":"open","template":"","meta":{"_acf_changed":false},"product_brand":[],"product_cat":[1209],"product_tag":[],"class_list":{"0":"post-25745","1":"product","2":"type-product","3":"status-publish","4":"has-post-thumbnail","6":"product_cat-margini-mobilier","8":"first","9":"instock","10":"product-type-simple"},"acf":[],"_links":{"self":[{"href":"https:\/\/www.maag-polska.pl\/ro\/wp-json\/wp\/v2\/product\/25745","targetHints":{"allow":["GET"]}}],"collection":[{"href":"https:\/\/www.maag-polska.pl\/ro\/wp-json\/wp\/v2\/product"}],"about":[{"href":"https:\/\/www.maag-polska.pl\/ro\/wp-json\/wp\/v2\/types\/product"}],"replies":[{"embeddable":true,"href":"https:\/\/www.maag-polska.pl\/ro\/wp-json\/wp\/v2\/comments?post=25745"}],"wp:featuredmedia":[{"embeddable":true,"href":"https:\/\/www.maag-polska.pl\/ro\/wp-json\/wp\/v2\/media\/21215"}],"wp:attachment":[{"href":"https:\/\/www.maag-polska.pl\/ro\/wp-json\/wp\/v2\/media?parent=25745"}],"wp:term":[{"taxonomy":"product_brand","embeddable":true,"href":"https:\/\/www.maag-polska.pl\/ro\/wp-json\/wp\/v2\/product_brand?post=25745"},{"taxonomy":"product_cat","embeddable":true,"href":"https:\/\/www.maag-polska.pl\/ro\/wp-json\/wp\/v2\/product_cat?post=25745"},{"taxonomy":"product_tag","embeddable":true,"href":"https:\/\/www.maag-polska.pl\/ro\/wp-json\/wp\/v2\/product_tag?post=25745"}],"curies":[{"name":"wp","href":"https:\/\/api.w.org\/{rel}","templated":true}]}}