{"id":25743,"date":"2025-09-01T08:28:28","date_gmt":"2025-09-01T08:28:28","guid":{"rendered":"https:\/\/www.maag-polska.pl\/obrzeza-meblowe\/215-grey-graphite\/"},"modified":"2025-09-01T09:08:48","modified_gmt":"2025-09-01T09:08:48","slug":"215-grey-graphite","status":"publish","type":"product","link":"https:\/\/www.maag-polska.pl\/ro\/obrzeza-meblowe\/215-grey-graphite\/","title":{"rendered":"Margini Mobilier 215 GREY GRAPHITE"},"content":{"rendered":"<div>\n<p>Banda de margine din PVC de \u00eenalt\u0103 performan\u021b\u0103 din SZARY GRAFIT (215) ofer\u0103 durabilitate proiectat\u0103 cu precizie, cu o toleran\u021b\u0103 m\u0103surat\u0103 a grosimii de \u00b10,2 mm. Compozi\u021bia din PVC pur prezint\u0103 compu\u0219i avansa\u021bi de stabilizare UV, asigur\u00e2nd p\u0103strarea culorii chiar \u0219i \u00een cazul expunerii intense la lumin\u0103. Testat \u00een laborator pentru 720 de ore de rezisten\u021b\u0103 la UV, acest material pentru prelucrarea lemnului \u00ee\u0219i men\u021bine integritatea structural\u0103 cu o duritate m\u0103surat\u0103 a suprafe\u021bei de 75 Shore D. Textura special\u0103 a suprafe\u021bei atinge un nivel de luciu de 4-6 unit\u0103\u021bi, potrivindu-se perfect cu finisajele Pfleiderer U12257 MP \u0219i Woodeco PU1211.<\/p>\n<p>Eficientiza\u021bi-v\u0103 produc\u021bia de mobilier cu aceast\u0103 band\u0103 de margine SZARY GRAFIT rentabil\u0103 care reduce risipa de material cu p\u00e2n\u0103 la 30% prin parametrii de procesare optimiza\u021bi. Propriet\u0103\u021bile de aderen\u021b\u0103 calibrate cu precizie asigur\u0103 lipirea rapid\u0103 la 190-200\u00b0C, reduc\u00e2nd timpul de produc\u021bie, men\u021bin\u00e2nd \u00een acela\u0219i timp o calitate excep\u021bional\u0103 a marginilor. Perfect pentru liniile de mobil\u0103 comercial\u0103, aceast\u0103 band\u0103 de margine din PVC ofer\u0103 rezultate consistente \u00een serii mari de produc\u021bie, fiecare rol\u0103 oferind acoperire pentru aproximativ 250 de metri liniari de margini standard ale dulapului. Suprafa\u021ba sa rezistent\u0103 la zg\u00e2rieturi reduce semnificativ retu\u0219urile post-instalare, ceea ce duce la costuri mai mici de \u00eentre\u021binere pentru utilizatorii finali.<\/p>\n<\/div>\n","protected":false},"excerpt":{"rendered":"<p>22&#215;0,6; 22&#215;1; 22&#215;2; 28&#215;2*; 32&#215;2*; 35&#215;1*; 42&#215;2<\/p>\n","protected":false},"featured_media":21209,"comment_status":"closed","ping_status":"open","template":"","meta":{"_acf_changed":false},"product_brand":[],"product_cat":[1209],"product_tag":[],"class_list":{"0":"post-25743","1":"product","2":"type-product","3":"status-publish","4":"has-post-thumbnail","6":"product_cat-margini-mobilier","8":"first","9":"instock","10":"product-type-simple"},"acf":[],"_links":{"self":[{"href":"https:\/\/www.maag-polska.pl\/ro\/wp-json\/wp\/v2\/product\/25743","targetHints":{"allow":["GET"]}}],"collection":[{"href":"https:\/\/www.maag-polska.pl\/ro\/wp-json\/wp\/v2\/product"}],"about":[{"href":"https:\/\/www.maag-polska.pl\/ro\/wp-json\/wp\/v2\/types\/product"}],"replies":[{"embeddable":true,"href":"https:\/\/www.maag-polska.pl\/ro\/wp-json\/wp\/v2\/comments?post=25743"}],"wp:featuredmedia":[{"embeddable":true,"href":"https:\/\/www.maag-polska.pl\/ro\/wp-json\/wp\/v2\/media\/21209"}],"wp:attachment":[{"href":"https:\/\/www.maag-polska.pl\/ro\/wp-json\/wp\/v2\/media?parent=25743"}],"wp:term":[{"taxonomy":"product_brand","embeddable":true,"href":"https:\/\/www.maag-polska.pl\/ro\/wp-json\/wp\/v2\/product_brand?post=25743"},{"taxonomy":"product_cat","embeddable":true,"href":"https:\/\/www.maag-polska.pl\/ro\/wp-json\/wp\/v2\/product_cat?post=25743"},{"taxonomy":"product_tag","embeddable":true,"href":"https:\/\/www.maag-polska.pl\/ro\/wp-json\/wp\/v2\/product_tag?post=25743"}],"curies":[{"name":"wp","href":"https:\/\/api.w.org\/{rel}","templated":true}]}}