{"id":25740,"date":"2025-09-01T08:28:28","date_gmt":"2025-09-01T08:28:28","guid":{"rendered":"https:\/\/www.maag-polska.pl\/obrzeza-meblowe\/211-dark-grey\/"},"modified":"2025-09-01T09:08:46","modified_gmt":"2025-09-01T09:08:46","slug":"211-dark-grey","status":"publish","type":"product","link":"https:\/\/www.maag-polska.pl\/ro\/obrzeza-meblowe\/211-dark-grey\/","title":{"rendered":"Margini Mobilier 211 DARK GREY"},"content":{"rendered":"<div>\n<p>Tonurile profunde \u0219i bogate de plop \u00eentuneric definesc aceast\u0103 band\u0103 de margine din PVC premium, oferind un finisaj sofisticat care \u00eembun\u0103t\u0103\u021be\u0219te designul modern de mobilier. Pigmentarea atent calibrat\u0103 creeaz\u0103 un aspect natural asem\u0103n\u0103tor lemnului, men\u021bin\u00e2nd \u00een acela\u0219i timp consisten\u021ba perfect\u0103 a culorii pe \u00eentreaga suprafa\u021b\u0103. Textura mat\u0103 a acestei benzi de margine reproduce \u00een mod autentic c\u0103ldura plopului autentic, f\u0103c\u00e2ndu-l o alegere ideal\u0103 pentru dulapuri de lux \u0219i piese de mobilier de designer.<\/p>\n<p>Fabricat din PVC pur, acest material pentru prelucrarea lemnului de calitate profesional\u0103 exceleaz\u0103 at\u00e2t \u00een aplica\u021bii reziden\u021biale, c\u00e2t \u0219i \u00een cele comerciale. Formularea rezistent\u0103 la UV a benzilor de margine previne decolorarea \u0219i decolorarea, \u00een timp ce miezul s\u0103u rezistent la impact asigur\u0103 durabilitatea pe termen lung. Caracteristicile u\u0219oare de prelucrare permit t\u0103ieturi curate cu de\u0219euri minime, f\u0103c\u00e2ndu-l perfect pentru linii de produc\u021bie eficiente. Materialul se leag\u0103 excep\u021bional de bine cu adezivii standard \u0219i men\u021bine stabilitatea dimensional\u0103 \u00een diferite intervale de temperatur\u0103, ideal pentru marginile mobilierului \u00een orice mediu.<\/p>\n<\/div>\n","protected":false},"excerpt":{"rendered":"<p>22&#215;0,6; 22&#215;1; 22&#215;2; 28&#215;2*; 32&#215;2*; 35&#215;1*; 42&#215;2<\/p>\n","protected":false},"featured_media":21200,"comment_status":"closed","ping_status":"open","template":"","meta":{"_acf_changed":false},"product_brand":[],"product_cat":[1209],"product_tag":[],"class_list":{"0":"post-25740","1":"product","2":"type-product","3":"status-publish","4":"has-post-thumbnail","6":"product_cat-margini-mobilier","8":"first","9":"instock","10":"product-type-simple"},"acf":[],"_links":{"self":[{"href":"https:\/\/www.maag-polska.pl\/ro\/wp-json\/wp\/v2\/product\/25740","targetHints":{"allow":["GET"]}}],"collection":[{"href":"https:\/\/www.maag-polska.pl\/ro\/wp-json\/wp\/v2\/product"}],"about":[{"href":"https:\/\/www.maag-polska.pl\/ro\/wp-json\/wp\/v2\/types\/product"}],"replies":[{"embeddable":true,"href":"https:\/\/www.maag-polska.pl\/ro\/wp-json\/wp\/v2\/comments?post=25740"}],"wp:featuredmedia":[{"embeddable":true,"href":"https:\/\/www.maag-polska.pl\/ro\/wp-json\/wp\/v2\/media\/21200"}],"wp:attachment":[{"href":"https:\/\/www.maag-polska.pl\/ro\/wp-json\/wp\/v2\/media?parent=25740"}],"wp:term":[{"taxonomy":"product_brand","embeddable":true,"href":"https:\/\/www.maag-polska.pl\/ro\/wp-json\/wp\/v2\/product_brand?post=25740"},{"taxonomy":"product_cat","embeddable":true,"href":"https:\/\/www.maag-polska.pl\/ro\/wp-json\/wp\/v2\/product_cat?post=25740"},{"taxonomy":"product_tag","embeddable":true,"href":"https:\/\/www.maag-polska.pl\/ro\/wp-json\/wp\/v2\/product_tag?post=25740"}],"curies":[{"name":"wp","href":"https:\/\/api.w.org\/{rel}","templated":true}]}}